{"id":8676,"date":"2025-02-13T04:44:33","date_gmt":"2025-02-13T04:44:33","guid":{"rendered":"https:\/\/www.riceknife.com\/product\/be-a-shark-x-hornsleth\/"},"modified":"2025-11-27T23:45:25","modified_gmt":"2025-11-27T23:45:25","slug":"be-a-shark-x-hornsleth","status":"publish","type":"product","link":"https:\/\/www.riceknife.com\/de\/produkt\/be-a-shark-x-hornsleth\/","title":{"rendered":"Be a shark x Hornsleth 6\/6"},"content":{"rendered":"<div class=\"ast-oembed-container \" style=\"height: 100%;\"><iframe title=\"Riceknife x Hornsleth Collaboration\" width=\"422\" height=\"750\" src=\"https:\/\/www.youtube.com\/embed\/0OeHwrKEu2U?feature=oembed\" frameborder=\"0\" allow=\"accelerometer; autoplay; clipboard-write; encrypted-media; gyroscope; picture-in-picture; web-share\" referrerpolicy=\"strict-origin-when-cross-origin\" allowfullscreen><\/iframe><\/div>\n<details id=\"e-n-accordion-item-2600\">\n<summary tabindex=\"0\" data-accordion-index=\"1\" aria-expanded=\"false\" aria-controls=\"e-n-accordion-item-2600\">Specifikationer<\/summary>\n<h2><strong>Be a Shark x Hornsleth 6\/6<br \/>\n<\/strong><\/h2>\n<ul>\n<li>Samlet l\u00e6ngde: 292 mm<\/li>\n<li>Bladl\u00e6ngde: 172 mm<\/li>\n<li>H\u00e5ndtagsl\u00e6ngde: 120 mm<\/li>\n<li>Bladbredde: 73 mm<\/li>\n<li>Bladtykkelse: 3,5 mm<\/li>\n<li>Bladmateriale: 67 lags taktilt damaskus st\u00e5l med en kerne af <a href=\"https:\/\/www.riceknife.dk\/vg10-staal\/\" target=\"_blank\" rel=\"noopener\">VG10<\/a><\/li>\n<li>H\u00e5rdhed: 62+\/-2 HRC (<a href=\"https:\/\/www.riceknife.dk\/hvad-er-rockwell\/\" target=\"_blank\" rel=\"noopener\">Rockwell<\/a>)<\/li>\n<li>V\u00e6gt: 383 g<\/li>\n<li>H\u00e5ndtagsmateriale: Ebony + Golden Sandalwood<\/li>\n<li>M\u00e6ngde fremstillet: 1<\/li>\n<\/ul>\n<hr \/>\n<p><strong>Det taktile Damaskus-st\u00e5l er fundamentalt anderledes end det almindelige Damaskus-st\u00e5l. Taktil betyder at man tydeligvis kan m\u00e6rke m\u00f8nsteret I st\u00e5let.<\/strong><\/p>\n<p>Produktionsprocessen af det taktile Damaskus-st\u00e5l sker ved gentagne gange at folde og smede st\u00e5l med to forskellige h\u00e5rdhedstyper, L442 og L316. Fordi L442 er et h\u00e5rdere Austenit rustfrit st\u00e5l, og L316 er et bl\u00f8dere Martensit rustfrit st\u00e5l, har Damaskus-st\u00e5let, der er lavet ved at folde de to materialer sammen, b\u00e5de st\u00f8rre plasticitet og h\u00e5rdere egenskaber af rustfrit st\u00e5l.<\/p>\n<p><a href=\"https:\/\/www.riceknife.dk\/bag-om-vores-taktile-damaskus-staal-67-lag-kunstfaerdig-teknik-og-praestation\/\" target=\"_blank\" rel=\"noopener\"><strong>L\u00e6s videre:<\/strong> L\u00e6s mere om vores \u201cTaktile Damaskus St\u00e5l\u201d h\u00e9r!<\/a><\/p>\n<\/details>\n<h2><strong>Be a Shark x Hornsleth 6\/6<br \/>\n<\/strong><\/h2>\n<ul>\n<li>Samlet l\u00e6ngde: 292 mm<\/li>\n<li>Bladl\u00e6ngde: 172 mm<\/li>\n<li>H\u00e5ndtagsl\u00e6ngde: 120 mm<\/li>\n<li>Bladbredde: 73 mm<\/li>\n<li>Bladtykkelse: 3,5 mm<\/li>\n<li>Bladmateriale: 67 lags taktilt damaskus st\u00e5l med en kerne af <a href=\"https:\/\/www.riceknife.dk\/vg10-staal\/\" target=\"_blank\" rel=\"noopener\">VG10<\/a><\/li>\n<li>H\u00e5rdhed: 62+\/-2 HRC (<a href=\"https:\/\/www.riceknife.dk\/hvad-er-rockwell\/\" target=\"_blank\" rel=\"noopener\">Rockwell<\/a>)<\/li>\n<li>V\u00e6gt: 383 g<\/li>\n<li>H\u00e5ndtagsmateriale: Ebony + Golden Sandalwood<\/li>\n<li>M\u00e6ngde fremstillet: 1<\/li>\n<\/ul>\n<hr \/>\n<p><strong>Det taktile Damaskus-st\u00e5l er fundamentalt anderledes end det almindelige Damaskus-st\u00e5l. Taktil betyder at man tydeligvis kan m\u00e6rke m\u00f8nsteret I st\u00e5let.<\/strong><\/p>\n<p>Produktionsprocessen af det taktile Damaskus-st\u00e5l sker ved gentagne gange at folde og smede st\u00e5l med to forskellige h\u00e5rdhedstyper, L442 og L316. Fordi L442 er et h\u00e5rdere Austenit rustfrit st\u00e5l, og L316 er et bl\u00f8dere Martensit rustfrit st\u00e5l, har Damaskus-st\u00e5let, der er lavet ved at folde de to materialer sammen, b\u00e5de st\u00f8rre plasticitet og h\u00e5rdere egenskaber af rustfrit st\u00e5l.<\/p>\n<p><a href=\"https:\/\/www.riceknife.dk\/bag-om-vores-taktile-damaskus-staal-67-lag-kunstfaerdig-teknik-og-praestation\/\" target=\"_blank\" rel=\"noopener\"><strong>L\u00e6s videre:<\/strong> L\u00e6s mere om vores \u201cTaktile Damaskus St\u00e5l\u201d h\u00e9r!<\/a><\/p>\n<details id=\"e-n-accordion-item-1590\">\n<summary tabindex=\"0\" data-accordion-index=\"1\" aria-expanded=\"false\" aria-controls=\"e-n-accordion-item-1590\">Om historier og knive<\/summary>\n<h3>Historien om Be a Shark kniven<\/h3>\n<p>\u201cIn a world of fish, be a shark\u201d tjener som den vejledende inspiration bag navnet p\u00e5 denne exceptionelle kniv. Denne kraftfulde mantra, der opfordrer individer til at skille sig ud og omfavne deres unikke styrker, resonerer dybt med de kvaliteter, der er indlejret i designet af \u201cBe a Shark\u201d-kniven.<\/p>\n<p>Udf\u00f8rt med et ekstra tykt blad p\u00e5 3,5 mm i forhold til de almindelige standarder p\u00e5 markedet, tr\u00e6der denne kniv frem som den ultimative rovdyr\u2014hajen\u2014af alle k\u00f8kkenknive. Dens betydelige tykkelse giver en v\u00e6gt og robusthed, der g\u00f8r den fremragende egnet som en k\u00f8dhakker, hvilket sikrer, at den sk\u00e6rer gennem kulinariske udfordringer med enest\u00e5ende pr\u00e6cision og styrke.<\/p>\n<p>Ligesom en haj dominerer havet, dominerer denne kniv r\u00e6kken af k\u00f8kkenredskaber og indkapsler et symbol p\u00e5 excellence, beslutsomhed og uovertruffen ydeevne.<\/p>\n<p>I en verden, hvor konformitet er almindelig, st\u00e5r \u201cBe a Shark\u201d som en p\u00e5mindelse om, at storhed kommer til dem, der t\u00f8r v\u00e6re anderledes, der str\u00e6ber efter excellence, og som omfavner deres unikhed. Med hver sk\u00e6ring skal denne kniv v\u00e6re et vidnesbyrd om din mod og vedholdenhed. Den f\u00f8rste produktionsserie af Be a Shark I. kniven er begr\u00e6nset til kun 100 eksemplarer p\u00e5 verdensplan<\/p>\n<hr \/>\n<h3>L\u00e6s mere om kniven herunder<\/h3>\n<p>Med en samlet l\u00e6ngde p\u00e5 292 mm og et sk\u00e6rende blad p\u00e5 172 mm er Be a Shark I. 2023 \u2013 Cleaver skabt til at tackle de mest udfordrende opgaver i k\u00f8kkenet. Fremstillet af 67-lags taktilt damaskus st\u00e5l med en kerne af VG10, garanterer dette blad exceptionel styrke og holdbarhed.<\/p>\n<p>Bladets 3,5 mm tykkelse og 73 mm bredde g\u00f8r den ideel til pr\u00e6cis udsk\u00e6ring og hakning af k\u00f8d med lethed og pr\u00e6cision. Med en imponerende h\u00e5rdhed p\u00e5 HRC 62+2 (Rockwell) vil dette blad forblive skarpt og klart til enhver opgave.<\/p>\n<p>Det h\u00e5ndf\u00e6stede h\u00e5ndtag lavet af Ebony + Golden Sandalwood giver et solidt greb og tilf\u00f8jer en elegant touch til knivens udseende.<\/p>\n<p>Med en v\u00e6gt p\u00e5 383 g giver denne cleaver en f\u00f8lelse af kontrol og stabilitet under brug. Uanset om du er en professionel kok eller en entusiastisk hjemmekok, vil Riceknife Be a Shark I. 2023 \u2013 Cleaver v\u00e6re din p\u00e5lidelige partner i k\u00f8kkenet og hj\u00e6lpe med at opn\u00e5 skarpe og pr\u00e6cise udsk\u00e6ringer af k\u00f8d med lethed.<\/p>\n<p><a href=\"https:\/\/www.riceknife.dk\/opbevaring-koekkenknive\/\" target=\"_blank\" rel=\"noopener\"><strong>L\u00c6S OGS\u00c5:<\/strong> Opbevaring af k\u00f8kkenknive<\/a><\/p>\n<p><a href=\"https:\/\/www.riceknife.dk\/kan-man-putte-knive-i-opvaskemaskinen\/\" target=\"_blank\" rel=\"noopener\"><strong>L\u00c6S OGS\u00c5:<\/strong> Kan man putte knive i opvaskemaskinen?<\/a><\/p>\n<\/details>\n<h3>Historien om Be a Shark kniven<\/h3>\n<p>\u201cIn a world of fish, be a shark\u201d tjener som den vejledende inspiration bag navnet p\u00e5 denne exceptionelle kniv. Denne kraftfulde mantra, der opfordrer individer til at skille sig ud og omfavne deres unikke styrker, resonerer dybt med de kvaliteter, der er indlejret i designet af \u201cBe a Shark\u201d-kniven.<\/p>\n<p>Udf\u00f8rt med et ekstra tykt blad p\u00e5 3,5 mm i forhold til de almindelige standarder p\u00e5 markedet, tr\u00e6der denne kniv frem som den ultimative rovdyr\u2014hajen\u2014af alle k\u00f8kkenknive. Dens betydelige tykkelse giver en v\u00e6gt og robusthed, der g\u00f8r den fremragende egnet som en k\u00f8dhakker, hvilket sikrer, at den sk\u00e6rer gennem kulinariske udfordringer med enest\u00e5ende pr\u00e6cision og styrke.<\/p>\n<p>Ligesom en haj dominerer havet, dominerer denne kniv r\u00e6kken af k\u00f8kkenredskaber og indkapsler et symbol p\u00e5 excellence, beslutsomhed og uovertruffen ydeevne.<\/p>\n<p>I en verden, hvor konformitet er almindelig, st\u00e5r \u201cBe a Shark\u201d som en p\u00e5mindelse om, at storhed kommer til dem, der t\u00f8r v\u00e6re anderledes, der str\u00e6ber efter excellence, og som omfavner deres unikhed. Med hver sk\u00e6ring skal denne kniv v\u00e6re et vidnesbyrd om din mod og vedholdenhed. Den f\u00f8rste produktionsserie af Be a Shark I. kniven er begr\u00e6nset til kun 100 eksemplarer p\u00e5 verdensplan<\/p>\n<hr \/>\n<h3>L\u00e6s mere om kniven herunder<\/h3>\n<p>Med en samlet l\u00e6ngde p\u00e5 292 mm og et sk\u00e6rende blad p\u00e5 172 mm er Be a Shark I. 2023 \u2013 Cleaver skabt til at tackle de mest udfordrende opgaver i k\u00f8kkenet. Fremstillet af 67-lags taktilt damaskus st\u00e5l med en kerne af VG10, garanterer dette blad exceptionel styrke og holdbarhed.<\/p>\n<p>Bladets 3,5 mm tykkelse og 73 mm bredde g\u00f8r den ideel til pr\u00e6cis udsk\u00e6ring og hakning af k\u00f8d med lethed og pr\u00e6cision. Med en imponerende h\u00e5rdhed p\u00e5 HRC 62+2 (Rockwell) vil dette blad forblive skarpt og klart til enhver opgave.<\/p>\n<p>Det h\u00e5ndf\u00e6stede h\u00e5ndtag lavet af Ebony + Golden Sandalwood giver et solidt greb og tilf\u00f8jer en elegant touch til knivens udseende.<\/p>\n<p>Med en v\u00e6gt p\u00e5 383 g giver denne cleaver en f\u00f8lelse af kontrol og stabilitet under brug. Uanset om du er en professionel kok eller en entusiastisk hjemmekok, vil Riceknife Be a Shark I. 2023 \u2013 Cleaver v\u00e6re din p\u00e5lidelige partner i k\u00f8kkenet og hj\u00e6lpe med at opn\u00e5 skarpe og pr\u00e6cise udsk\u00e6ringer af k\u00f8d med lethed.<\/p>\n<p><a href=\"https:\/\/www.riceknife.dk\/opbevaring-koekkenknive\/\" target=\"_blank\" rel=\"noopener\"><strong>L\u00c6S OGS\u00c5:<\/strong> Opbevaring af k\u00f8kkenknive<\/a><\/p>\n<p><a href=\"https:\/\/www.riceknife.dk\/kan-man-putte-knive-i-opvaskemaskinen\/\" target=\"_blank\" rel=\"noopener\"><strong>L\u00c6S OGS\u00c5:<\/strong> Kan man putte knive i opvaskemaskinen?<\/a><\/p>\n<details id=\"e-n-accordion-item-2100\">\n<summary tabindex=\"0\" data-accordion-index=\"1\" aria-expanded=\"false\" aria-controls=\"e-n-accordion-item-2100\">Om Riceknife x Hornsleth<\/summary>\n<p data-start=\"0\" data-end=\"116\"><strong><a href=\"https:\/\/hornsleth.com\/\" target=\"_blank\" rel=\"noopener\">Kristian Von Hornsleth<\/a> er en kendt dansk kunstner, ber\u00f8mt for sin alternative kunststil og provokerende l\u00e6rredvalg.<\/strong><\/p>\n<p data-start=\"118\" data-end=\"354\">I 2024, efter indbruddet p\u00e5 Hornsleth-museet i K\u00f8benhavn V, blev Jacob Bech f\u00f8rst introduceret til Hornsleths historie og hans ud\u00f8delige ord:<br data-start=\"259\" data-end=\"262\" \/><strong data-start=\"262\" data-end=\"322\">\u201cKUNST SKAL V\u00c6RE FARLIGT, ELLERS ER DET BARE DEKORATION\u201d<\/strong><br data-start=\"322\" data-end=\"325\" \/>\u2013 <em data-start=\"327\" data-end=\"352\">Kristian Von Hornsleth<\/em><\/p>\n<p data-start=\"356\" data-end=\"500\">Disse ord br\u00e6ndte sig fast i Jacobs hoved som et r\u00f8dgl\u00f8dende stempel!<br data-start=\"425\" data-end=\"428\" \/>Der var ingen tvivl om, at det m\u00e5tte ske!<br data-start=\"469\" data-end=\"472\" \/><strong data-start=\"472\" data-end=\"498\">HAN SKAL MALE KNIVENE!<\/strong><\/p>\n<p data-start=\"502\" data-end=\"664\">Det tog seks m\u00e5neder at f\u00f8re id\u00e9en ud i livet.<br data-start=\"548\" data-end=\"551\" \/>Resultatet taler for sig selv!<br data-start=\"581\" data-end=\"584\" \/><strong data-start=\"584\" data-end=\"616\">Syv enest\u00e5ende mesterv\u00e6rker.<\/strong><br data-start=\"616\" data-end=\"619\" \/>\u00c9n af hver fra 2023-serien + \u00e9n Aogami Joker.<\/p>\n<p data-start=\"666\" data-end=\"792\">Hvis du vil k\u00f8be et ultra unikt stykke kunst \u2013 eller hvis du bare m\u00e5 eje den sejeste kniv i k\u00f8kkenet \u2013 kan du finde dem hos:<\/p>\n<ul data-start=\"793\" data-end=\"864\">\n<li data-start=\"793\" data-end=\"814\"><strong data-start=\"795\" data-end=\"812\">MENY Rotunden<\/strong><\/li>\n<li data-start=\"815\" data-end=\"836\"><strong data-start=\"817\" data-end=\"834\">MENY Dalgaard<\/strong><\/li>\n<li data-start=\"837\" data-end=\"864\"><strong data-start=\"839\" data-end=\"862\">L\u00f8gismose Toldboden<\/strong><\/li>\n<\/ul>\n<p data-start=\"866\" data-end=\"908\"><strong data-start=\"866\" data-end=\"908\">Disse knive vil ikke blive genudgivet!<\/strong><\/p>\n<p data-start=\"910\" data-end=\"1034\" data-is-last-node=\"\">Speciel tak til <strong data-start=\"926\" data-end=\"941\">Casper Berg<\/strong>, dronepilot og ven af Riceknife Danmark, som har hjulpet med at indgravere og filme knivene.<\/p>\n<\/details>\n<p data-start=\"0\" data-end=\"116\"><strong><a href=\"https:\/\/hornsleth.com\/\" target=\"_blank\" rel=\"noopener\">Kristian Von Hornsleth<\/a> er en kendt dansk kunstner, ber\u00f8mt for sin alternative kunststil og provokerende l\u00e6rredvalg.<\/strong><\/p>\n<p data-start=\"118\" data-end=\"354\">I 2024, efter indbruddet p\u00e5 Hornsleth-museet i K\u00f8benhavn V, blev Jacob Bech f\u00f8rst introduceret til Hornsleths historie og hans ud\u00f8delige ord:<br data-start=\"259\" data-end=\"262\" \/><strong data-start=\"262\" data-end=\"322\">&#8222;KUNST SKAL V\u00c6RE FARLIGT, ELLERS ER DET BARE DEKORATION&#8220;<\/strong><br data-start=\"322\" data-end=\"325\" \/>\u2013 <em data-start=\"327\" data-end=\"352\">Kristian Von Hornsleth<\/em><\/p>\n<p data-start=\"356\" data-end=\"500\">Disse ord br\u00e6ndte sig fast i Jacobs hoved som et r\u00f8dgl\u00f8dende stempel!<br data-start=\"425\" data-end=\"428\" \/>Der var ingen tvivl om, at det m\u00e5tte ske!<br data-start=\"469\" data-end=\"472\" \/><strong data-start=\"472\" data-end=\"498\">HAN SKAL MALE KNIVENE!<\/strong><\/p>\n<p data-start=\"502\" data-end=\"664\">Det tog seks m\u00e5neder at f\u00f8re id\u00e9en ud i livet.<br data-start=\"548\" data-end=\"551\" \/>Resultatet taler for sig selv!<br data-start=\"581\" data-end=\"584\" \/><strong data-start=\"584\" data-end=\"616\">Syv enest\u00e5ende mesterv\u00e6rker.<\/strong><br data-start=\"616\" data-end=\"619\" \/>\u00c9n af hver fra 2023-serien + \u00e9n Aogami Joker.<\/p>\n<p data-start=\"666\" data-end=\"792\">Hvis du vil k\u00f8be et ultra unikt stykke kunst \u2013 eller hvis du bare m\u00e5 eje den sejeste kniv i k\u00f8kkenet \u2013 kan du finde dem hos:<\/p>\n<ul data-start=\"793\" data-end=\"864\">\n<li data-start=\"793\" data-end=\"814\"><strong data-start=\"795\" data-end=\"812\">MENY Rotunden<\/strong><\/li>\n<li data-start=\"815\" data-end=\"836\"><strong data-start=\"817\" data-end=\"834\">MENY Dalgaard<\/strong><\/li>\n<li data-start=\"837\" data-end=\"864\"><strong data-start=\"839\" data-end=\"862\">L\u00f8gismose Toldboden<\/strong><\/li>\n<\/ul>\n<p data-start=\"866\" data-end=\"908\"><strong data-start=\"866\" data-end=\"908\">Disse knive vil ikke blive genudgivet!<\/strong><\/p>\n<p data-start=\"910\" data-end=\"1034\" data-is-last-node=\"\">Speciel tak til <strong data-start=\"926\" data-end=\"941\">Casper Berg<\/strong>, dronepilot og ven af Riceknife Danmark, som har hjulpet med at indgravere og filme knivene.<\/p>\n<h2>Du vil m\u00e5ske ogs\u00e5 gerne vide:<\/h2>\n","protected":false},"excerpt":{"rendered":"<h5><strong>Begr\u00e6nset samlerobjekt \u2013 kontakt os for k\u00f8b!<\/strong><\/h5>\n<p>&nbsp;<\/p>\n<h5><\/h5>\n<h5><strong>S\u00e6lges i MENY H\u00f8rsholm (<\/strong><strong>Dalgaard<\/strong><strong>)\u00a0\u00a0\u00a0\u00a0 <\/strong><strong>Limited Edition: 1 stk.<\/strong><\/h5>\n","protected":false},"featured_media":8678,"comment_status":"closed","ping_status":"open","template":"","meta":{"site-sidebar-layout":"default","site-content-layout":"","ast-site-content-layout":"default","site-content-style":"default","site-sidebar-style":"default","ast-global-header-display":"","ast-banner-title-visibility":"","ast-main-header-display":"","ast-hfb-above-header-display":"","ast-hfb-below-header-display":"","ast-hfb-mobile-header-display":"","site-post-title":"","ast-breadcrumbs-content":"","ast-featured-img":"","footer-sml-layout":"","ast-disable-related-posts":"","theme-transparent-header-meta":"","adv-header-id-meta":"","stick-header-meta":"","header-above-stick-meta":"","header-main-stick-meta":"","header-below-stick-meta":"","astra-migrate-meta-layouts":"default","ast-page-background-enabled":"default","ast-page-background-meta":{"desktop":{"background-color":"var(--ast-global-color-4)","background-image":"","background-repeat":"repeat","background-position":"center center","background-size":"auto","background-attachment":"scroll","background-type":"","background-media":"","overlay-type":"","overlay-color":"","overlay-opacity":"","overlay-gradient":""},"tablet":{"background-color":"","background-image":"","background-repeat":"repeat","background-position":"center center","background-size":"auto","background-attachment":"scroll","background-type":"","background-media":"","overlay-type":"","overlay-color":"","overlay-opacity":"","overlay-gradient":""},"mobile":{"background-color":"","background-image":"","background-repeat":"repeat","background-position":"center center","background-size":"auto","background-attachment":"scroll","background-type":"","background-media":"","overlay-type":"","overlay-color":"","overlay-opacity":"","overlay-gradient":""}},"ast-content-background-meta":{"desktop":{"background-color":"var(--ast-global-color-5)","background-image":"","background-repeat":"repeat","background-position":"center center","background-size":"auto","background-attachment":"scroll","background-type":"","background-media":"","overlay-type":"","overlay-color":"","overlay-opacity":"","overlay-gradient":""},"tablet":{"background-color":"var(--ast-global-color-5)","background-image":"","background-repeat":"repeat","background-position":"center center","background-size":"auto","background-attachment":"scroll","background-type":"","background-media":"","overlay-type":"","overlay-color":"","overlay-opacity":"","overlay-gradient":""},"mobile":{"background-color":"var(--ast-global-color-5)","background-image":"","background-repeat":"repeat","background-position":"center center","background-size":"auto","background-attachment":"scroll","background-type":"","background-media":"","overlay-type":"","overlay-color":"","overlay-opacity":"","overlay-gradient":""}}},"product_brand":[],"product_cat":[484],"product_tag":[77,75,497,498,499,500],"class_list":{"0":"post-8676","1":"product","2":"type-product","3":"status-publish","4":"has-post-thumbnail","6":"product_cat-cleaver","7":"product_tag-butcher-knife","8":"product_tag-cleaver","9":"product_tag-hakkekniv","10":"product_tag-kodkniv","11":"product_tag-kodokse","12":"product_tag-slagterkniv","13":"desktop-align-left","14":"tablet-align-left","15":"mobile-align-left","17":"first","18":"instock","19":"sale","20":"shipping-taxable","21":"product-type-external"},"_links":{"self":[{"href":"https:\/\/www.riceknife.com\/de\/wp-json\/wp\/v2\/product\/8676","targetHints":{"allow":["GET"]}}],"collection":[{"href":"https:\/\/www.riceknife.com\/de\/wp-json\/wp\/v2\/product"}],"about":[{"href":"https:\/\/www.riceknife.com\/de\/wp-json\/wp\/v2\/types\/product"}],"replies":[{"embeddable":true,"href":"https:\/\/www.riceknife.com\/de\/wp-json\/wp\/v2\/comments?post=8676"}],"version-history":[{"count":0,"href":"https:\/\/www.riceknife.com\/de\/wp-json\/wp\/v2\/product\/8676\/revisions"}],"wp:featuredmedia":[{"embeddable":true,"href":"https:\/\/www.riceknife.com\/de\/wp-json\/wp\/v2\/media\/8678"}],"wp:attachment":[{"href":"https:\/\/www.riceknife.com\/de\/wp-json\/wp\/v2\/media?parent=8676"}],"wp:term":[{"taxonomy":"product_brand","embeddable":true,"href":"https:\/\/www.riceknife.com\/de\/wp-json\/wp\/v2\/product_brand?post=8676"},{"taxonomy":"product_cat","embeddable":true,"href":"https:\/\/www.riceknife.com\/de\/wp-json\/wp\/v2\/product_cat?post=8676"},{"taxonomy":"product_tag","embeddable":true,"href":"https:\/\/www.riceknife.com\/de\/wp-json\/wp\/v2\/product_tag?post=8676"}],"curies":[{"name":"wp","href":"https:\/\/api.w.org\/{rel}","templated":true}]}}