{"id":7779,"date":"2023-11-14T11:59:28","date_gmt":"2023-11-14T11:59:28","guid":{"rendered":"https:\/\/www.riceknife.com\/evastekaytanto\/"},"modified":"2024-11-30T15:33:48","modified_gmt":"2024-11-30T15:33:48","slug":"evastekaytanto","status":"publish","type":"page","link":"https:\/\/www.riceknife.com\/fi\/evastekaytanto\/","title":{"rendered":"Ev\u00e4stek\u00e4yt\u00e4nt\u00f6"},"content":{"rendered":"\t\t<div data-elementor-type=\"wp-page\" data-elementor-id=\"7779\" class=\"elementor elementor-7779 elementor-4148\" data-elementor-post-type=\"page\">\n\t\t\t\t<div class=\"elementor-element elementor-element-2ec05ee e-flex e-con-boxed e-con e-parent\" data-id=\"2ec05ee\" data-element_type=\"container\" data-e-type=\"container\">\n\t\t\t\t\t<div class=\"e-con-inner\">\n\t\t\t\t<div class=\"elementor-element elementor-element-07f064e elementor-widget elementor-widget-text-editor\" data-id=\"07f064e\" data-element_type=\"widget\" data-e-type=\"widget\" data-widget_type=\"text-editor.default\">\n\t\t\t\t<div class=\"elementor-widget-container\">\n\t\t\t\t\t\t\t\t\t<h1>Ev\u00e4stek\u00e4yt\u00e4nt\u00f6<\/h1>\n<p><span style=\"font-weight: 400;\">T\u00e4m\u00e4 on Riceknife-sivuston ev\u00e4stek\u00e4yt\u00e4nt\u00f6, johon p\u00e4\u00e4see osoitteesta www.riceknife.com.<\/span><\/p>\n<h3><b>Mit\u00e4 ev\u00e4steet ovat<\/b><\/h3>\n<p><span style=\"font-weight: 400;\">Kuten l\u00e4hes kaikilla ammattimaisilla verkkosivustoilla on tapana, t\u00e4m\u00e4 sivusto k\u00e4ytt\u00e4\u00e4 ev\u00e4steit\u00e4, jotka ovat pieni\u00e4 tiedostoja, jotka ladataan tietokoneellesi ja joiden avulla voimme parantaa k\u00e4ytt\u00f6kokemustasi. T\u00e4ll\u00e4 sivulla kerrotaan, mit\u00e4 tietoja ev\u00e4steet ker\u00e4\u00e4v\u00e4t, miten k\u00e4yt\u00e4mme niit\u00e4 ja miksi meid\u00e4n on joskus tallennettava ev\u00e4steit\u00e4. Kerromme my\u00f6s, miten voit est\u00e4\u00e4 n\u00e4iden ev\u00e4steiden tallentamisen, mutta t\u00e4m\u00e4 saattaa kuitenkin heikent\u00e4\u00e4 tai &#8221;rikkoa&#8221; tiettyj\u00e4 sivuston toiminnallisuuden osia.  <\/span><\/p>\n<p><b>Kuinka k\u00e4yt\u00e4mme ev\u00e4steit\u00e4<\/b><\/p>\n<p><span style=\"font-weight: 400;\">K\u00e4yt\u00e4mme ev\u00e4steit\u00e4 useista eri syist\u00e4, jotka on eritelty j\u00e4ljemp\u00e4n\u00e4. Valitettavasti useimmissa tapauksissa ev\u00e4steiden poistamiseen k\u00e4yt\u00f6st\u00e4 ei ole alan standardivaihtoehtoja ilman, ett\u00e4 niiden t\u00e4lle sivustolle lis\u00e4\u00e4m\u00e4t toiminnot ja ominaisuudet poistuvat kokonaan k\u00e4yt\u00f6st\u00e4. On suositeltavaa j\u00e4tt\u00e4\u00e4 kaikki ev\u00e4steet p\u00e4\u00e4lle, jos et ole varma, tarvitsetko niit\u00e4 vai et, jos niit\u00e4 k\u00e4ytet\u00e4\u00e4n k\u00e4ytt\u00e4m\u00e4si palvelun tarjoamiseen.  <\/span><\/p>\n<p><b>Ev\u00e4steiden poistaminen k\u00e4yt\u00f6st\u00e4<\/b><\/p>\n<p><span style=\"font-weight: 400;\">Voit est\u00e4\u00e4 ev\u00e4steiden asettamisen s\u00e4\u00e4t\u00e4m\u00e4ll\u00e4 selaimesi asetuksia (katso selaimesi ohjeesta, miten t\u00e4m\u00e4 tehd\u00e4\u00e4n). Huomaa, ett\u00e4 ev\u00e4steiden poistaminen k\u00e4yt\u00f6st\u00e4 vaikuttaa t\u00e4m\u00e4n ja monien muiden k\u00e4ytt\u00e4miesi verkkosivustojen toimintaan. Ev\u00e4steiden poistaminen k\u00e4yt\u00f6st\u00e4 johtaa yleens\u00e4 my\u00f6s tiettyjen toimintojen ja ominaisuuksien poistamiseen k\u00e4yt\u00f6st\u00e4 t\u00e4ll\u00e4 sivustolla. Siksi on suositeltavaa, ett\u00e4 et poista ev\u00e4steit\u00e4 k\u00e4yt\u00f6st\u00e4.     <\/span><\/p>\n<h5><b>Asettamamme ev\u00e4steet<\/b><\/h5>\n<p><strong>Tiliin liittyv\u00e4t ev\u00e4steet<\/strong><\/p>\n<p><span style=\"font-weight: 400;\">Jos luot meille tilin, k\u00e4yt\u00e4mme ev\u00e4steit\u00e4 rekister\u00f6itymisprosessin hallintaan ja yleiseen hallinnointiin. N\u00e4m\u00e4 ev\u00e4steet poistetaan yleens\u00e4, kun kirjaudut ulos, mutta joissakin tapauksissa ne voivat j\u00e4\u00e4d\u00e4 j\u00e4lkik\u00e4teen muistamaan sivuston asetukset, kun olet kirjautunut ulos. <\/span><\/p>\n<p><strong>Kirjautumiseen liittyv\u00e4t ev\u00e4steet<\/strong><\/p>\n<p><span style=\"font-weight: 400;\">K\u00e4yt\u00e4mme ev\u00e4steit\u00e4, kun olet kirjautunut sis\u00e4\u00e4n, jotta voimme muistaa t\u00e4m\u00e4n tosiasian. N\u00e4in sinun ei tarvitse kirjautua sis\u00e4\u00e4n joka kerta, kun vierailet uudella sivulla. N\u00e4m\u00e4 ev\u00e4steet yleens\u00e4 poistetaan tai tyhjennet\u00e4\u00e4n, kun kirjaudut ulos, jotta voit k\u00e4ytt\u00e4\u00e4 rajoitettuja toimintoja ja alueita vain kirjautuneena sis\u00e4\u00e4n.  <\/span><\/p>\n<p><strong>S\u00e4hk\u00f6postitiedotteita koskevat ev\u00e4steet<\/strong><\/p>\n<p><span style=\"font-weight: 400;\">T\u00e4m\u00e4 sivusto tarjoaa uutiskirje- tai s\u00e4hk\u00f6postitilauspalveluita, ja ev\u00e4steit\u00e4 voidaan k\u00e4ytt\u00e4\u00e4 muistamaan, oletko jo rekister\u00f6itynyt, ja n\u00e4ytt\u00e4m\u00e4\u00e4n tiettyj\u00e4 ilmoituksia, jotka saattavat olla voimassa vain tilatuille tai tilaamattomille k\u00e4ytt\u00e4jille.<\/span><\/p>\n<p><strong>Tilausten k\u00e4sittelyyn liittyv\u00e4t ev\u00e4steet<\/strong><\/p>\n<p><span style=\"font-weight: 400;\">T\u00e4m\u00e4 sivusto tarjoaa s\u00e4hk\u00f6ist\u00e4 kaupank\u00e4ynti\u00e4 tai maksutapoja, ja jotkin ev\u00e4steet ovat v\u00e4ltt\u00e4m\u00e4tt\u00f6mi\u00e4 sen varmistamiseksi, ett\u00e4 tilauksesi muistetaan sivujen v\u00e4lill\u00e4, jotta voimme k\u00e4sitell\u00e4 sen asianmukaisesti.<\/span><\/p>\n<p><strong>Kyselyihin liittyv\u00e4t ev\u00e4steet<\/strong><\/p>\n<p><span style=\"font-weight: 400;\">Tarjoamme aika ajoin k\u00e4ytt\u00e4j\u00e4tutkimuksia ja kyselylomakkeita tarjotaksemme sinulle mielenkiintoisia n\u00e4kemyksi\u00e4, hy\u00f6dyllisi\u00e4 ty\u00f6kaluja tai ymm\u00e4rt\u00e4\u00e4ksemme k\u00e4ytt\u00e4j\u00e4kuntaamme tarkemmin. N\u00e4iss\u00e4 kyselyiss\u00e4 saatetaan k\u00e4ytt\u00e4\u00e4 ev\u00e4steit\u00e4, jotta voidaan muistaa, kuka on jo osallistunut kyselyyn, tai jotta saat tarkat tulokset sivujen vaihtamisen j\u00e4lkeen. <\/span><\/p>\n<p><strong>Lomakkeisiin liittyv\u00e4t ev\u00e4steet<\/strong><\/p>\n<p><span style=\"font-weight: 400;\">Kun l\u00e4het\u00e4t tietoja lomakkeella, kuten yhteydenottosivuilla tai kommenttilomakkeissa, ev\u00e4steet voidaan asettaa muistamaan k\u00e4ytt\u00e4j\u00e4tietosi tulevaa kirjeenvaihtoa varten.<\/span><\/p>\n<p><strong><span style=\"font-size: 16px;\">Sivuston asetusten ev\u00e4steet<\/span><\/strong><\/p>\n<p><span style=\"font-size: 16px; font-weight: 400;\">Jotta saisit hyv\u00e4n k\u00e4ytt\u00f6kokemuksen t\u00e4ll\u00e4 sivustolla, voimme asettaa asetukset, joiden avulla voit m\u00e4\u00e4ritt\u00e4\u00e4, miten sivusto toimii, kun k\u00e4yt\u00e4t sit\u00e4. Jotta voimme muistaa asetuksesi, meid\u00e4n on asetettava ev\u00e4steit\u00e4, jotta n\u00e4it\u00e4 tietoja voidaan kutsua aina, kun olet vuorovaikutuksessa sivun kanssa, johon asetuksesi vaikuttavat. <\/span><\/p>\n<p><b>Kolmannen osapuolen ev\u00e4steet<\/b><\/p>\n<p><span style=\"font-weight: 400;\">Joissakin erityistapauksissa k\u00e4yt\u00e4mme my\u00f6s luotettavien kolmansien osapuolten ev\u00e4steit\u00e4. Seuraavassa osiossa kerrotaan yksityiskohtaisesti, mit\u00e4 kolmansien osapuolten ev\u00e4steit\u00e4 saatat kohdata t\u00e4ll\u00e4 sivustolla. <\/span><\/p>\n<p><span style=\"font-weight: 400;\">T\u00e4m\u00e4 sivusto k\u00e4ytt\u00e4\u00e4 Google Analyticsia, joka on yksi yleisimmist\u00e4 ja luotettavimmista analytiikkaratkaisuista verkossa. Se auttaa meit\u00e4 ymm\u00e4rt\u00e4m\u00e4\u00e4n, miten k\u00e4yt\u00e4t sivustoa ja miten voimme parantaa k\u00e4ytt\u00f6kokemustasi. N\u00e4m\u00e4 ev\u00e4steet voivat seurata esimerkiksi sit\u00e4, kuinka kauan viet\u00e4t aikaa sivustolla ja mill\u00e4 sivuilla vierailet, jotta voimme jatkaa kiinnostavan sis\u00e4ll\u00f6n tuottamista. <\/span><\/p>\n<p><span style=\"font-weight: 400;\">Lis\u00e4tietoja Google Analyticsin ev\u00e4steist\u00e4 on Google Analyticsin virallisella sivulla.<\/span><\/p>\n<p><span style=\"font-weight: 400;\">Kolmannen osapuolen analytiikkaa k\u00e4ytet\u00e4\u00e4n t\u00e4m\u00e4n sivuston k\u00e4yt\u00f6n seuraamiseen ja mittaamiseen, jotta voimme jatkaa kiinnostavan sis\u00e4ll\u00f6n tuottamista. N\u00e4m\u00e4 ev\u00e4steet voivat seurata esimerkiksi sit\u00e4, kuinka kauan viet\u00e4t aikaa sivustolla tai sivuilla, joilla vierailet, mik\u00e4 auttaa meit\u00e4 ymm\u00e4rt\u00e4m\u00e4\u00e4n, miten voimme parantaa sivustoa sinulle. <\/span><\/p>\n<p><span style=\"font-weight: 400;\">Testaamme aika ajoin uusia ominaisuuksia ja teemme hienovaraisia muutoksia sivuston toimitustapaan. Kun testaamme viel\u00e4 uusia ominaisuuksia, n\u00e4it\u00e4 ev\u00e4steit\u00e4 voidaan k\u00e4ytt\u00e4\u00e4 varmistamaan, ett\u00e4 saat yhdenmukaisen k\u00e4ytt\u00f6kokemuksen sivustolla ollessasi ja ett\u00e4 ymm\u00e4rr\u00e4mme, mit\u00e4 optimointeja k\u00e4ytt\u00e4j\u00e4t arvostavat eniten. <\/span><\/p>\n<p><span style=\"font-weight: 400;\">Koska myymme tuotteita, meille on t\u00e4rke\u00e4\u00e4 saada tilastotietoja siit\u00e4, kuinka moni sivustollamme k\u00e4vij\u00f6ist\u00e4 todella tekee ostoksen, ja siksi n\u00e4m\u00e4 ev\u00e4steet seuraavat juuri t\u00e4llaisia tietoja. T\u00e4m\u00e4 on t\u00e4rke\u00e4\u00e4 sinulle, koska se tarkoittaa, ett\u00e4 voimme tehd\u00e4 tarkkoja liiketoimintaennusteita, joiden avulla voimme seurata mainos- ja tuotekustannuksiamme parhaan mahdollisen hinnan varmistamiseksi. <\/span><\/p>\n<p><span style=\"font-weight: 400;\">Google AdSense -palvelu, jota k\u00e4yt\u00e4mme mainonnan tarjoamiseen, k\u00e4ytt\u00e4\u00e4 DoubleClick-ev\u00e4steen avulla, jotta voimme tarjota relevantimpia mainoksia eri puolilla verkkoa ja rajoittaa tietyn mainoksen n\u00e4ytt\u00f6kertojen m\u00e4\u00e4r\u00e4\u00e4.<\/span><\/p>\n<p><span style=\"font-weight: 400;\">Lis\u00e4tietoja Google AdSense -palvelusta saat virallisesta Google AdSense -palvelun tietosuojaa koskevasta FAQ:sta.<\/span><\/p>\n<p><span style=\"font-weight: 400;\">K\u00e4yt\u00e4mme mainoksia kompensoidaksemme t\u00e4m\u00e4n sivuston yll\u00e4pitokustannuksia ja rahoittaaksemme sivuston jatkokehityst\u00e4. T\u00e4ll\u00e4 sivustolla k\u00e4ytett\u00e4vien k\u00e4ytt\u00e4ytymiseen perustuvien mainosev\u00e4steiden tarkoituksena on varmistaa, ett\u00e4 tarjoamme sinulle mahdollisimman relevantteja mainoksia seuraamalla anonyymisti kiinnostuksen kohteitasi ja esitt\u00e4m\u00e4ll\u00e4 samankaltaisia asioita, jotka saattavat kiinnostaa sinua. <\/span><\/p>\n<p><span style=\"font-weight: 400;\">Useat yhteisty\u00f6kumppanit mainostavat puolestamme ja affiliate-seurantaev\u00e4steet antavat meille yksinkertaisesti mahdollisuuden n\u00e4hd\u00e4, ovatko asiakkaamme tulleet sivustolle jonkin yhteisty\u00f6kumppanimme sivuston kautta, jotta voimme hyvitt\u00e4\u00e4 heit\u00e4 asianmukaisesti ja tarvittaessa antaa yhteisty\u00f6kumppaneillemme mahdollisuuden tarjota sinulle bonusta, jonka he voivat antaa sinulle ostoksen tekemiseen.<\/span><\/p>\n<p><span style=\"font-weight: 400;\">K\u00e4yt\u00e4mme t\u00e4ll\u00e4 sivustolla my\u00f6s sosiaalisen median painikkeita ja\/tai liit\u00e4nn\u00e4isi\u00e4, joiden avulla voit muodostaa yhteyden sosiaaliseen verkostoosi eri tavoin. Jotta n\u00e4m\u00e4 toimisivat, seuraavat sosiaalisen median sivustot, mukaan lukien: {Luettele sosiaaliset verkostot, joiden ominaisuudet olet integroinut sivustoosi?:12}, asettavat sivustomme kautta ev\u00e4steit\u00e4, joita voidaan k\u00e4ytt\u00e4\u00e4 profiilisi parantamiseen niiden sivustolla tai niiden hallussa olevien tietojen lis\u00e4\u00e4miseen eri tarkoituksiin, jotka on esitetty niiden omissa tietosuojak\u00e4yt\u00e4nn\u00f6iss\u00e4.<\/span><\/p>\n<p><b style=\"font-style: inherit;\">Lis\u00e4tietoja<\/b><\/p>\n<p><span style=\"font-weight: 400;\">Toivottavasti t\u00e4m\u00e4 on selvent\u00e4nyt asioita sinulle, ja kuten aiemmin mainittiin, jos et ole varma, tarvitsetko jotain, on yleens\u00e4 turvallisempaa j\u00e4tt\u00e4\u00e4 ev\u00e4steet k\u00e4ytt\u00f6\u00f6n, jos se on vuorovaikutuksessa jonkin sivustomme k\u00e4ytt\u00e4m\u00e4n ominaisuuden kanssa.<\/span><\/p>\n<p><span style=\"font-weight: 400;\">Jos haluat lis\u00e4tietoja ev\u00e4steist\u00e4, lue <\/span><a href=\"https:\/\/www.cookiepolicygenerator.com\/sample-cookies-policy\/\" target=\"_blank\" rel=\"noopener\"><span style=\"font-weight: 400;\">Ev\u00e4stek\u00e4yt\u00e4nt\u00f6-artikkeli<\/span><\/a><span style=\"font-weight: 400;\">.<\/span><\/p>\n<p><span style=\"font-weight: 400;\">Jos kuitenkin etsit viel\u00e4 lis\u00e4tietoja, voit ottaa meihin yhteytt\u00e4 jollakin ensisijaisista yhteydenottotavoistamme:<\/span><\/p>\n<p><span style=\"font-weight: 400;\"><strong>S\u00e4hk\u00f6posti:<\/strong> info@linbech.com<\/span><\/p>\n<p><strong>Viimeksi p\u00e4ivitetty:<\/strong> tammikuu 23, 2023<\/p>\n\t\t\t\t\t\t\t\t<\/div>\n\t\t\t\t<\/div>\n\t\t\t\t\t<\/div>\n\t\t\t\t<\/div>\n\t\t\t\t<\/div>\n\t\t","protected":false},"excerpt":{"rendered":"<p>Ev\u00e4stek\u00e4yt\u00e4nt\u00f6 T\u00e4m\u00e4 on Riceknife-sivuston ev\u00e4stek\u00e4yt\u00e4nt\u00f6, johon p\u00e4\u00e4see osoitteesta www.riceknife.com. Mit\u00e4 ev\u00e4steet ovat Kuten l\u00e4hes kaikilla ammattimaisilla verkkosivustoilla on tapana, t\u00e4m\u00e4 sivusto k\u00e4ytt\u00e4\u00e4 ev\u00e4steit\u00e4, jotka ovat pieni\u00e4 tiedostoja, jotka ladataan tietokoneellesi ja joiden avulla voimme parantaa k\u00e4ytt\u00f6kokemustasi. T\u00e4ll\u00e4 sivulla kerrotaan, mit\u00e4 tietoja ev\u00e4steet ker\u00e4\u00e4v\u00e4t, miten k\u00e4yt\u00e4mme niit\u00e4 ja miksi meid\u00e4n on joskus tallennettava ev\u00e4steit\u00e4. Kerromme my\u00f6s, [&hellip;]<\/p>\n","protected":false},"author":1,"featured_media":0,"parent":0,"menu_order":0,"comment_status":"closed","ping_status":"closed","template":"","meta":{"site-sidebar-layout":"no-sidebar","site-content-layout":"page-builder","ast-site-content-layout":"full-width-container","site-content-style":"unboxed","site-sidebar-style":"unboxed","ast-global-header-display":"","ast-banner-title-visibility":"","ast-main-header-display":"","ast-hfb-above-header-display":"","ast-hfb-below-header-display":"","ast-hfb-mobile-header-display":"","site-post-title":"disabled","ast-breadcrumbs-content":"","ast-featured-img":"disabled","footer-sml-layout":"","ast-disable-related-posts":"","theme-transparent-header-meta":"","adv-header-id-meta":"","stick-header-meta":"","header-above-stick-meta":"","header-main-stick-meta":"","header-below-stick-meta":"","astra-migrate-meta-layouts":"default","ast-page-background-enabled":"default","ast-page-background-meta":{"desktop":{"background-color":"var(--ast-global-color-4)","background-image":"","background-repeat":"repeat","background-position":"center center","background-size":"auto","background-attachment":"scroll","background-type":"","background-media":"","overlay-type":"","overlay-color":"","overlay-opacity":"","overlay-gradient":""},"tablet":{"background-color":"","background-image":"","background-repeat":"repeat","background-position":"center center","background-size":"auto","background-attachment":"scroll","background-type":"","background-media":"","overlay-type":"","overlay-color":"","overlay-opacity":"","overlay-gradient":""},"mobile":{"background-color":"","background-image":"","background-repeat":"repeat","background-position":"center center","background-size":"auto","background-attachment":"scroll","background-type":"","background-media":"","overlay-type":"","overlay-color":"","overlay-opacity":"","overlay-gradient":""}},"ast-content-background-meta":{"desktop":{"background-color":"var(--ast-global-color-5)","background-image":"","background-repeat":"repeat","background-position":"center center","background-size":"auto","background-attachment":"scroll","background-type":"","background-media":"","overlay-type":"","overlay-color":"","overlay-opacity":"","overlay-gradient":""},"tablet":{"background-color":"var(--ast-global-color-5)","background-image":"","background-repeat":"repeat","background-position":"center center","background-size":"auto","background-attachment":"scroll","background-type":"","background-media":"","overlay-type":"","overlay-color":"","overlay-opacity":"","overlay-gradient":""},"mobile":{"background-color":"var(--ast-global-color-5)","background-image":"","background-repeat":"repeat","background-position":"center center","background-size":"auto","background-attachment":"scroll","background-type":"","background-media":"","overlay-type":"","overlay-color":"","overlay-opacity":"","overlay-gradient":""}},"footnotes":""},"class_list":["post-7779","page","type-page","status-publish","hentry"],"_links":{"self":[{"href":"https:\/\/www.riceknife.com\/fi\/wp-json\/wp\/v2\/pages\/7779","targetHints":{"allow":["GET"]}}],"collection":[{"href":"https:\/\/www.riceknife.com\/fi\/wp-json\/wp\/v2\/pages"}],"about":[{"href":"https:\/\/www.riceknife.com\/fi\/wp-json\/wp\/v2\/types\/page"}],"author":[{"embeddable":true,"href":"https:\/\/www.riceknife.com\/fi\/wp-json\/wp\/v2\/users\/1"}],"replies":[{"embeddable":true,"href":"https:\/\/www.riceknife.com\/fi\/wp-json\/wp\/v2\/comments?post=7779"}],"version-history":[{"count":0,"href":"https:\/\/www.riceknife.com\/fi\/wp-json\/wp\/v2\/pages\/7779\/revisions"}],"wp:attachment":[{"href":"https:\/\/www.riceknife.com\/fi\/wp-json\/wp\/v2\/media?parent=7779"}],"curies":[{"name":"wp","href":"https:\/\/api.w.org\/{rel}","templated":true}]}}