{"id":7840,"date":"2023-11-14T11:38:07","date_gmt":"2023-11-14T11:38:07","guid":{"rendered":"https:\/\/www.riceknife.com\/palautus-ja-palautuskaytanto\/"},"modified":"2024-11-30T16:34:39","modified_gmt":"2024-11-30T16:34:39","slug":"palautus-ja-palautuskaytanto","status":"publish","type":"page","link":"https:\/\/www.riceknife.com\/fi\/palautus-ja-palautuskaytanto\/","title":{"rendered":"Palautus- ja palautusk\u00e4yt\u00e4nt\u00f6"},"content":{"rendered":"\t\t<div data-elementor-type=\"wp-page\" data-elementor-id=\"7840\" class=\"elementor elementor-7840 elementor-4134\" data-elementor-post-type=\"page\">\n\t\t\t\t<div class=\"elementor-element elementor-element-2ec05ee e-flex e-con-boxed e-con e-parent\" data-id=\"2ec05ee\" data-element_type=\"container\" data-e-type=\"container\">\n\t\t\t\t\t<div class=\"e-con-inner\">\n\t\t\t\t<div class=\"elementor-element elementor-element-07f064e elementor-widget elementor-widget-text-editor\" data-id=\"07f064e\" data-element_type=\"widget\" data-e-type=\"widget\" data-widget_type=\"text-editor.default\">\n\t\t\t\t<div class=\"elementor-widget-container\">\n\t\t\t\t\t\t\t\t\t<h1>Palautus- ja palautusk\u00e4yt\u00e4nt\u00f6<\/h1>\n<h3><strong>Kiitos, ett\u00e4 teet ostoksia osoitteessa Riceknife.<\/strong><\/h3>\n<p>Kiitos, ett\u00e4 teet ostoksia osoitteessa Riceknife.<\/p>\n<p>Jos et jostain syyst\u00e4 ole t\u00e4ysin tyytyv\u00e4inen ostokseen, pyyd\u00e4mme sinua tutustumaan palautuksia ja palautuksia koskeviin s\u00e4\u00e4nt\u00f6ihimme.  <\/p>\n<p>Seuraavia ehtoja sovelletaan kaikkiin tuotteisiin, jotka olet ostanut meilt\u00e4.<\/p>\n<p>Tulkinta<\/p>\n<p>Sanoilla, joiden alkukirjain on kirjoitettu isolla alkukirjaimella, on seuraavin edellytyksin m\u00e4\u00e4ritelty merkitys. Seuraavilla m\u00e4\u00e4ritelmill\u00e4 on sama merkitys riippumatta siit\u00e4, esiintyv\u00e4tk\u00f6 ne yksik\u00f6ss\u00e4 vai monikossa. <\/p>\n<p>M\u00e4\u00e4ritelm\u00e4t<\/p>\n<p>T\u00e4ss\u00e4 palautus- ja hyvitysk\u00e4yt\u00e4nn\u00f6ss\u00e4 tarkoitetaan:<\/p>\n<p>Yritys (t\u00e4ss\u00e4 sopimuksessa viitataan joko &#8221;Yritys&#8221;, &#8221;Me&#8221;, &#8221;Me&#8221; tai &#8221;Meid\u00e4n&#8221;) tarkoittaa Linbech ApS:\u00e4\u00e4, 4 Nurdugsvej, Greve, Tanska.<\/p>\n<p>Tavaroilla tarkoitetaan Palvelussa myyt\u00e4v\u00e4ksi tarjottuja tuotteita.<\/p>\n<p>Tilauksella tarkoitetaan pyynt\u00f6\u00e4si ostaa meilt\u00e4 tavaroita.<\/p>\n<p>Palvelu tarkoittaa verkkosivustoa.<\/p>\n<p>Verkkosivusto viittaa osoitteeseen Riceknife, johon p\u00e4\u00e4see osoitteesta www.riceknife.com.<\/p>\n<p>Sin\u00e4 tarkoitat palvelua k\u00e4ytt\u00e4v\u00e4\u00e4 tai k\u00e4ytt\u00e4v\u00e4\u00e4 henkil\u00f6\u00e4 tai yrityst\u00e4 tai muuta oikeushenkil\u00f6\u00e4, jonka puolesta kyseinen henkil\u00f6 k\u00e4ytt\u00e4\u00e4 tai k\u00e4ytt\u00e4\u00e4 palvelua, soveltuvin osin.<\/p>\n<p>Tilauksen peruutusoikeudet<\/p>\n<p>Sinulla on oikeus peruuttaa tilauksesi 30 p\u00e4iv\u00e4n kuluessa ilman mit\u00e4\u00e4n syyt\u00e4.<\/p>\n<p>M\u00e4\u00e4r\u00e4aika tilauksen peruuttamiselle on 30 p\u00e4iv\u00e4\u00e4 siit\u00e4 p\u00e4iv\u00e4st\u00e4, jona olet vastaanottanut tavarat tai jona nime\u00e4m\u00e4si kolmas osapuoli, joka ei ole rahdinkuljettaja, on ottanut toimitetun tuotteen haltuunsa.<\/p>\n<p>K\u00e4ytt\u00e4\u00e4ksesi peruuttamisoikeuttasi sinun on ilmoitettava meille p\u00e4\u00e4t\u00f6ksest\u00e4si selke\u00e4ll\u00e4 ilmoituksella. Voit ilmoittaa p\u00e4\u00e4t\u00f6ksest\u00e4si meille seuraavasti: <\/p>\n<p>S\u00e4hk\u00f6postitse: info@linbech.com<\/p>\n<p>Vierailemalla t\u00e4ll\u00e4 sivulla verkkosivuillamme: http:\/\/www.riceknfie.com\/contact<\/p>\n<p>Puhelinnumeron mukaan: +4520464690<\/p>\n<p>Korvaus maksetaan sinulle viimeist\u00e4\u00e4n 14 p\u00e4iv\u00e4n kuluessa siit\u00e4 p\u00e4iv\u00e4st\u00e4, jona olemme vastaanottaneet palautetut tavarat. K\u00e4yt\u00e4mme samaa maksuv\u00e4linett\u00e4, jota k\u00e4ytit tilauksen yhteydess\u00e4, eik\u00e4 sinulle aiheudu mit\u00e4\u00e4n kuluja t\u00e4llaisesta korvauksesta. <\/p>\n<p>Palautusehdot<\/p>\n<p>Jotta tavarat voidaan palauttaa, varmista, ett\u00e4:<\/p>\n<p>Tavarat on ostettu viimeisten 30 p\u00e4iv\u00e4n aikana.<\/p>\n<p>Tavarat ovat alkuper\u00e4ispakkauksessa<\/p>\n<p>Seuraavia tavaroita ei voi palauttaa:<\/p>\n<p>Tavaroiden toimittaminen sinun vaatimustesi mukaisesti tai selv\u00e4sti yksil\u00f6llisesti.<\/p>\n<p>sellaisten tavaroiden toimittaminen, jotka luonteensa vuoksi eiv\u00e4t sovellu palautettaviksi, jotka huononevat nopeasti tai joiden viimeinen k\u00e4ytt\u00f6p\u00e4iv\u00e4 on kulunut umpeen.<\/p>\n<p>sellaisten tavaroiden toimittaminen, jotka eiv\u00e4t sovellu palautettavaksi terveydensuojelu- tai hygieniasyist\u00e4 ja jotka olivat sinet\u00f6im\u00e4tt\u00f6mi\u00e4 toimituksen j\u00e4lkeen.<\/p>\n<p>Sellaisen tavaran toimittaminen, joka on toimituksen j\u00e4lkeen luonteensa vuoksi erottamattomasti sekoittunut muihin tavaroihin.<\/p>\n<p>Pid\u00e4t\u00e4mme oikeuden kielt\u00e4yty\u00e4 palauttamasta tuotteita, jotka eiv\u00e4t t\u00e4yt\u00e4 edell\u00e4 mainittuja palautusehtoja, oman harkintamme mukaan.<\/p>\n<p>Vain normaalihintaiset tavarat voidaan palauttaa. Myynniss\u00e4 olevia tavaroita ei valitettavasti voida palauttaa. T\u00e4m\u00e4 poissulkeminen ei v\u00e4ltt\u00e4m\u00e4tt\u00e4 koske Sinua, jos se ei ole sovellettavan lain mukaan sallittua.  <\/p>\n<p>Tavaroiden palauttaminen<\/p>\n<p>Sin\u00e4 vastaat tavaran palauttamisesta meille aiheutuvista kustannuksista ja riskeist\u00e4. Sinun tulee l\u00e4hett\u00e4\u00e4 tavarat seuraavaan osoitteeseen: <\/p>\n<p>Nurdugsvej 4, 2670 Greve, Tanska<\/p>\n<p>Emme ole vastuussa palautusl\u00e4hetyksen aikana vahingoittuneista tai kadonneista tavaroista. Siksi suosittelemme vakuutettua ja j\u00e4ljitett\u00e4v\u00e4\u00e4 postipalvelua. Emme voi my\u00f6nt\u00e4\u00e4 hyvityst\u00e4 ilman tavaroiden todellista vastaanottoa tai todistusta vastaanotetusta palautusl\u00e4hetyksest\u00e4.  <\/p>\n<p>Lahjat<\/p>\n<p>Jos tavara on merkitty lahjaksi ostettaessa ja l\u00e4hetetty suoraan sinulle, saat lahjahyvityksen palautuksen arvosta. Kun palautettu tuote on vastaanotettu, sinulle l\u00e4hetet\u00e4\u00e4n lahjakortti. <\/p>\n<p>Jos tavaroita ei ollut merkitty lahjaksi ostettaessa tai jos lahjan antaja l\u00e4hetti tilauksen itselleen antaakseen sen sinulle my\u00f6hemmin, l\u00e4het\u00e4mme hyvityksen lahjan antajalle.<\/p>\n<p>Ota yhteytt\u00e4<\/p>\n<p>Jos sinulla on kysytt\u00e4v\u00e4\u00e4 palautus- ja hyvitysk\u00e4yt\u00e4nn\u00f6ist\u00e4mme, ota meihin yhteytt\u00e4:<\/p>\n<p>S\u00e4hk\u00f6postitse: info@linbech.com<\/p>\n<p>Vierailemalla t\u00e4ll\u00e4 sivulla verkkosivuillamme: http:\/\/www.riceknfie.com\/contact<\/p>\n<p>Puhelinnumeron mukaan: +4520464690<\/p>\n<p>Viimeksi p\u00e4ivitetty: tammikuu 23, 2023<\/p>\t\t\t\t\t\t\t\t<\/div>\n\t\t\t\t<\/div>\n\t\t\t\t\t<\/div>\n\t\t\t\t<\/div>\n\t\t\t\t<\/div>\n\t\t","protected":false},"excerpt":{"rendered":"<p>Palautus- ja palautusk\u00e4yt\u00e4nt\u00f6 Kiitos, ett\u00e4 teet ostoksia osoitteessa Riceknife. Kiitos, ett\u00e4 teet ostoksia osoitteessa Riceknife. Jos et jostain syyst\u00e4 ole t\u00e4ysin tyytyv\u00e4inen ostokseen, pyyd\u00e4mme sinua tutustumaan palautuksia ja palautuksia koskeviin s\u00e4\u00e4nt\u00f6ihimme. Seuraavia ehtoja sovelletaan kaikkiin tuotteisiin, jotka olet ostanut meilt\u00e4. Tulkinta Sanoilla, joiden alkukirjain on kirjoitettu isolla alkukirjaimella, on seuraavin edellytyksin m\u00e4\u00e4ritelty merkitys. Seuraavilla m\u00e4\u00e4ritelmill\u00e4 [&hellip;]<\/p>\n","protected":false},"author":1,"featured_media":0,"parent":0,"menu_order":0,"comment_status":"closed","ping_status":"closed","template":"","meta":{"site-sidebar-layout":"no-sidebar","site-content-layout":"page-builder","ast-site-content-layout":"full-width-container","site-content-style":"unboxed","site-sidebar-style":"unboxed","ast-global-header-display":"","ast-banner-title-visibility":"","ast-main-header-display":"","ast-hfb-above-header-display":"","ast-hfb-below-header-display":"","ast-hfb-mobile-header-display":"","site-post-title":"disabled","ast-breadcrumbs-content":"","ast-featured-img":"disabled","footer-sml-layout":"","ast-disable-related-posts":"","theme-transparent-header-meta":"","adv-header-id-meta":"","stick-header-meta":"","header-above-stick-meta":"","header-main-stick-meta":"","header-below-stick-meta":"","astra-migrate-meta-layouts":"default","ast-page-background-enabled":"default","ast-page-background-meta":{"desktop":{"background-color":"var(--ast-global-color-4)","background-image":"","background-repeat":"repeat","background-position":"center center","background-size":"auto","background-attachment":"scroll","background-type":"","background-media":"","overlay-type":"","overlay-color":"","overlay-opacity":"","overlay-gradient":""},"tablet":{"background-color":"","background-image":"","background-repeat":"repeat","background-position":"center center","background-size":"auto","background-attachment":"scroll","background-type":"","background-media":"","overlay-type":"","overlay-color":"","overlay-opacity":"","overlay-gradient":""},"mobile":{"background-color":"","background-image":"","background-repeat":"repeat","background-position":"center center","background-size":"auto","background-attachment":"scroll","background-type":"","background-media":"","overlay-type":"","overlay-color":"","overlay-opacity":"","overlay-gradient":""}},"ast-content-background-meta":{"desktop":{"background-color":"var(--ast-global-color-5)","background-image":"","background-repeat":"repeat","background-position":"center center","background-size":"auto","background-attachment":"scroll","background-type":"","background-media":"","overlay-type":"","overlay-color":"","overlay-opacity":"","overlay-gradient":""},"tablet":{"background-color":"var(--ast-global-color-5)","background-image":"","background-repeat":"repeat","background-position":"center center","background-size":"auto","background-attachment":"scroll","background-type":"","background-media":"","overlay-type":"","overlay-color":"","overlay-opacity":"","overlay-gradient":""},"mobile":{"background-color":"var(--ast-global-color-5)","background-image":"","background-repeat":"repeat","background-position":"center center","background-size":"auto","background-attachment":"scroll","background-type":"","background-media":"","overlay-type":"","overlay-color":"","overlay-opacity":"","overlay-gradient":""}},"footnotes":""},"class_list":["post-7840","page","type-page","status-publish","hentry"],"_links":{"self":[{"href":"https:\/\/www.riceknife.com\/fi\/wp-json\/wp\/v2\/pages\/7840","targetHints":{"allow":["GET"]}}],"collection":[{"href":"https:\/\/www.riceknife.com\/fi\/wp-json\/wp\/v2\/pages"}],"about":[{"href":"https:\/\/www.riceknife.com\/fi\/wp-json\/wp\/v2\/types\/page"}],"author":[{"embeddable":true,"href":"https:\/\/www.riceknife.com\/fi\/wp-json\/wp\/v2\/users\/1"}],"replies":[{"embeddable":true,"href":"https:\/\/www.riceknife.com\/fi\/wp-json\/wp\/v2\/comments?post=7840"}],"version-history":[{"count":0,"href":"https:\/\/www.riceknife.com\/fi\/wp-json\/wp\/v2\/pages\/7840\/revisions"}],"wp:attachment":[{"href":"https:\/\/www.riceknife.com\/fi\/wp-json\/wp\/v2\/media?parent=7840"}],"curies":[{"name":"wp","href":"https:\/\/api.w.org\/{rel}","templated":true}]}}