{"id":7746,"date":"2023-11-14T11:59:28","date_gmt":"2023-11-14T11:59:28","guid":{"rendered":"https:\/\/www.riceknife.com\/vafrakokurstefna\/"},"modified":"2024-11-30T15:32:53","modified_gmt":"2024-11-30T15:32:53","slug":"vafrakokurstefna","status":"publish","type":"page","link":"https:\/\/www.riceknife.com\/is\/vafrakokurstefna\/","title":{"rendered":"Vafrak\u00f6kurstefna"},"content":{"rendered":"\t\t<div data-elementor-type=\"wp-page\" data-elementor-id=\"7746\" class=\"elementor elementor-7746 elementor-4148\" data-elementor-post-type=\"page\">\n\t\t\t\t<div class=\"elementor-element elementor-element-2ec05ee e-flex e-con-boxed e-con e-parent\" data-id=\"2ec05ee\" data-element_type=\"container\" data-e-type=\"container\">\n\t\t\t\t\t<div class=\"e-con-inner\">\n\t\t\t\t<div class=\"elementor-element elementor-element-07f064e elementor-widget elementor-widget-text-editor\" data-id=\"07f064e\" data-element_type=\"widget\" data-e-type=\"widget\" data-widget_type=\"text-editor.default\">\n\t\t\t\t<div class=\"elementor-widget-container\">\n\t\t\t\t\t\t\t\t\t<h1>Vafrak\u00f6kurstefna<\/h1>\n<p><span style=\"font-weight: 400;\">\u00deetta er f\u00f3tsporastefnan fyrir Riceknife , a\u00f0gengileg fr\u00e1 www.riceknife.com<\/span><\/p>\n<h3><b>Hva\u00f0 eru k\u00f6kur<\/b><\/h3>\n<p><span style=\"font-weight: 400;\">Eins og algengt er me\u00f0 n\u00e6stum allar faglegar vefs\u00ed\u00f0ur notar \u00feessi s\u00ed\u00f0a vafrak\u00f6kur, sem eru \u00f6rsm\u00e1ar skr\u00e1r sem er hla\u00f0i\u00f0 ni\u00f0ur \u00e1 t\u00f6lvuna \u00fe\u00edna, til a\u00f0 b\u00e6ta upplifun \u00fe\u00edna. \u00deessi s\u00ed\u00f0a l\u00fdsir hva\u00f0a uppl\u00fdsingum \u00feeir safna, hvernig vi\u00f0 notum \u00fe\u00e6r og hvers vegna vi\u00f0 \u00feurfum stundum a\u00f0 geyma \u00feessar vafrak\u00f6kur. Vi\u00f0 munum einnig deila \u00fev\u00ed hvernig \u00fe\u00fa getur komi\u00f0 \u00ed veg fyrir a\u00f0 \u00feessar vafrak\u00f6kur s\u00e9u geymdar, \u00fe\u00f3 \u00fea\u00f0 g\u00e6ti l\u00e6kka\u00f0 e\u00f0a \u201erofi\u00f0\u201c \u00e1kve\u00f0na \u00fe\u00e6tti \u00ed virkni vefsv\u00e6\u00f0isins.  <\/span><\/p>\n<p><b>Hvernig vi\u00f0 notum vafrak\u00f6kur<\/b><\/p>\n<p><span style=\"font-weight: 400;\">Vi\u00f0 notum vafrak\u00f6kur af \u00fdmsum \u00e1st\u00e6\u00f0um sem l\u00fdst er h\u00e9r a\u00f0 ne\u00f0an. \u00dev\u00ed mi\u00f0ur eru \u00ed flestum tilfellum engir sta\u00f0all valkostir \u00ed i\u00f0na\u00f0i til a\u00f0 sl\u00f6kkva \u00e1 vafrak\u00f6kum \u00e1n \u00feess a\u00f0 sl\u00f6kkva algj\u00f6rlega \u00e1 virkni og eiginleikum sem \u00feeir b\u00e6ta vi\u00f0 \u00feessa s\u00ed\u00f0u. M\u00e6lt er me\u00f0 \u00fev\u00ed a\u00f0 \u00fe\u00fa skiljir eftir allar vafrak\u00f6kur ef \u00fe\u00fa ert ekki viss um hvort \u00fe\u00fa \u00feurfir \u00fe\u00e6r e\u00f0a ekki ef \u00fe\u00e6r eru nota\u00f0ar til a\u00f0 veita \u00fej\u00f3nustu sem \u00fe\u00fa notar.  <\/span><\/p>\n<p><b>Sl\u00f6kkva \u00e1 vafrak\u00f6kum<\/b><\/p>\n<p><span style=\"font-weight: 400;\">\u00de\u00fa getur komi\u00f0 \u00ed veg fyrir stillingar \u00e1 vafrak\u00f6kum me\u00f0 \u00fev\u00ed a\u00f0 breyta stillingum vafrans \u00fe\u00edns (sj\u00e1 hj\u00e1lp vafrans til a\u00f0 sj\u00e1 hvernig \u00e1 a\u00f0 gera \u00feetta). Vertu me\u00f0vitu\u00f0 um a\u00f0 sl\u00f6kkt \u00e1 vafrak\u00f6kum mun hafa \u00e1hrif \u00e1 virkni \u00feessarar og margra annarra vefs\u00ed\u00f0na sem \u00fe\u00fa heims\u00e6kir. Sl\u00f6kkt er \u00e1 vafrak\u00f6kum mun venjulega einnig lei\u00f0a til \u00feess a\u00f0 tiltekin virkni og eiginleikar \u00feessarar s\u00ed\u00f0u eru \u00f3virkir. \u00deess vegna er m\u00e6lt me\u00f0 \u00fev\u00ed a\u00f0 \u00fe\u00fa sl\u00f6kktir ekki \u00e1 vafrak\u00f6kum.     <\/span><\/p>\n<h5><b>K\u00f6kurnar sem vi\u00f0 setjum<\/b><\/h5>\n<p><strong>Reikningstengdar vafrak\u00f6kur<\/strong><\/p>\n<p><span style=\"font-weight: 400;\">Ef \u00fe\u00fa b\u00fdr\u00f0 til reikning hj\u00e1 okkur munum vi\u00f0 nota vafrak\u00f6kur til a\u00f0 stj\u00f3rna skr\u00e1ningarferlinu og almennri ums\u00fdslu. \u00deessum vafrak\u00f6kum ver\u00f0ur venjulega eytt \u00feegar \u00fe\u00fa skr\u00e1ir \u00feig \u00fat, en \u00ed sumum tilfellum geta \u00fe\u00e6r veri\u00f0 eftir til a\u00f0 muna s\u00ed\u00f0ustillingar \u00fe\u00ednar \u00feegar \u00fe\u00fa ert skr\u00e1\u00f0ur \u00fat. <\/span><\/p>\n<p><strong>Innskr\u00e1ningartengdar vafrak\u00f6kur<\/strong><\/p>\n<p><span style=\"font-weight: 400;\">Vi\u00f0 notum vafrak\u00f6kur \u00feegar \u00fe\u00fa ert skr\u00e1\u00f0ur inn svo vi\u00f0 getum muna\u00f0 \u00feessa sta\u00f0reynd. \u00deetta kemur \u00ed veg fyrir a\u00f0 \u00fe\u00fa \u00feurfir a\u00f0 skr\u00e1 \u00feig inn \u00ed hvert einasta skipti sem \u00fe\u00fa heims\u00e6kir n\u00fdja s\u00ed\u00f0u. \u00deessar vafrak\u00f6kur eru venjulega fjarl\u00e6g\u00f0ar e\u00f0a hreinsa\u00f0ar \u00feegar \u00fe\u00fa skr\u00e1ir \u00feig \u00fat til a\u00f0 tryggja a\u00f0 \u00fe\u00fa hafir a\u00f0eins a\u00f0gang a\u00f0 takm\u00f6rku\u00f0um eiginleikum og sv\u00e6\u00f0um \u00feegar \u00fe\u00fa ert skr\u00e1\u00f0ur inn.  <\/span><\/p>\n<p><strong>Fr\u00e9ttabr\u00e9f tengdar vafrak\u00f6kur me\u00f0 t\u00f6lvup\u00f3sti<\/strong><\/p>\n<p><span style=\"font-weight: 400;\">\u00deessi s\u00ed\u00f0a b\u00fd\u00f0ur upp \u00e1 fr\u00e9ttabr\u00e9fa- e\u00f0a t\u00f6lvup\u00f3st\u00e1skriftar\u00fej\u00f3nustu og vafrak\u00f6kur g\u00e6tu veri\u00f0 nota\u00f0ar til a\u00f0 muna hvort \u00fe\u00fa ert \u00feegar skr\u00e1\u00f0ur og hvort \u00fe\u00fa eigir a\u00f0 s\u00fdna \u00e1kve\u00f0nar tilkynningar sem g\u00e6tu a\u00f0eins gilt fyrir notendur sem eru \u00e1skrifendur\/afskr\u00e1\u00f0ir.<\/span><\/p>\n<p><strong>Pantanir sem vinna tengdar vafrak\u00f6kur<\/strong><\/p>\n<p><span style=\"font-weight: 400;\">\u00deessi s\u00ed\u00f0a b\u00fd\u00f0ur upp \u00e1 rafr\u00e6n vi\u00f0skipti e\u00f0a grei\u00f0slua\u00f0st\u00f6\u00f0u og sumar vafrak\u00f6kur eru nau\u00f0synlegar til a\u00f0 tryggja a\u00f0 p\u00f6ntunin \u00fe\u00edn s\u00e9 munu\u00f0 \u00e1 milli s\u00ed\u00f0na svo vi\u00f0 getum afgreitt hana \u00e1 r\u00e9ttan h\u00e1tt.<\/span><\/p>\n<p><strong>Vafrak\u00f6kur tengdar k\u00f6nnunum<\/strong><\/p>\n<p><span style=\"font-weight: 400;\">Af og til bj\u00f3\u00f0um vi\u00f0 upp \u00e1 notendakannanir og spurningalista til a\u00f0 veita \u00fe\u00e9r \u00e1hugaver\u00f0a inns\u00fdn, gagnleg verkf\u00e6ri e\u00f0a til a\u00f0 skilja notendagrunn okkar n\u00e1kv\u00e6mari. \u00deessar kannanir kunna a\u00f0 nota vafrak\u00f6kur til a\u00f0 muna hver hefur \u00feegar teki\u00f0 \u00fe\u00e1tt \u00ed k\u00f6nnun e\u00f0a til a\u00f0 veita \u00fe\u00e9r n\u00e1kv\u00e6mar ni\u00f0urst\u00f6\u00f0ur eftir a\u00f0 \u00fe\u00fa skiptir um s\u00ed\u00f0u. <\/span><\/p>\n<p><strong>Ey\u00f0ubl\u00f6\u00f0 tengdar vafrak\u00f6kur<\/strong><\/p>\n<p><span style=\"font-weight: 400;\">\u00deegar \u00fe\u00fa sendir inn g\u00f6gn \u00ed gegnum ey\u00f0ubla\u00f0 eins og \u00feau sem finnast \u00e1 tengili\u00f0as\u00ed\u00f0um e\u00f0a athugasemdarey\u00f0ubl\u00f6\u00f0um g\u00e6tu vafrak\u00f6kur veri\u00f0 stilltar til a\u00f0 muna notendauppl\u00fdsingar \u00fe\u00ednar fyrir br\u00e9faskipti \u00ed framt\u00ed\u00f0inni.<\/span><\/p>\n<p><strong><span style=\"font-size: 16px;\">Vefk\u00f6kur<\/span><\/strong><\/p>\n<p><span style=\"font-size: 16px; font-weight: 400;\">Til a\u00f0 veita \u00fe\u00e9r fr\u00e1b\u00e6ra upplifun \u00e1 \u00feessari s\u00ed\u00f0u bj\u00f3\u00f0um vi\u00f0 upp \u00e1 virkni til a\u00f0 stilla \u00f3skir \u00fe\u00ednar fyrir hvernig \u00feessi s\u00ed\u00f0a keyrir \u00feegar \u00fe\u00fa notar hana. Til \u00feess a\u00f0 muna kj\u00f6rstillingarnar \u00fe\u00ednar \u00feurfum vi\u00f0 a\u00f0 stilla vafrak\u00f6kur \u00feannig a\u00f0 h\u00e6gt s\u00e9 a\u00f0 hringja \u00ed \u00feessar uppl\u00fdsingar \u00feegar \u00fe\u00fa hefur samskipti vi\u00f0 s\u00ed\u00f0u sem hefur \u00e1hrif \u00e1 \u00f3skir \u00fe\u00ednar. <\/span><\/p>\n<p><b>\u00deri\u00f0ja a\u00f0ila vafrak\u00f6kur<\/b><\/p>\n<p><span style=\"font-weight: 400;\">\u00cd sumum s\u00e9rst\u00f6kum tilvikum notum vi\u00f0 einnig vafrak\u00f6kur fr\u00e1 traustum \u00feri\u00f0ju a\u00f0ilum. Eftirfarandi hluti l\u00fdsir \u00fev\u00ed hva\u00f0a vefk\u00f6kur \u00feri\u00f0ja a\u00f0ila \u00fe\u00fa g\u00e6tir rekist \u00e1 \u00ed gegnum \u00feessa s\u00ed\u00f0u. <\/span><\/p>\n<p><span style=\"font-weight: 400;\">\u00deessi s\u00ed\u00f0a notar Google Analytics sem er ein \u00fatbreiddasta og traustasta greiningarlausnin \u00e1 vefnum til a\u00f0 hj\u00e1lpa okkur a\u00f0 skilja hvernig \u00fe\u00fa notar s\u00ed\u00f0una og hvernig vi\u00f0 getum b\u00e6tt upplifun \u00fe\u00edna. \u00deessar vafrak\u00f6kur g\u00e6tu fylgst me\u00f0 hlutum eins og hversu lengi \u00fe\u00fa ey\u00f0ir \u00e1 s\u00ed\u00f0unni og s\u00ed\u00f0urnar sem \u00fe\u00fa heims\u00e6kir svo vi\u00f0 getum haldi\u00f0 \u00e1fram a\u00f0 framlei\u00f0a gr\u00edpandi efni. <\/span><\/p>\n<p><span style=\"font-weight: 400;\">Fyrir frekari uppl\u00fdsingar um vefk\u00f6kur Google Analytics, sj\u00e1 opinberu Google Analytics s\u00ed\u00f0una.<\/span><\/p>\n<p><span style=\"font-weight: 400;\">Greining \u00feri\u00f0ja a\u00f0ila er notu\u00f0 til a\u00f0 fylgjast me\u00f0 og m\u00e6la notkun \u00e1 \u00feessari s\u00ed\u00f0u svo a\u00f0 vi\u00f0 getum haldi\u00f0 \u00e1fram a\u00f0 framlei\u00f0a gr\u00edpandi efni. \u00deessar vafrak\u00f6kur g\u00e6tu fylgst me\u00f0 hlutum eins og hversu lengi \u00fe\u00fa ey\u00f0ir \u00e1 s\u00ed\u00f0unni e\u00f0a s\u00ed\u00f0um sem \u00fe\u00fa heims\u00e6kir sem hj\u00e1lpar okkur a\u00f0 skilja hvernig vi\u00f0 getum b\u00e6tt s\u00ed\u00f0una fyrir \u00feig. <\/span><\/p>\n<p><span style=\"font-weight: 400;\">Af og til pr\u00f3fum vi\u00f0 n\u00fdja eiginleika og gerum f\u00ednger\u00f0ar breytingar \u00e1 \u00fev\u00ed hvernig vefsv\u00e6\u00f0i\u00f0 er afhent. \u00deegar vi\u00f0 erum enn a\u00f0 pr\u00f3fa n\u00fdja eiginleika g\u00e6tu \u00feessar vafrak\u00f6kur veri\u00f0 nota\u00f0ar til a\u00f0 tryggja a\u00f0 \u00fe\u00fa f\u00e1ir samr\u00e6mda upplifun \u00e1 s\u00ed\u00f0unni \u00e1 sama t\u00edma og vi\u00f0 tryggjum a\u00f0 vi\u00f0 skiljum hva\u00f0a hagr\u00e6\u00f0ingu notendur okkar kunna a\u00f0 meta mest. <\/span><\/p>\n<p><span style=\"font-weight: 400;\">\u00dear sem vi\u00f0 seljum v\u00f6rur er mikilv\u00e6gt fyrir okkur a\u00f0 skilja t\u00f6lfr\u00e6\u00f0i um hversu margir gestir \u00e1 s\u00ed\u00f0una okkar gera raunverulega kaup og sem sl\u00edk eru \u00feetta g\u00f6gnin sem \u00feessar vafrak\u00f6kur munu rekja. \u00deetta er mikilv\u00e6gt fyrir \u00feig \u00fear sem \u00fea\u00f0 \u00fe\u00fd\u00f0ir a\u00f0 vi\u00f0 getum gert vi\u00f0skiptasp\u00e1r n\u00e1kv\u00e6mlega sem gerir okkur kleift a\u00f0 fylgjast me\u00f0 augl\u00fdsinga- og v\u00f6rukostna\u00f0i okkar til a\u00f0 tryggja besta m\u00f6gulega ver\u00f0i\u00f0. <\/span><\/p>\n<p><span style=\"font-weight: 400;\">Google AdSense \u00fej\u00f3nustan sem vi\u00f0 notum til a\u00f0 birta augl\u00fdsingar notar DoubleClick f\u00f3tspor til a\u00f0 birta vi\u00f0eigandi augl\u00fdsingar \u00e1 vefnum og takmarka fj\u00f6lda skipta sem tiltekin augl\u00fdsing er s\u00fdnd \u00fe\u00e9r.<\/span><\/p>\n<p><span style=\"font-weight: 400;\">Frekari uppl\u00fdsingar um Google AdSense er a\u00f0 finna \u00ed opinberum spurningum um pers\u00f3nuvernd hj\u00e1 Google AdSense.<\/span><\/p>\n<p><span style=\"font-weight: 400;\">Vi\u00f0 notum augl\u00fdsingar til a\u00f0 vega upp \u00e1 m\u00f3ti kostna\u00f0i vi\u00f0 a\u00f0 reka \u00feessa s\u00ed\u00f0u og veita fj\u00e1rmagn til frekari \u00fer\u00f3unar. Atferlisaugl\u00fdsingak\u00f6kur sem notu\u00f0 eru af \u00feessari s\u00ed\u00f0u eru hanna\u00f0ar til a\u00f0 tryggja a\u00f0 vi\u00f0 veitum \u00fe\u00e9r vi\u00f0eigandi augl\u00fdsingar \u00fear sem h\u00e6gt er me\u00f0 \u00fev\u00ed a\u00f0 rekja nafnlaust \u00e1hugam\u00e1l \u00fe\u00edn og kynna svipa\u00f0a hluti sem g\u00e6tu haft \u00e1huga. <\/span><\/p>\n<p><span style=\"font-weight: 400;\">Nokkrir samstarfsa\u00f0ilar augl\u00fdsa fyrir okkar h\u00f6nd og vefk\u00f6kur tengdra rakningar leyfa okkur einfaldlega a\u00f0 sj\u00e1 hvort vi\u00f0skiptavinir okkar hafi komi\u00f0 \u00e1 s\u00ed\u00f0una \u00ed gegnum eina af samstarfss\u00ed\u00f0um okkar svo a\u00f0 vi\u00f0 getum l\u00e1na\u00f0 \u00feeim \u00e1 vi\u00f0eigandi h\u00e1tt og \u00fear sem vi\u00f0 \u00e1 leyft tengdum samstarfsa\u00f0ilum okkar a\u00f0 veita b\u00f3nus sem \u00feeir kunna a\u00f0 veita \u00fe\u00e9r til a\u00f0 kaupa.<\/span><\/p>\n<p><span style=\"font-weight: 400;\">Vi\u00f0 notum einnig samf\u00e9lagsmi\u00f0lahnappa og\/e\u00f0a vi\u00f0b\u00e6tur \u00e1 \u00feessari s\u00ed\u00f0u sem gera \u00fe\u00e9r kleift a\u00f0 tengjast samf\u00e9lagsnetinu \u00fe\u00ednu \u00e1 \u00fdmsan h\u00e1tt. Til a\u00f0 \u00feetta virki eftirfarandi samf\u00e9lagsmi\u00f0las\u00ed\u00f0ur \u00fear \u00e1 me\u00f0al; {List the social networks whose features you has same with your site?:12}, munu setja vafrak\u00f6kur \u00ed gegnum s\u00ed\u00f0una okkar sem g\u00e6tu veri\u00f0 nota\u00f0ar til a\u00f0 b\u00e6ta pr\u00f3f\u00edlinn \u00feinn \u00e1 s\u00ed\u00f0unni \u00feeirra e\u00f0a stu\u00f0la a\u00f0 g\u00f6gnunum sem \u00feau geyma \u00ed \u00fdmsum tilgangi sem l\u00fdst er \u00ed pers\u00f3nuvernd \u00feeirra. stefnur.<\/span><\/p>\n<p><b style=\"font-style: inherit;\">Frekari uppl\u00fdsingar<\/b><\/p>\n<p><span style=\"font-weight: 400;\">Vonandi hefur \u00fea\u00f0 sk\u00fdrt hlutina fyrir \u00feig og eins og \u00e1\u00f0ur hefur veri\u00f0 nefnt ef \u00fea\u00f0 er eitthva\u00f0 sem \u00fe\u00fa ert ekki viss um hvort \u00fe\u00fa \u00feurfir e\u00f0a ekki er venjulega \u00f6ruggara a\u00f0 skilja vafrak\u00f6kur eftir virkar ef \u00fe\u00e6r hafa samskipti vi\u00f0 einn af \u00feeim eiginleikum sem \u00fe\u00fa notar \u00e1 s\u00ed\u00f0unni okkar.<\/span><\/p>\n<p><span style=\"font-weight: 400;\">Fyrir frekari almennar uppl\u00fdsingar um vafrak\u00f6kur, vinsamlegast lestu<\/span> <a href=\"https:\/\/www.cookiepolicygenerator.com\/sample-cookies-policy\/\" target=\"_blank\" rel=\"noopener\"><span style=\"font-weight: 400;\">greinina um stefnu um vafrak\u00f6kur<\/span><\/a> <span style=\"font-weight: 400;\">.<\/span><\/p>\n<p><span style=\"font-weight: 400;\">Hins vegar ef \u00fe\u00fa ert enn a\u00f0 leita a\u00f0 frekari uppl\u00fdsingum \u00fe\u00e1 getur\u00f0u haft samband vi\u00f0 okkur \u00ed gegnum eina af v\u00f6ldum samskiptaa\u00f0fer\u00f0um okkar:<\/span><\/p>\n<p><span style=\"font-weight: 400;\"><strong>Netfang:<\/strong> info@linbech.com<\/span><\/p>\n<p><strong>S\u00ed\u00f0ast uppf\u00e6rt:<\/strong> 23. jan\u00faar 2023<\/p>\n\t\t\t\t\t\t\t\t<\/div>\n\t\t\t\t<\/div>\n\t\t\t\t\t<\/div>\n\t\t\t\t<\/div>\n\t\t\t\t<\/div>\n\t\t","protected":false},"excerpt":{"rendered":"<p>Vafrak\u00f6kurstefna \u00deetta er f\u00f3tsporastefnan fyrir Riceknife , a\u00f0gengileg fr\u00e1 www.riceknife.com Hva\u00f0 eru k\u00f6kur Eins og algengt er me\u00f0 n\u00e6stum allar faglegar vefs\u00ed\u00f0ur notar \u00feessi s\u00ed\u00f0a vafrak\u00f6kur, sem eru \u00f6rsm\u00e1ar skr\u00e1r sem er hla\u00f0i\u00f0 ni\u00f0ur \u00e1 t\u00f6lvuna \u00fe\u00edna, til a\u00f0 b\u00e6ta upplifun \u00fe\u00edna. \u00deessi s\u00ed\u00f0a l\u00fdsir hva\u00f0a uppl\u00fdsingum \u00feeir safna, hvernig vi\u00f0 notum \u00fe\u00e6r og hvers [&hellip;]<\/p>\n","protected":false},"author":1,"featured_media":0,"parent":0,"menu_order":0,"comment_status":"closed","ping_status":"closed","template":"","meta":{"site-sidebar-layout":"no-sidebar","site-content-layout":"page-builder","ast-site-content-layout":"full-width-container","site-content-style":"unboxed","site-sidebar-style":"unboxed","ast-global-header-display":"","ast-banner-title-visibility":"","ast-main-header-display":"","ast-hfb-above-header-display":"","ast-hfb-below-header-display":"","ast-hfb-mobile-header-display":"","site-post-title":"disabled","ast-breadcrumbs-content":"","ast-featured-img":"disabled","footer-sml-layout":"","ast-disable-related-posts":"","theme-transparent-header-meta":"","adv-header-id-meta":"","stick-header-meta":"","header-above-stick-meta":"","header-main-stick-meta":"","header-below-stick-meta":"","astra-migrate-meta-layouts":"default","ast-page-background-enabled":"default","ast-page-background-meta":{"desktop":{"background-color":"var(--ast-global-color-4)","background-image":"","background-repeat":"repeat","background-position":"center center","background-size":"auto","background-attachment":"scroll","background-type":"","background-media":"","overlay-type":"","overlay-color":"","overlay-opacity":"","overlay-gradient":""},"tablet":{"background-color":"","background-image":"","background-repeat":"repeat","background-position":"center center","background-size":"auto","background-attachment":"scroll","background-type":"","background-media":"","overlay-type":"","overlay-color":"","overlay-opacity":"","overlay-gradient":""},"mobile":{"background-color":"","background-image":"","background-repeat":"repeat","background-position":"center center","background-size":"auto","background-attachment":"scroll","background-type":"","background-media":"","overlay-type":"","overlay-color":"","overlay-opacity":"","overlay-gradient":""}},"ast-content-background-meta":{"desktop":{"background-color":"var(--ast-global-color-5)","background-image":"","background-repeat":"repeat","background-position":"center center","background-size":"auto","background-attachment":"scroll","background-type":"","background-media":"","overlay-type":"","overlay-color":"","overlay-opacity":"","overlay-gradient":""},"tablet":{"background-color":"var(--ast-global-color-5)","background-image":"","background-repeat":"repeat","background-position":"center center","background-size":"auto","background-attachment":"scroll","background-type":"","background-media":"","overlay-type":"","overlay-color":"","overlay-opacity":"","overlay-gradient":""},"mobile":{"background-color":"var(--ast-global-color-5)","background-image":"","background-repeat":"repeat","background-position":"center center","background-size":"auto","background-attachment":"scroll","background-type":"","background-media":"","overlay-type":"","overlay-color":"","overlay-opacity":"","overlay-gradient":""}},"footnotes":""},"class_list":["post-7746","page","type-page","status-publish","hentry"],"_links":{"self":[{"href":"https:\/\/www.riceknife.com\/is\/wp-json\/wp\/v2\/pages\/7746","targetHints":{"allow":["GET"]}}],"collection":[{"href":"https:\/\/www.riceknife.com\/is\/wp-json\/wp\/v2\/pages"}],"about":[{"href":"https:\/\/www.riceknife.com\/is\/wp-json\/wp\/v2\/types\/page"}],"author":[{"embeddable":true,"href":"https:\/\/www.riceknife.com\/is\/wp-json\/wp\/v2\/users\/1"}],"replies":[{"embeddable":true,"href":"https:\/\/www.riceknife.com\/is\/wp-json\/wp\/v2\/comments?post=7746"}],"version-history":[{"count":0,"href":"https:\/\/www.riceknife.com\/is\/wp-json\/wp\/v2\/pages\/7746\/revisions"}],"wp:attachment":[{"href":"https:\/\/www.riceknife.com\/is\/wp-json\/wp\/v2\/media?parent=7746"}],"curies":[{"name":"wp","href":"https:\/\/api.w.org\/{rel}","templated":true}]}}