{"id":7858,"date":"2023-01-19T18:17:41","date_gmt":"2023-01-19T18:17:41","guid":{"rendered":"https:\/\/www.riceknife.com\/blogg\/"},"modified":"2024-11-30T16:37:28","modified_gmt":"2024-11-30T16:37:28","slug":"blogg","status":"publish","type":"page","link":"https:\/\/www.riceknife.com\/is\/blogg\/","title":{"rendered":"Blogg"},"content":{"rendered":"\t\t<div data-elementor-type=\"wp-page\" data-elementor-id=\"7858\" class=\"elementor elementor-7858 elementor-1556\" data-elementor-post-type=\"page\">\n\t\t\t\t<div class=\"elementor-element elementor-element-903bbfa e-con-full e-flex e-con e-parent\" data-id=\"903bbfa\" data-element_type=\"container\" data-e-type=\"container\">\n\t\t\t\t<div class=\"elementor-element elementor-element-6fd302d6 elementor-widget elementor-widget-heading\" data-id=\"6fd302d6\" data-element_type=\"widget\" data-e-type=\"widget\" data-widget_type=\"heading.default\">\n\t\t\t\t<div class=\"elementor-widget-container\">\n\t\t\t\t\t<h1 class=\"elementor-heading-title elementor-size-default\">inns\u00fdn<\/h1>\t\t\t\t<\/div>\n\t\t\t\t<\/div>\n\t\t\t\t<div class=\"elementor-element elementor-element-ebe9256 elementor-widget elementor-widget-text-editor\" data-id=\"ebe9256\" data-element_type=\"widget\" data-e-type=\"widget\" data-widget_type=\"text-editor.default\">\n\t\t\t\t<div class=\"elementor-widget-container\">\n\t\t\t\t\t\t\t\t\t<p>Uppg\u00f6tva\u00f0u lei\u00f0beiningar s\u00e9rfr\u00e6\u00f0inga og \u00edtarlegar greinar fr\u00e1 Riceknife teyminu, undir forystu stofnanda okkar Jacob Bech, \u00e1str\u00ed\u00f0ufulls hn\u00edfa\u00e1hugamanns. Me\u00f0 dj\u00fapri \u00e1st fyrir \u00farvals eldh\u00fasverkf\u00e6rum deila Jacob og teymi hans einstakri inns\u00fdn inn \u00ed heim hn\u00edfanna og vinna me\u00f0 einst\u00f6k efni eins og Damaskus st\u00e1l, Aogami st\u00e1l, ZDP189, HAP40 og fleira. Vertu me\u00f0 okkur \u00feegar vi\u00f0 kannum list, virkni og handverk \u00e1 bak vi\u00f0 hvert bla\u00f0 og l\u00e6rum af teymi sem er sta\u00f0r\u00e1\u00f0i\u00f0 \u00ed a\u00f0 mi\u00f0la \u00feekkingu sinni.  <\/p>\n\t\t\t\t\t\t\t\t<\/div>\n\t\t\t\t<\/div>\n\t\t\t\t<\/div>\n\t\t<div class=\"elementor-element elementor-element-6cd39b43 e-con-full e-flex e-con e-parent\" data-id=\"6cd39b43\" data-element_type=\"container\" data-e-type=\"container\">\n\t\t\t\t<div class=\"elementor-element elementor-element-50b06e36 elementor-grid-tablet-1 elementor-grid-3 elementor-grid-mobile-1 elementor-posts--thumbnail-top load-more-align-center elementor-widget elementor-widget-posts\" data-id=\"50b06e36\" data-element_type=\"widget\" data-e-type=\"widget\" data-settings=\"{&quot;classic_row_gap_mobile&quot;:{&quot;unit&quot;:&quot;px&quot;,&quot;size&quot;:52,&quot;sizes&quot;:[]},&quot;pagination_type&quot;:&quot;load_more_on_click&quot;,&quot;classic_columns_tablet&quot;:&quot;1&quot;,&quot;classic_columns&quot;:&quot;3&quot;,&quot;classic_columns_mobile&quot;:&quot;1&quot;,&quot;classic_row_gap&quot;:{&quot;unit&quot;:&quot;px&quot;,&quot;size&quot;:35,&quot;sizes&quot;:[]},&quot;classic_row_gap_tablet&quot;:{&quot;unit&quot;:&quot;px&quot;,&quot;size&quot;:&quot;&quot;,&quot;sizes&quot;:[]},&quot;load_more_spinner&quot;:{&quot;value&quot;:&quot;fas fa-spinner&quot;,&quot;library&quot;:&quot;fa-solid&quot;}}\" data-widget_type=\"posts.classic\">\n\t\t\t\t<div class=\"elementor-widget-container\">\n\t\t\t\t\t\t\t<div class=\"elementor-posts-container elementor-posts elementor-posts--skin-classic elementor-grid\" role=\"list\">\n\t\t\t\t<article class=\"elementor-post elementor-grid-item post-7768 post type-post status-publish format-standard hentry category-uncategorized-is\" role=\"listitem\">\n\t\t\t\t<div class=\"elementor-post__text\">\n\t\t\t\t<h3 class=\"elementor-post__title\">\n\t\t\t<a href=\"https:\/\/www.riceknife.com\/is\/\">\n\t\t\t\tElementor #7525\t\t\t<\/a>\n\t\t<\/h3>\n\t\t\t\t<div class=\"elementor-post__meta-data\">\n\t\t\t\t\t<span class=\"elementor-post-date\">\n\t\t\t30. n\u00f3vember, 2024\t\t<\/span>\n\t\t\t\t<\/div>\n\t\t\t\t<div class=\"elementor-post__excerpt\">\n\t\t\t\t\t<\/div>\n\t\t\n\t\t<a class=\"elementor-post__read-more\" href=\"https:\/\/www.riceknife.com\/is\/\" aria-label=\"Read more about Elementor #7525\" tabindex=\"-1\">\n\t\t\tLestu meira &gt;\t\t<\/a>\n\n\t\t\t\t<\/div>\n\t\t\t\t<\/article>\n\t\t\t\t<article class=\"elementor-post elementor-grid-item post-7771 post type-post status-publish format-standard hentry category-leidsogumadur tag-damaskus-hnif-endurskodun tag-damaskus-hnif-kostir-og-gallar tag-damaskus-hnifar tag-damaskus-mynstur tag-damaskus-stalhnifur tag-eldhusahold tag-eru-damaskus-hnifar-godir tag-hnifar-ur-kolefnisstali tag-kokkahnifar tag-riceknife-is tag-safnhnifar tag-skerpa-hnifsins tag-styrkleiki-bladsins tag-umhirda-hnifa tag-vidhald-hnifa-i-damaskus\" role=\"listitem\">\n\t\t\t\t<div class=\"elementor-post__text\">\n\t\t\t\t<h3 class=\"elementor-post__title\">\n\t\t\t<a href=\"https:\/\/www.riceknife.com\/is\/eru-damaskus-hnifar-godir\/\">\n\t\t\t\tEru Damaskus hn\u00edfar g\u00f3\u00f0ir?\t\t\t<\/a>\n\t\t<\/h3>\n\t\t\t\t<div class=\"elementor-post__meta-data\">\n\t\t\t\t\t<span class=\"elementor-post-date\">\n\t\t\t29. okt\u00f3ber, 2024\t\t<\/span>\n\t\t\t\t<\/div>\n\t\t\t\t<div class=\"elementor-post__excerpt\">\n\t\t\t<p>Damaskus hn\u00edfar eru d\u00e1\u00f0ir fyrir einstakt, bylgja\u00f0 mynstur og gl\u00e6silega skur\u00f0arh\u00e6fileika. En umfram fagurfr\u00e6\u00f0i, eru \u00feeir virkilega \u00feess vir\u00f0i a\u00f0 fj\u00e1rfesta? H\u00e9r er \u00fea\u00f0 sem<\/p>\n\t\t<\/div>\n\t\t\n\t\t<a class=\"elementor-post__read-more\" href=\"https:\/\/www.riceknife.com\/is\/eru-damaskus-hnifar-godir\/\" aria-label=\"Read more about Eru Damaskus hn\u00edfar g\u00f3\u00f0ir?\" tabindex=\"-1\">\n\t\t\tLestu meira &gt;\t\t<\/a>\n\n\t\t\t\t<\/div>\n\t\t\t\t<\/article>\n\t\t\t\t<article class=\"elementor-post elementor-grid-item post-7774 post type-post status-publish format-standard hentry category-leidsogumadur tag-bestu-eldhushnifarnir tag-bryning-hnifa tag-damaskus-stalblad tag-damaskus-stalhnifar tag-eldhushnifar tag-endingargodir-eldhushnifar tag-faglegir-kokkahnifar tag-hagaeda-eldhusahold tag-matreidsluhnifar tag-umhirda-hnifa\" role=\"listitem\">\n\t\t\t\t<div class=\"elementor-post__text\">\n\t\t\t\t<h3 class=\"elementor-post__title\">\n\t\t\t<a href=\"https:\/\/www.riceknife.com\/is\/heildar-leidbeiningar-um-ad-kaupa-og-sja-um-damaskus-stal-eldhushnifa\/\">\n\t\t\t\tHeildar lei\u00f0beiningar um a\u00f0 kaupa og sj\u00e1 um Damaskus st\u00e1l eldh\u00fashn\u00edfa\t\t\t<\/a>\n\t\t<\/h3>\n\t\t\t\t<div class=\"elementor-post__meta-data\">\n\t\t\t\t\t<span class=\"elementor-post-date\">\n\t\t\t22. okt\u00f3ber, 2024\t\t<\/span>\n\t\t\t\t<\/div>\n\t\t\t\t<div class=\"elementor-post__excerpt\">\n\t\t\t<p>Hva\u00f0a Damaskus hn\u00edf \u00e6tti \u00e9g a\u00f0 kaupa til daglegrar notkunar? Ef \u00fe\u00fa ert a\u00f0 leita a\u00f0 alhli\u00f0a eldh\u00fashn\u00edf m\u00e6lum vi\u00f0 me\u00f0 Damaskus matrei\u00f0sluhn\u00edf. Hann er<\/p>\n\t\t<\/div>\n\t\t\n\t\t<a class=\"elementor-post__read-more\" href=\"https:\/\/www.riceknife.com\/is\/heildar-leidbeiningar-um-ad-kaupa-og-sja-um-damaskus-stal-eldhushnifa\/\" aria-label=\"Read more about Heildar lei\u00f0beiningar um a\u00f0 kaupa og sj\u00e1 um Damaskus st\u00e1l eldh\u00fashn\u00edfa\" tabindex=\"-1\">\n\t\t\tLestu meira &gt;\t\t<\/a>\n\n\t\t\t\t<\/div>\n\t\t\t\t<\/article>\n\t\t\t\t<article class=\"elementor-post elementor-grid-item post-7767 post type-post status-publish format-standard hentry category-uncategorized-is\" role=\"listitem\">\n\t\t\t\t<div class=\"elementor-post__text\">\n\t\t\t\t<h3 class=\"elementor-post__title\">\n\t\t\t<a href=\"https:\/\/www.riceknife.com\/is\/fullkominn-leidarvisir-fyrir-aogami-stalhnifa-ad-skilja-mismunandi-gerdir\/\">\n\t\t\t\tFullkominn lei\u00f0arv\u00edsir fyrir Aogami st\u00e1lhn\u00edfa: A\u00f0 skilja mismunandi ger\u00f0ir\t\t\t<\/a>\n\t\t<\/h3>\n\t\t\t\t<div class=\"elementor-post__meta-data\">\n\t\t\t\t\t<span class=\"elementor-post-date\">\n\t\t\t5. september, 2024\t\t<\/span>\n\t\t\t\t<\/div>\n\t\t\t\t<div class=\"elementor-post__excerpt\">\n\t\t\t<p>Fullkominn lei\u00f0arv\u00edsir fyrir Aogami st\u00e1lhn\u00edfa: A\u00f0 skilja ger\u00f0irnar \u00ferj\u00e1r Aogami st\u00e1lhn\u00edfar, einnig \u00feekktir sem \u201ebl\u00e1ir papp\u00edrsst\u00e1lhn\u00edfar,\u201c eru afar ver\u00f0launa\u00f0ir \u00ed matrei\u00f0sluheiminum fyrir fram\u00farskarandi skerpu, kanthald<\/p>\n\t\t<\/div>\n\t\t\n\t\t<a class=\"elementor-post__read-more\" href=\"https:\/\/www.riceknife.com\/is\/fullkominn-leidarvisir-fyrir-aogami-stalhnifa-ad-skilja-mismunandi-gerdir\/\" aria-label=\"Read more about Fullkominn lei\u00f0arv\u00edsir fyrir Aogami st\u00e1lhn\u00edfa: A\u00f0 skilja mismunandi ger\u00f0ir\" tabindex=\"-1\">\n\t\t\tLestu meira &gt;\t\t<\/a>\n\n\t\t\t\t<\/div>\n\t\t\t\t<\/article>\n\t\t\t\t<article class=\"elementor-post elementor-grid-item post-7758 post type-post status-publish format-standard has-post-thumbnail hentry category-hnifamyndbond category-uncategorized-is tag-hnifastuttbuxur tag-yolo-is\" role=\"listitem\">\n\t\t\t\t<a class=\"elementor-post__thumbnail__link\" href=\"https:\/\/www.riceknife.com\/is\/riceknife-denmark-yolo-ii-einn-besti-einstaki-og-luxus-hnifurinn-i-damaskus-kiritsuke-med-takmarkadri-utgafu-med-trehandfangi-fyrir-safnara-og-matreidslumenn\/\" tabindex=\"-1\">\n\t\t\t<div class=\"elementor-post__thumbnail\"><img fetchpriority=\"high\" decoding=\"async\" width=\"768\" height=\"768\" src=\"https:\/\/www.riceknife.com\/wp-content\/uploads\/2024\/01\/1200x1200-YOLO-II-on-black-background-768x768.png\" class=\"attachment-medium_large size-medium_large wp-image-6727\" alt=\"Riceknife Danm\u00f6rk Yolo II. 2023 - \u00c1\u00fereifanleg Damaskus Steel Chef Knife Limited Edition\" srcset=\"https:\/\/www.riceknife.com\/wp-content\/uploads\/2024\/01\/1200x1200-YOLO-II-on-black-background-768x768.png 768w, https:\/\/www.riceknife.com\/wp-content\/uploads\/2024\/01\/1200x1200-YOLO-II-on-black-background-300x300.png 300w, https:\/\/www.riceknife.com\/wp-content\/uploads\/2024\/01\/1200x1200-YOLO-II-on-black-background-1000x1000.png 1000w, https:\/\/www.riceknife.com\/wp-content\/uploads\/2024\/01\/1200x1200-YOLO-II-on-black-background-150x150.png 150w, https:\/\/www.riceknife.com\/wp-content\/uploads\/2024\/01\/1200x1200-YOLO-II-on-black-background-60x60.png 60w, https:\/\/www.riceknife.com\/wp-content\/uploads\/2024\/01\/1200x1200-YOLO-II-on-black-background-110x110.png 110w, https:\/\/www.riceknife.com\/wp-content\/uploads\/2024\/01\/1200x1200-YOLO-II-on-black-background-100x100.png 100w, https:\/\/www.riceknife.com\/wp-content\/uploads\/2024\/01\/1200x1200-YOLO-II-on-black-background-64x64.png 64w, https:\/\/www.riceknife.com\/wp-content\/uploads\/2024\/01\/1200x1200-YOLO-II-on-black-background.png 1200w\" sizes=\"(max-width: 768px) 100vw, 768px\" \/><\/div>\n\t\t<\/a>\n\t\t\t\t<div class=\"elementor-post__text\">\n\t\t\t\t<h3 class=\"elementor-post__title\">\n\t\t\t<a href=\"https:\/\/www.riceknife.com\/is\/riceknife-denmark-yolo-ii-einn-besti-einstaki-og-luxus-hnifurinn-i-damaskus-kiritsuke-med-takmarkadri-utgafu-med-trehandfangi-fyrir-safnara-og-matreidslumenn\/\">\n\t\t\t\tRiceKnife Denmark YOLO II &#8211; Einn besti einstaki og l\u00faxus hn\u00edfurinn \u00ed Damaskus Kiritsuke me\u00f0 takmarka\u00f0ri \u00fatg\u00e1fu me\u00f0 tr\u00e9handfangi fyrir safnara og matrei\u00f0slumenn\t\t\t<\/a>\n\t\t<\/h3>\n\t\t\t\t<div class=\"elementor-post__meta-data\">\n\t\t\t\t\t<span class=\"elementor-post-date\">\n\t\t\t1. september, 2024\t\t<\/span>\n\t\t\t\t<\/div>\n\t\t\t\t<div class=\"elementor-post__excerpt\">\n\t\t\t<p>Vi\u00f0 kynnum RiceKnife Denmark YOLO II: Meistaraverk \u00ed takm\u00f6rku\u00f0u upplagi RiceKnife Denmark YOLO II 2023 takm\u00f6rku\u00f0 \u00fatg\u00e1fa eldh\u00fashn\u00edfurinn er meira en bara skur\u00f0arverkf\u00e6ri &#8211; hann<\/p>\n\t\t<\/div>\n\t\t\n\t\t<a class=\"elementor-post__read-more\" href=\"https:\/\/www.riceknife.com\/is\/riceknife-denmark-yolo-ii-einn-besti-einstaki-og-luxus-hnifurinn-i-damaskus-kiritsuke-med-takmarkadri-utgafu-med-trehandfangi-fyrir-safnara-og-matreidslumenn\/\" aria-label=\"Read more about RiceKnife Denmark YOLO II &#8211; Einn besti einstaki og l\u00faxus hn\u00edfurinn \u00ed Damaskus Kiritsuke me\u00f0 takmarka\u00f0ri \u00fatg\u00e1fu me\u00f0 tr\u00e9handfangi fyrir safnara og matrei\u00f0slumenn\" tabindex=\"-1\">\n\t\t\tLestu meira &gt;\t\t<\/a>\n\n\t\t\t\t<\/div>\n\t\t\t\t<\/article>\n\t\t\t\t<article class=\"elementor-post elementor-grid-item post-7850 post type-post status-publish format-standard has-post-thumbnail hentry category-leidsogumadur\" role=\"listitem\">\n\t\t\t\t<a class=\"elementor-post__thumbnail__link\" href=\"https:\/\/www.riceknife.com\/is\/damaskus-knife-guide-allt-sem-thu-tharft-ad-vita\/\" tabindex=\"-1\">\n\t\t\t<div class=\"elementor-post__thumbnail\"><img decoding=\"async\" width=\"768\" height=\"768\" src=\"https:\/\/www.riceknife.com\/wp-content\/uploads\/2023\/01\/Damascus-Knife-Guide-All-You-Need-to-Know-768x768.png\" class=\"attachment-medium_large size-medium_large wp-image-4962\" alt=\"\" srcset=\"https:\/\/www.riceknife.com\/wp-content\/uploads\/2023\/01\/Damascus-Knife-Guide-All-You-Need-to-Know-768x768.png 768w, https:\/\/www.riceknife.com\/wp-content\/uploads\/2023\/01\/Damascus-Knife-Guide-All-You-Need-to-Know-300x300.png 300w, https:\/\/www.riceknife.com\/wp-content\/uploads\/2023\/01\/Damascus-Knife-Guide-All-You-Need-to-Know-100x100.png 100w, https:\/\/www.riceknife.com\/wp-content\/uploads\/2023\/01\/Damascus-Knife-Guide-All-You-Need-to-Know-1000x1000.png 1000w, https:\/\/www.riceknife.com\/wp-content\/uploads\/2023\/01\/Damascus-Knife-Guide-All-You-Need-to-Know-64x64.png 64w, https:\/\/www.riceknife.com\/wp-content\/uploads\/2023\/01\/Damascus-Knife-Guide-All-You-Need-to-Know-1024x1024.png 1024w, https:\/\/www.riceknife.com\/wp-content\/uploads\/2023\/01\/Damascus-Knife-Guide-All-You-Need-to-Know-150x150.png 150w, https:\/\/www.riceknife.com\/wp-content\/uploads\/2023\/01\/Damascus-Knife-Guide-All-You-Need-to-Know.png 1080w\" sizes=\"(max-width: 768px) 100vw, 768px\" \/><\/div>\n\t\t<\/a>\n\t\t\t\t<div class=\"elementor-post__text\">\n\t\t\t\t<h3 class=\"elementor-post__title\">\n\t\t\t<a href=\"https:\/\/www.riceknife.com\/is\/damaskus-knife-guide-allt-sem-thu-tharft-ad-vita\/\">\n\t\t\t\tDamaskus Knife Guide: Allt sem \u00fe\u00fa \u00fearft a\u00f0 vita\t\t\t<\/a>\n\t\t<\/h3>\n\t\t\t\t<div class=\"elementor-post__meta-data\">\n\t\t\t\t\t<span class=\"elementor-post-date\">\n\t\t\t20. jan\u00faar, 2023\t\t<\/span>\n\t\t\t\t<\/div>\n\t\t\t\t<div class=\"elementor-post__excerpt\">\n\t\t\t<p>Velkomin \u00ed Riceknife . Lestu lei\u00f0beiningar okkar um Damaskus hn\u00edfa og sko\u00f0a\u00f0u okkar eigi\u00f0 \u00farval. Damaskus hn\u00edfar eiga s\u00e9r langa og r\u00edka s\u00f6gu, allt aftur<\/p>\n\t\t<\/div>\n\t\t\n\t\t<a class=\"elementor-post__read-more\" href=\"https:\/\/www.riceknife.com\/is\/damaskus-knife-guide-allt-sem-thu-tharft-ad-vita\/\" aria-label=\"Read more about Damaskus Knife Guide: Allt sem \u00fe\u00fa \u00fearft a\u00f0 vita\" tabindex=\"-1\">\n\t\t\tLestu meira &gt;\t\t<\/a>\n\n\t\t\t\t<\/div>\n\t\t\t\t<\/article>\n\t\t\t\t<article class=\"elementor-post elementor-grid-item post-7845 post type-post status-publish format-standard has-post-thumbnail hentry category-leidsogumadur\" role=\"listitem\">\n\t\t\t\t<a class=\"elementor-post__thumbnail__link\" href=\"https:\/\/www.riceknife.com\/is\/hvada-hnif-aetti-eg-ad-velja\/\" tabindex=\"-1\">\n\t\t\t<div class=\"elementor-post__thumbnail\"><img decoding=\"async\" width=\"768\" height=\"768\" src=\"https:\/\/www.riceknife.com\/wp-content\/uploads\/2023\/01\/Which-knife-should-I-choose-768x768.png\" class=\"attachment-medium_large size-medium_large wp-image-4971\" alt=\"\" srcset=\"https:\/\/www.riceknife.com\/wp-content\/uploads\/2023\/01\/Which-knife-should-I-choose-768x768.png 768w, https:\/\/www.riceknife.com\/wp-content\/uploads\/2023\/01\/Which-knife-should-I-choose-300x300.png 300w, https:\/\/www.riceknife.com\/wp-content\/uploads\/2023\/01\/Which-knife-should-I-choose-100x100.png 100w, https:\/\/www.riceknife.com\/wp-content\/uploads\/2023\/01\/Which-knife-should-I-choose-1000x1000.png 1000w, https:\/\/www.riceknife.com\/wp-content\/uploads\/2023\/01\/Which-knife-should-I-choose-64x64.png 64w, https:\/\/www.riceknife.com\/wp-content\/uploads\/2023\/01\/Which-knife-should-I-choose-1024x1024.png 1024w, https:\/\/www.riceknife.com\/wp-content\/uploads\/2023\/01\/Which-knife-should-I-choose-150x150.png 150w, https:\/\/www.riceknife.com\/wp-content\/uploads\/2023\/01\/Which-knife-should-I-choose.png 1080w\" sizes=\"(max-width: 768px) 100vw, 768px\" \/><\/div>\n\t\t<\/a>\n\t\t\t\t<div class=\"elementor-post__text\">\n\t\t\t\t<h3 class=\"elementor-post__title\">\n\t\t\t<a href=\"https:\/\/www.riceknife.com\/is\/hvada-hnif-aetti-eg-ad-velja\/\">\n\t\t\t\tHva\u00f0a hn\u00edf \u00e6tti \u00e9g a\u00f0 velja?\t\t\t<\/a>\n\t\t<\/h3>\n\t\t\t\t<div class=\"elementor-post__meta-data\">\n\t\t\t\t\t<span class=\"elementor-post-date\">\n\t\t\t19. jan\u00faar, 2023\t\t<\/span>\n\t\t\t\t<\/div>\n\t\t\t\t<div class=\"elementor-post__excerpt\">\n\t\t\t<p>\u00deegar kemur a\u00f0 \u00fev\u00ed a\u00f0 velja hn\u00edf eru nokkrir lykil\u00fe\u00e6ttir sem \u00fearf a\u00f0 hafa \u00ed huga. \u00cd fyrsta lagi er fyrirhugu\u00f0 notkun hn\u00edfsins. Ertu a\u00f0<\/p>\n\t\t<\/div>\n\t\t\n\t\t<a class=\"elementor-post__read-more\" href=\"https:\/\/www.riceknife.com\/is\/hvada-hnif-aetti-eg-ad-velja\/\" aria-label=\"Read more about Hva\u00f0a hn\u00edf \u00e6tti \u00e9g a\u00f0 velja?\" tabindex=\"-1\">\n\t\t\tLestu meira &gt;\t\t<\/a>\n\n\t\t\t\t<\/div>\n\t\t\t\t<\/article>\n\t\t\t\t<article class=\"elementor-post elementor-grid-item post-7852 post type-post status-publish format-standard has-post-thumbnail hentry category-leidsogumadur\" role=\"listitem\">\n\t\t\t\t<a class=\"elementor-post__thumbnail__link\" href=\"https:\/\/www.riceknife.com\/is\/hvernig-a-ad-bryna-hnifana-thina\/\" tabindex=\"-1\">\n\t\t\t<div class=\"elementor-post__thumbnail\"><img loading=\"lazy\" decoding=\"async\" width=\"768\" height=\"768\" src=\"https:\/\/www.riceknife.com\/wp-content\/uploads\/2023\/01\/How-to-sharpen-your-knife-768x768.png\" class=\"attachment-medium_large size-medium_large wp-image-4980\" alt=\"\" srcset=\"https:\/\/www.riceknife.com\/wp-content\/uploads\/2023\/01\/How-to-sharpen-your-knife-768x768.png 768w, https:\/\/www.riceknife.com\/wp-content\/uploads\/2023\/01\/How-to-sharpen-your-knife-300x300.png 300w, https:\/\/www.riceknife.com\/wp-content\/uploads\/2023\/01\/How-to-sharpen-your-knife-100x100.png 100w, https:\/\/www.riceknife.com\/wp-content\/uploads\/2023\/01\/How-to-sharpen-your-knife-1000x1000.png 1000w, https:\/\/www.riceknife.com\/wp-content\/uploads\/2023\/01\/How-to-sharpen-your-knife-64x64.png 64w, https:\/\/www.riceknife.com\/wp-content\/uploads\/2023\/01\/How-to-sharpen-your-knife-1024x1024.png 1024w, https:\/\/www.riceknife.com\/wp-content\/uploads\/2023\/01\/How-to-sharpen-your-knife-150x150.png 150w, https:\/\/www.riceknife.com\/wp-content\/uploads\/2023\/01\/How-to-sharpen-your-knife.png 1080w\" sizes=\"(max-width: 768px) 100vw, 768px\" \/><\/div>\n\t\t<\/a>\n\t\t\t\t<div class=\"elementor-post__text\">\n\t\t\t\t<h3 class=\"elementor-post__title\">\n\t\t\t<a href=\"https:\/\/www.riceknife.com\/is\/hvernig-a-ad-bryna-hnifana-thina\/\">\n\t\t\t\tHvernig \u00e1 a\u00f0 br\u00fdna hn\u00edfana \u00fe\u00edna\t\t\t<\/a>\n\t\t<\/h3>\n\t\t\t\t<div class=\"elementor-post__meta-data\">\n\t\t\t\t\t<span class=\"elementor-post-date\">\n\t\t\t19. jan\u00faar, 2023\t\t<\/span>\n\t\t\t\t<\/div>\n\t\t\t\t<div class=\"elementor-post__excerpt\">\n\t\t\t<p>A\u00f0 br\u00fdna hn\u00edf er mikilv\u00e6gt verkefni sem ekki m\u00e1 gleymast. Hvort sem \u00fe\u00fa ert faglegur kokkur, heimakokkur e\u00f0a vei\u00f0ima\u00f0ur, \u00fe\u00e1 er nau\u00f0synlegt fyrir b\u00e6\u00f0i \u00f6ryggi<\/p>\n\t\t<\/div>\n\t\t\n\t\t<a class=\"elementor-post__read-more\" href=\"https:\/\/www.riceknife.com\/is\/hvernig-a-ad-bryna-hnifana-thina\/\" aria-label=\"Read more about Hvernig \u00e1 a\u00f0 br\u00fdna hn\u00edfana \u00fe\u00edna\" tabindex=\"-1\">\n\t\t\tLestu meira &gt;\t\t<\/a>\n\n\t\t\t\t<\/div>\n\t\t\t\t<\/article>\n\t\t\t\t<\/div>\n\t\t\t\t\t<span class=\"e-load-more-spinner\">\n\t\t\t\t<i aria-hidden=\"true\" class=\"fas fa-spinner\"><\/i>\t\t\t<\/span>\n\t\t\n\t\t\t\t\t\t<\/div>\n\t\t\t\t<\/div>\n\t\t\t\t<\/div>\n\t\t\t\t<\/div>\n\t\t","protected":false},"excerpt":{"rendered":"<p>inns\u00fdn Uppg\u00f6tva\u00f0u lei\u00f0beiningar s\u00e9rfr\u00e6\u00f0inga og \u00edtarlegar greinar fr\u00e1 Riceknife teyminu, undir forystu stofnanda okkar Jacob Bech, \u00e1str\u00ed\u00f0ufulls hn\u00edfa\u00e1hugamanns. Me\u00f0 dj\u00fapri \u00e1st fyrir \u00farvals eldh\u00fasverkf\u00e6rum deila Jacob og teymi hans einstakri inns\u00fdn inn \u00ed heim hn\u00edfanna og vinna me\u00f0 einst\u00f6k efni eins og Damaskus st\u00e1l, Aogami st\u00e1l, ZDP189, HAP40 og fleira. Vertu me\u00f0 okkur \u00feegar vi\u00f0 [&hellip;]<\/p>\n","protected":false},"author":1,"featured_media":0,"parent":0,"menu_order":0,"comment_status":"closed","ping_status":"closed","template":"","meta":{"site-sidebar-layout":"no-sidebar","site-content-layout":"page-builder","ast-site-content-layout":"default","site-content-style":"default","site-sidebar-style":"default","ast-global-header-display":"","ast-banner-title-visibility":"","ast-main-header-display":"","ast-hfb-above-header-display":"","ast-hfb-below-header-display":"","ast-hfb-mobile-header-display":"","site-post-title":"disabled","ast-breadcrumbs-content":"","ast-featured-img":"disabled","footer-sml-layout":"","ast-disable-related-posts":"","theme-transparent-header-meta":"","adv-header-id-meta":"","stick-header-meta":"","header-above-stick-meta":"","header-main-stick-meta":"","header-below-stick-meta":"","astra-migrate-meta-layouts":"default","ast-page-background-enabled":"default","ast-page-background-meta":{"desktop":{"background-color":"var(--ast-global-color-4)","background-image":"","background-repeat":"repeat","background-position":"center center","background-size":"auto","background-attachment":"scroll","background-type":"","background-media":"","overlay-type":"","overlay-color":"","overlay-opacity":"","overlay-gradient":""},"tablet":{"background-color":"","background-image":"","background-repeat":"repeat","background-position":"center center","background-size":"auto","background-attachment":"scroll","background-type":"","background-media":"","overlay-type":"","overlay-color":"","overlay-opacity":"","overlay-gradient":""},"mobile":{"background-color":"","background-image":"","background-repeat":"repeat","background-position":"center center","background-size":"auto","background-attachment":"scroll","background-type":"","background-media":"","overlay-type":"","overlay-color":"","overlay-opacity":"","overlay-gradient":""}},"ast-content-background-meta":{"desktop":{"background-color":"var(--ast-global-color-5)","background-image":"","background-repeat":"repeat","background-position":"center center","background-size":"auto","background-attachment":"scroll","background-type":"","background-media":"","overlay-type":"","overlay-color":"","overlay-opacity":"","overlay-gradient":""},"tablet":{"background-color":"var(--ast-global-color-5)","background-image":"","background-repeat":"repeat","background-position":"center center","background-size":"auto","background-attachment":"scroll","background-type":"","background-media":"","overlay-type":"","overlay-color":"","overlay-opacity":"","overlay-gradient":""},"mobile":{"background-color":"var(--ast-global-color-5)","background-image":"","background-repeat":"repeat","background-position":"center center","background-size":"auto","background-attachment":"scroll","background-type":"","background-media":"","overlay-type":"","overlay-color":"","overlay-opacity":"","overlay-gradient":""}},"footnotes":""},"class_list":["post-7858","page","type-page","status-publish","hentry"],"_links":{"self":[{"href":"https:\/\/www.riceknife.com\/is\/wp-json\/wp\/v2\/pages\/7858","targetHints":{"allow":["GET"]}}],"collection":[{"href":"https:\/\/www.riceknife.com\/is\/wp-json\/wp\/v2\/pages"}],"about":[{"href":"https:\/\/www.riceknife.com\/is\/wp-json\/wp\/v2\/types\/page"}],"author":[{"embeddable":true,"href":"https:\/\/www.riceknife.com\/is\/wp-json\/wp\/v2\/users\/1"}],"replies":[{"embeddable":true,"href":"https:\/\/www.riceknife.com\/is\/wp-json\/wp\/v2\/comments?post=7858"}],"version-history":[{"count":0,"href":"https:\/\/www.riceknife.com\/is\/wp-json\/wp\/v2\/pages\/7858\/revisions"}],"wp:attachment":[{"href":"https:\/\/www.riceknife.com\/is\/wp-json\/wp\/v2\/media?parent=7858"}],"curies":[{"name":"wp","href":"https:\/\/api.w.org\/{rel}","templated":true}]}}