{"id":7621,"date":"2021-08-18T05:35:45","date_gmt":"2021-08-18T05:35:45","guid":{"rendered":"https:\/\/www.riceknife.com\/om\/"},"modified":"2024-11-18T04:09:48","modified_gmt":"2024-11-18T04:09:48","slug":"om","status":"publish","type":"page","link":"https:\/\/www.riceknife.com\/no\/om\/","title":{"rendered":"Om"},"content":{"rendered":"\t\t<div data-elementor-type=\"wp-page\" data-elementor-id=\"7621\" class=\"elementor elementor-7621 elementor-252\" data-elementor-post-type=\"page\">\n\t\t\t\t\t\t<section class=\"elementor-section elementor-top-section elementor-element elementor-element-b1d8702 elementor-section-full_width elementor-section-height-full elementor-section-height-default elementor-section-items-middle\" data-id=\"b1d8702\" data-element_type=\"section\" data-e-type=\"section\" data-settings=\"{&quot;background_background&quot;:&quot;classic&quot;}\">\n\t\t\t\t\t\t\t<div class=\"elementor-background-overlay\"><\/div>\n\t\t\t\t\t\t\t<div class=\"elementor-container elementor-column-gap-default\">\n\t\t\t\t\t<div class=\"elementor-column elementor-col-100 elementor-top-column elementor-element elementor-element-1fb0955\" data-id=\"1fb0955\" data-element_type=\"column\" data-e-type=\"column\">\n\t\t\t<div class=\"elementor-widget-wrap elementor-element-populated\">\n\t\t\t\t\t\t<section class=\"elementor-section elementor-inner-section elementor-element elementor-element-0f0484e elementor-section-boxed elementor-section-height-default elementor-section-height-default\" data-id=\"0f0484e\" data-element_type=\"section\" data-e-type=\"section\">\n\t\t\t\t\t\t<div class=\"elementor-container elementor-column-gap-default\">\n\t\t\t\t\t<div class=\"elementor-column elementor-col-100 elementor-inner-column elementor-element elementor-element-a4c3b39\" data-id=\"a4c3b39\" data-element_type=\"column\" data-e-type=\"column\">\n\t\t\t<div class=\"elementor-widget-wrap elementor-element-populated\">\n\t\t\t\t\t\t<div class=\"elementor-element elementor-element-056ad55 elementor-align-center elementor-widget elementor-widget-button\" data-id=\"056ad55\" data-element_type=\"widget\" data-e-type=\"widget\" data-widget_type=\"button.default\">\n\t\t\t\t<div class=\"elementor-widget-container\">\n\t\t\t\t\t\t\t\t\t<div class=\"elementor-button-wrapper\">\n\t\t\t\t\t<a class=\"elementor-button elementor-button-link elementor-size-sm elementor-animation-grow\" href=\"https:\/\/www.riceknife.com\/no\/shop\/\" target=\"_blank\">\n\t\t\t\t\t\t<span class=\"elementor-button-content-wrapper\">\n\t\t\t\t\t\t\t\t\t<span class=\"elementor-button-text\">Se v\u00e5r kolleksjon<\/span>\n\t\t\t\t\t<\/span>\n\t\t\t\t\t<\/a>\n\t\t\t\t<\/div>\n\t\t\t\t\t\t\t\t<\/div>\n\t\t\t\t<\/div>\n\t\t\t\t\t<\/div>\n\t\t<\/div>\n\t\t\t\t\t<\/div>\n\t\t<\/section>\n\t\t\t\t\t<\/div>\n\t\t<\/div>\n\t\t\t\t\t<\/div>\n\t\t<\/section>\n\t\t\t\t<section class=\"elementor-section elementor-top-section elementor-element elementor-element-95eebdf elementor-section-full_width elementor-section-height-default elementor-section-height-default\" data-id=\"95eebdf\" data-element_type=\"section\" data-e-type=\"section\" data-settings=\"{&quot;background_background&quot;:&quot;classic&quot;}\">\n\t\t\t\t\t\t<div class=\"elementor-container elementor-column-gap-no\">\n\t\t\t\t\t<div class=\"elementor-column elementor-col-100 elementor-top-column elementor-element elementor-element-3700ce5\" data-id=\"3700ce5\" data-element_type=\"column\" data-e-type=\"column\">\n\t\t\t<div class=\"elementor-widget-wrap elementor-element-populated\">\n\t\t\t\t\t\t<section class=\"elementor-section elementor-inner-section elementor-element elementor-element-ebc51e3 elementor-section-boxed elementor-section-height-default elementor-section-height-default\" data-id=\"ebc51e3\" data-element_type=\"section\" data-e-type=\"section\">\n\t\t\t\t\t\t<div class=\"elementor-container elementor-column-gap-no\">\n\t\t\t\t\t<div class=\"elementor-column elementor-col-50 elementor-inner-column elementor-element elementor-element-caa43ea\" data-id=\"caa43ea\" data-element_type=\"column\" data-e-type=\"column\">\n\t\t\t<div class=\"elementor-widget-wrap elementor-element-populated\">\n\t\t\t\t\t\t<div class=\"elementor-element elementor-element-40c4682 elementor-hidden-tablet elementor-hidden-mobile elementor-widget elementor-widget-image\" data-id=\"40c4682\" data-element_type=\"widget\" data-e-type=\"widget\" data-widget_type=\"image.default\">\n\t\t\t\t<div class=\"elementor-widget-container\">\n\t\t\t\t\t\t\t\t\t\t\t\t\t\t\t<img fetchpriority=\"high\" decoding=\"async\" width=\"791\" height=\"1000\" src=\"https:\/\/www.riceknife.com\/wp-content\/uploads\/2024\/01\/RICEKNIFE-LOGO-791x1000.png\" class=\"attachment-large size-large wp-image-5999\" alt=\"\" srcset=\"https:\/\/www.riceknife.com\/wp-content\/uploads\/2024\/01\/RICEKNIFE-LOGO-791x1000.png 791w, https:\/\/www.riceknife.com\/wp-content\/uploads\/2024\/01\/RICEKNIFE-LOGO-237x300.png 237w, https:\/\/www.riceknife.com\/wp-content\/uploads\/2024\/01\/RICEKNIFE-LOGO-768x970.png 768w, https:\/\/www.riceknife.com\/wp-content\/uploads\/2024\/01\/RICEKNIFE-LOGO-1216x1536.png 1216w, https:\/\/www.riceknife.com\/wp-content\/uploads\/2024\/01\/RICEKNIFE-LOGO-60x76.png 60w, https:\/\/www.riceknife.com\/wp-content\/uploads\/2024\/01\/RICEKNIFE-LOGO-110x139.png 110w, https:\/\/www.riceknife.com\/wp-content\/uploads\/2024\/01\/RICEKNIFE-LOGO-1000x1264.png 1000w, https:\/\/www.riceknife.com\/wp-content\/uploads\/2024\/01\/RICEKNIFE-LOGO-64x81.png 64w, https:\/\/www.riceknife.com\/wp-content\/uploads\/2024\/01\/RICEKNIFE-LOGO.png 1495w\" sizes=\"(max-width: 791px) 100vw, 791px\" \/>\t\t\t\t\t\t\t\t\t\t\t\t\t\t\t<\/div>\n\t\t\t\t<\/div>\n\t\t\t\t\t<\/div>\n\t\t<\/div>\n\t\t\t\t<div class=\"elementor-column elementor-col-50 elementor-inner-column elementor-element elementor-element-fc22abd\" data-id=\"fc22abd\" data-element_type=\"column\" data-e-type=\"column\">\n\t\t\t<div class=\"elementor-widget-wrap elementor-element-populated\">\n\t\t\t\t\t\t<div class=\"elementor-element elementor-element-27984ef elementor-widget elementor-widget-heading\" data-id=\"27984ef\" data-element_type=\"widget\" data-e-type=\"widget\" data-widget_type=\"heading.default\">\n\t\t\t\t<div class=\"elementor-widget-container\">\n\t\t\t\t\t<h1 class=\"elementor-heading-title elementor-size-default\">Om Riceknife<\/h1>\t\t\t\t<\/div>\n\t\t\t\t<\/div>\n\t\t\t\t<div class=\"elementor-element elementor-element-8c5652a elementor-widget-divider--view-line elementor-widget elementor-widget-divider\" data-id=\"8c5652a\" data-element_type=\"widget\" data-e-type=\"widget\" data-widget_type=\"divider.default\">\n\t\t\t\t<div class=\"elementor-widget-container\">\n\t\t\t\t\t\t\t<div class=\"elementor-divider\">\n\t\t\t<span class=\"elementor-divider-separator\">\n\t\t\t\t\t\t<\/span>\n\t\t<\/div>\n\t\t\t\t\t\t<\/div>\n\t\t\t\t<\/div>\n\t\t\t\t<div class=\"elementor-element elementor-element-1035339 elementor-headline--style-rotate elementor-widget__width-initial elementor-widget elementor-widget-animated-headline\" data-id=\"1035339\" data-element_type=\"widget\" data-e-type=\"widget\" data-settings=\"{&quot;headline_style&quot;:&quot;rotate&quot;,&quot;rotating_text&quot;:&quot;de mest interessante knivene&quot;,&quot;animation_type&quot;:&quot;typing&quot;,&quot;loop&quot;:&quot;yes&quot;,&quot;rotate_iteration_delay&quot;:2500}\" data-widget_type=\"animated-headline.default\">\n\t\t\t\t<div class=\"elementor-widget-container\">\n\t\t\t\t\t\t\t<h3 class=\"elementor-headline elementor-headline-animation-type-typing elementor-headline-letters\">\n\t\t\t\t\t<span class=\"elementor-headline-plain-text elementor-headline-text-wrapper\">\"Vi har som m\u00e5l \u00e5 gj\u00f8re<\/span>\n\t\t\t\t<span class=\"elementor-headline-dynamic-wrapper elementor-headline-text-wrapper\">\n\t\t\t\t\t<span class=\"elementor-headline-dynamic-text elementor-headline-text-active\">\n\t\t\t\tde&nbsp;mest&nbsp;interessante&nbsp;knivene\t\t\t<\/span>\n\t\t\t\t\t\t<\/span>\n\t\t\t\t\t<span class=\"elementor-headline-plain-text elementor-headline-text-wrapper\">  i verden\"<\/span>\n\t\t\t\t\t<\/h3>\n\t\t\t\t\t\t<\/div>\n\t\t\t\t<\/div>\n\t\t\t\t<div class=\"elementor-element elementor-element-09cd540 elementor-widget elementor-widget-text-editor\" data-id=\"09cd540\" data-element_type=\"widget\" data-e-type=\"widget\" data-widget_type=\"text-editor.default\">\n\t\t\t\t<div class=\"elementor-widget-container\">\n\t\t\t\t\t\t\t\t\t<p>Riceknife\u00ae Denmark er et karakteristisk knivmerke som kombinerer kunstnerisk design med eksepsjonell oppmerksomhet p\u00e5 detaljer. Riceknife Danmarks form\u00e5lsparagraf er <strong>&laquo;Vi har som m\u00e5l \u00e5 lage verdens mest interessante kniver.&raquo;<\/strong> &nbsp;<\/p><p><span style=\"font-style: inherit; font-weight: inherit;\">Merkets designfilosofi er sentrert rundt det \u00e5 inspirere til en dypere forbindelse med det mest essensielle kj\u00f8kkenredskapet. Denne forbindelsen gjenspeiles i navnene p\u00e5 knivene og de intrikate graveringene p\u00e5 bladene, som overskrider funksjonalitet for \u00e5 skape historier som vekker spenning, nysgjerrighet og en \u00e5nd av dristig utforskning. <\/span><\/p>\n<p><strong>Anti-dogma \/ Kast ut regelboken. Bare gj\u00f8r det utmerket! <\/strong>&nbsp;<\/p><p>Denne tiln\u00e6rmingen gj\u00f8r det mulig for Riceknife \u00e5 bryte med konvensjonene og skape kniver som vekker samtale og inspirerer til kreativitet p\u00e5 kj\u00f8kkenet.<\/p><p>RiceknifeM\u00e5let er \u00e5 engasjere og inspirere flere til \u00e5 lage sin egen mat, og p\u00e5 den m\u00e5ten bidra til et lengre, sunnere og lykkeligere liv.<\/p>\n<p>Merket har s\u00e5 langt to hovedserier som gjenspeiler deres engasjement for knivproduksjon av h\u00f8y kvalitet. <strong>Ex-animo-serien<\/strong>&nbsp;har taktilt damaskusst\u00e5l med intrikate lasergraveringer p\u00e5 knivene, med fokus p\u00e5 historiene bak hvert enkelt stykke. Den <strong>ultraavancerte serien<\/strong>&nbsp;g\u00e5r enda lenger og bruker de fineste st\u00e5lene fra hele verden, som ZDP189- og Aogami-st\u00e5l fra Japan og f\u00f8rsteklasses st\u00e5l fra Sverige. Disse knivene er kombinert med tresorter som b\u00e6rer p\u00e5 historie, blant annet treh\u00e5ndtak fra Danmark som er over 7000 \u00e5r gamle, noe som gir dybde og karakter til hver enkelt kniv.   <\/p><p>&nbsp;Mange av Riceknife s kreasjoner er <strong>samleobjekter og i begrenset opplag<\/strong>, noe som gir eksklusivitet og kunstnerisk verdi. Riceknife kniver er designet som funksjonelle kunstverk, og skiller seg ut med sin unike estetikk og raffinerte utf\u00f8relse. <\/p>\t\t\t\t\t\t\t\t<\/div>\n\t\t\t\t<\/div>\n\t\t\t\t<div class=\"elementor-element elementor-element-19a55e7 elementor-widget-divider--view-line elementor-widget elementor-widget-divider\" data-id=\"19a55e7\" data-element_type=\"widget\" data-e-type=\"widget\" data-widget_type=\"divider.default\">\n\t\t\t\t<div class=\"elementor-widget-container\">\n\t\t\t\t\t\t\t<div class=\"elementor-divider\">\n\t\t\t<span class=\"elementor-divider-separator\">\n\t\t\t\t\t\t<\/span>\n\t\t<\/div>\n\t\t\t\t\t\t<\/div>\n\t\t\t\t<\/div>\n\t\t\t\t<div class=\"elementor-element elementor-element-b71e6ad elementor-widget elementor-widget-heading\" data-id=\"b71e6ad\" data-element_type=\"widget\" data-e-type=\"widget\" data-widget_type=\"heading.default\">\n\t\t\t\t<div class=\"elementor-widget-container\">\n\t\t\t\t\t<h2 class=\"elementor-heading-title elementor-size-default\">Historien bak Riceknife: Jacob Bech, en anerkjent dansk kokk som lager verdens mest interessante kniver<\/h2>\t\t\t\t<\/div>\n\t\t\t\t<\/div>\n\t\t\t\t<div class=\"elementor-element elementor-element-1ed681b elementor-widget elementor-widget-text-editor\" data-id=\"1ed681b\" data-element_type=\"widget\" data-e-type=\"widget\" data-widget_type=\"text-editor.default\">\n\t\t\t\t<div class=\"elementor-widget-container\">\n\t\t\t\t\t\t\t\t\t<p>Riceknife&#8217;s grunnlegger og designer, den <strong>anerkjente danske kokken<\/strong> Jacob Bech, har bygget en karriere som s\u00f8ml\u00f8st forener skandinavisk presisjon med Asias rike, livlige innflytelse. Hans reise begynte med en dyp tilknytning til naturen og en lidenskap for \u00e5 skape skj\u00f8nnhet av r\u00e5, naturlige materialer &#8211; et instinkt som slo rot i barndommen, der han fant glede i \u00e5 lage ting som gjorde andre lykkelige. <\/p>\n<p>Til tross for hans manglende entusiasme for skolen, kom et avgj\u00f8rende \u00f8yeblikk da l\u00e6reren hans som 13-\u00e5ring arrangerte en m\u00e5neds lang praksisperiode p\u00e5 NOMA, som p\u00e5 den tiden var ansett som en av verdens beste restauranter. Det som begynte som en utrolig t\u00f8ff utfordring for den unge Jacob, ble en omveltende opplevelse som satte tonen for hele karrieren hans. <\/p>\n<p>Jacobs l\u00e6retid p\u00e5 Bistro Boh\u00e9me i K\u00f8benhavn formet hans vei videre, og ga ham et solid grunnlag i fransk kokkekunst. Under veiledning av Per og Alexander, to viktige inspirasjonskilder, tok han til seg etoset om \u00e5 alltid strebe etter \u00e5 bli bedre, b\u00e5de n\u00e5r det gjaldt ferdigheter og hurtighet. Som 18-\u00e5ring, etter \u00e5 ha gjort seg fortjent til tittelen &laquo;Dansk kokk&raquo; og mestret en blanding av franske og nynordiske teknikker, satte Jacob kursen mot Asia. Her ble han oppslukt av en ny verden av ingredienser og tilberedningsmetoder som wok, karriretter og supper, og hans syn p\u00e5 mat og design utvidet seg dramatisk.   <\/p>\n<p>Jacob har jobbet p\u00e5 Michelin-restauranter og spilt en n\u00f8kkelrolle i \u00e5pningen av mer enn ti restauranter i Danmark og Asia. Erfaringen fra Asia, med sine mangfoldige kulinariske tradisjoner, har hatt stor betydning for hans tiln\u00e6rming til b\u00e5de mat og knivdesign, der han har integrert elementer fra b\u00e5de \u00f8stlige og vestlige tradisjoner. <\/p>\n<p>Siden 2020 har Jacob dedikert seg helt og holdent til ett dristig m\u00e5l: <strong>\u00e5 skape verdens mest interessante kniver<\/strong>. Denne visjonen er drivkraften bak Riceknifes kontinuerlige utvikling, der hver kniv er et unikt mesterverk laget i et begrenset antall. Hver oppdatering av designet er en forpliktelse til evig eksklusivitet, og hver kniv ledsages av et nummerert sertifikat.  <\/p>\n<p>Jacob har personlig tilsyn med hver eneste detalj &#8211; fra design til innkj\u00f8p av sjeldne tresorter og f\u00f8rsteklasses st\u00e5l, til produksjon og emballasje. Hans utrettelige s\u00f8ken etter de mest sjeldne materialene og det beste h\u00e5ndverket sikrer at hver eneste Riceknife forteller en historie om kunst og funksjon. Med over 16 \u00e5rs erfaring fra b\u00e5de \u00f8stlige og vestlige kulinariske tradisjoner forst\u00e5r Jacob den delikate balansen mellom form og funksjon i kj\u00f8kkenredskaper. Hans kyndige blikk s\u00f8rger for at hvert Riceknife produkt lever opp til en profesjonell kokks standarder, og tilbyr en raffinert opplevelse for kulinariske entusiaster over hele verden.   <\/p>\n\t\t\t\t\t\t\t\t<\/div>\n\t\t\t\t<\/div>\n\t\t\t\t\t<\/div>\n\t\t<\/div>\n\t\t\t\t\t<\/div>\n\t\t<\/section>\n\t\t\t\t\t<\/div>\n\t\t<\/div>\n\t\t\t\t\t<\/div>\n\t\t<\/section>\n\t\t<div class=\"elementor-element elementor-element-ae64c4a e-flex e-con-boxed e-con e-parent\" data-id=\"ae64c4a\" data-element_type=\"container\" data-e-type=\"container\" data-settings=\"{&quot;background_background&quot;:&quot;classic&quot;}\">\n\t\t\t\t\t<div class=\"e-con-inner\">\n\t\t\t\t<div class=\"elementor-element elementor-element-50b2fdf elementor-widget elementor-widget-video\" data-id=\"50b2fdf\" data-element_type=\"widget\" data-e-type=\"widget\" data-settings=\"{&quot;video_type&quot;:&quot;hosted&quot;,&quot;autoplay&quot;:&quot;yes&quot;,&quot;play_on_mobile&quot;:&quot;yes&quot;,&quot;mute&quot;:&quot;yes&quot;,&quot;loop&quot;:&quot;yes&quot;}\" data-widget_type=\"video.default\">\n\t\t\t\t<div class=\"elementor-widget-container\">\n\t\t\t\t\t\t\t<div class=\"e-hosted-video elementor-wrapper elementor-open-inline\">\n\t\t\t\t\t<video class=\"elementor-video\" src=\"https:\/\/www.riceknife.com\/wp-content\/uploads\/2024\/01\/slow-mo.mp4\" autoplay=\"\" loop=\"\" muted=\"muted\" playsinline=\"\" controlsList=\"nodownload\"><\/video>\n\t\t\t\t<\/div>\n\t\t\t\t\t\t<\/div>\n\t\t\t\t<\/div>\n\t\t\t\t\t<\/div>\n\t\t\t\t<\/div>\n\t\t<div class=\"elementor-element elementor-element-75539f2 e-flex e-con-boxed e-con e-parent\" data-id=\"75539f2\" data-element_type=\"container\" data-e-type=\"container\">\n\t\t\t\t\t<div class=\"e-con-inner\">\n\t\t\t\t\t<\/div>\n\t\t\t\t<\/div>\n\t\t\t\t<\/div>\n\t\t","protected":false},"excerpt":{"rendered":"<p>Se v\u00e5r kolleksjon Om Riceknife &laquo;Vi har som m\u00e5l \u00e5 gj\u00f8re de&nbsp;mest&nbsp;interessante&nbsp;knivene i verden&raquo; Riceknife\u00ae Denmark er et karakteristisk knivmerke som kombinerer kunstnerisk design med eksepsjonell oppmerksomhet p\u00e5 detaljer. Riceknife Danmarks form\u00e5lsparagraf er &laquo;Vi har som m\u00e5l \u00e5 lage verdens mest interessante kniver.&raquo; &nbsp; Merkets designfilosofi er sentrert rundt det \u00e5 inspirere til en dypere [&hellip;]<\/p>\n","protected":false},"author":1,"featured_media":0,"parent":0,"menu_order":0,"comment_status":"closed","ping_status":"closed","template":"","meta":{"site-sidebar-layout":"no-sidebar","site-content-layout":"page-builder","ast-site-content-layout":"default","site-content-style":"default","site-sidebar-style":"default","ast-global-header-display":"","ast-banner-title-visibility":"","ast-main-header-display":"","ast-hfb-above-header-display":"","ast-hfb-below-header-display":"","ast-hfb-mobile-header-display":"","site-post-title":"disabled","ast-breadcrumbs-content":"disabled","ast-featured-img":"disabled","footer-sml-layout":"","ast-disable-related-posts":"","theme-transparent-header-meta":"default","adv-header-id-meta":"","stick-header-meta":"","header-above-stick-meta":"","header-main-stick-meta":"","header-below-stick-meta":"","astra-migrate-meta-layouts":"default","ast-page-background-enabled":"default","ast-page-background-meta":{"desktop":{"background-color":"var(--ast-global-color-4)","background-image":"","background-repeat":"repeat","background-position":"center center","background-size":"auto","background-attachment":"scroll","background-type":"","background-media":"","overlay-type":"","overlay-color":"","overlay-opacity":"","overlay-gradient":""},"tablet":{"background-color":"","background-image":"","background-repeat":"repeat","background-position":"center center","background-size":"auto","background-attachment":"scroll","background-type":"","background-media":"","overlay-type":"","overlay-color":"","overlay-opacity":"","overlay-gradient":""},"mobile":{"background-color":"","background-image":"","background-repeat":"repeat","background-position":"center center","background-size":"auto","background-attachment":"scroll","background-type":"","background-media":"","overlay-type":"","overlay-color":"","overlay-opacity":"","overlay-gradient":""}},"ast-content-background-meta":{"desktop":{"background-color":"var(--ast-global-color-5)","background-image":"","background-repeat":"repeat","background-position":"center center","background-size":"auto","background-attachment":"scroll","background-type":"","background-media":"","overlay-type":"","overlay-color":"","overlay-opacity":"","overlay-gradient":""},"tablet":{"background-color":"var(--ast-global-color-5)","background-image":"","background-repeat":"repeat","background-position":"center center","background-size":"auto","background-attachment":"scroll","background-type":"","background-media":"","overlay-type":"","overlay-color":"","overlay-opacity":"","overlay-gradient":""},"mobile":{"background-color":"var(--ast-global-color-5)","background-image":"","background-repeat":"repeat","background-position":"center center","background-size":"auto","background-attachment":"scroll","background-type":"","background-media":"","overlay-type":"","overlay-color":"","overlay-opacity":"","overlay-gradient":""}},"footnotes":""},"class_list":["post-7621","page","type-page","status-publish","hentry"],"_links":{"self":[{"href":"https:\/\/www.riceknife.com\/no\/wp-json\/wp\/v2\/pages\/7621","targetHints":{"allow":["GET"]}}],"collection":[{"href":"https:\/\/www.riceknife.com\/no\/wp-json\/wp\/v2\/pages"}],"about":[{"href":"https:\/\/www.riceknife.com\/no\/wp-json\/wp\/v2\/types\/page"}],"author":[{"embeddable":true,"href":"https:\/\/www.riceknife.com\/no\/wp-json\/wp\/v2\/users\/1"}],"replies":[{"embeddable":true,"href":"https:\/\/www.riceknife.com\/no\/wp-json\/wp\/v2\/comments?post=7621"}],"version-history":[{"count":0,"href":"https:\/\/www.riceknife.com\/no\/wp-json\/wp\/v2\/pages\/7621\/revisions"}],"wp:attachment":[{"href":"https:\/\/www.riceknife.com\/no\/wp-json\/wp\/v2\/media?parent=7621"}],"curies":[{"name":"wp","href":"https:\/\/api.w.org\/{rel}","templated":true}]}}