{"id":7675,"date":"2023-11-14T11:38:07","date_gmt":"2023-11-14T11:38:07","guid":{"rendered":"https:\/\/www.riceknife.com\/retningslinjer-for-refusjon-og-retur\/"},"modified":"2024-11-30T15:14:40","modified_gmt":"2024-11-30T15:14:40","slug":"retningslinjer-for-refusjon-og-retur","status":"publish","type":"page","link":"https:\/\/www.riceknife.com\/no\/retningslinjer-for-refusjon-og-retur\/","title":{"rendered":"Retningslinjer for refusjon og retur"},"content":{"rendered":"\t\t<div data-elementor-type=\"wp-page\" data-elementor-id=\"7675\" class=\"elementor elementor-7675 elementor-4134\" data-elementor-post-type=\"page\">\n\t\t\t\t<div class=\"elementor-element elementor-element-2ec05ee e-flex e-con-boxed e-con e-parent\" data-id=\"2ec05ee\" data-element_type=\"container\" data-e-type=\"container\">\n\t\t\t\t\t<div class=\"e-con-inner\">\n\t\t\t\t<div class=\"elementor-element elementor-element-07f064e elementor-widget elementor-widget-text-editor\" data-id=\"07f064e\" data-element_type=\"widget\" data-e-type=\"widget\" data-widget_type=\"text-editor.default\">\n\t\t\t\t<div class=\"elementor-widget-container\">\n\t\t\t\t\t\t\t\t\t<h1>Retningslinjer for refusjon og retur<\/h1>\n<h3><strong>Takk for at du handler p\u00e5 Riceknife.<\/strong><\/h3>\n<p>Takk for at du handler p\u00e5 Riceknife.<\/p>\n<p>Hvis du av en eller annen grunn ikke er helt forn\u00f8yd med et kj\u00f8p, inviterer vi deg til \u00e5 g\u00e5 gjennom v\u00e5re retningslinjer for refusjon og retur.  <\/p>\n<p>F\u00f8lgende vilk\u00e5r gjelder for alle produkter som du har kj\u00f8pt hos oss.<\/p>\n<p>Tolkning<\/p>\n<p>Ordene med stor forbokstav har betydninger som er definert under f\u00f8lgende betingelser. F\u00f8lgende definisjoner skal ha samme betydning uansett om de forekommer i entall eller flertall. <\/p>\n<p>Definisjoner<\/p>\n<p>I forbindelse med disse retningslinjene for retur og refusjon:<\/p>\n<p>Selskapet (referert til som enten &laquo;Selskapet&raquo;, &laquo;Vi&raquo;, &laquo;Oss&raquo; eller &laquo;V\u00e5r&raquo; i denne avtalen) refererer til Linbech ApS, 4 Nurdugsvej, Greve, Danmark.<\/p>\n<p>Varer refererer til varene som tilbys for salg p\u00e5 Tjenesten.<\/p>\n<p>Bestillinger betyr en foresp\u00f8rsel fra deg om \u00e5 kj\u00f8pe varer fra oss.<\/p>\n<p>Tjenesten refererer til nettstedet.<\/p>\n<p>Nettstedet henviser til Riceknife, tilgjengelig fra www.riceknife.com<\/p>\n<p>Du betyr den personen som f\u00e5r tilgang til eller bruker Tjenesten, eller selskapet eller annen juridisk enhet p\u00e5 vegne av hvilken en slik person f\u00e5r tilgang til eller bruker Tjenesten, alt etter hva som er aktuelt.<\/p>\n<p>Dine rettigheter ved kansellering av ordre<\/p>\n<p>Du har rett til \u00e5 kansellere bestillingen din innen 30 dager uten \u00e5 oppgi noen grunn.<\/p>\n<p>Fristen for \u00e5 kansellere en bestilling er 30 dager fra den datoen du mottok varene, eller fra den datoen en tredjepart du har utpekt, som ikke er transport\u00f8ren, tar det leverte produktet i besittelse.<\/p>\n<p>For \u00e5 kunne ut\u00f8ve din angrerett m\u00e5 du informere oss om din beslutning ved hjelp av en tydelig erkl\u00e6ring. Du kan informere oss om din beslutning ved \u00e5: <\/p>\n<p>Via e-post: info@linbech.com<\/p>\n<p>Ved \u00e5 bes\u00f8ke denne siden p\u00e5 nettstedet v\u00e5rt: http:\/\/www.riceknfie.com\/contact<\/p>\n<p>Via telefonnummer: +4520464690<\/p>\n<p>Vi vil refundere deg senest 14 dager fra den dagen vi mottar de returnerte varene. Vi vil bruke samme betalingsmiddel som du brukte for bestillingen, og du vil ikke p\u00e5dra deg noen gebyrer for slik tilbakebetaling. <\/p>\n<p>Betingelser for retur<\/p>\n<p>For at varene skal v\u00e6re kvalifisert for retur, m\u00e5 du s\u00f8rge for at:<\/p>\n<p>Varene ble kj\u00f8pt i l\u00f8pet av de siste 30 dagene<\/p>\n<p>Varene er i originalemballasjen<\/p>\n<p>F\u00f8lgende varer kan ikke returneres:<\/p>\n<p>Levering av varer som er laget etter dine spesifikasjoner eller tydelig personlig tilpasset.<\/p>\n<p>Levering av varer som p\u00e5 grunn av sin beskaffenhet ikke er egnet til \u00e5 bli returnert, som forringes raskt eller der utl\u00f8psdatoen er overskredet.<\/p>\n<p>Levering av varer som ikke er egnet for retur p\u00e5 grunn av helsevern eller hygieniske \u00e5rsaker og som ble \u00e5pnet etter levering.<\/p>\n<p>Levering av varer som etter levering, i henhold til deres art, er uatskillelig blandet med andre varer.<\/p>\n<p>Vi forbeholder oss retten til \u00e5 nekte retur av varer som ikke oppfyller ovennevnte returbetingelser, etter eget skj\u00f8nn.<\/p>\n<p>Kun varer til ordin\u00e6r pris kan refunderes. Varer p\u00e5 salg kan dessverre ikke refunderes. Dette unntaket gjelder kanskje ikke for deg hvis det ikke er tillatt i henhold til gjeldende lov.  <\/p>\n<p>Returnering av varer<\/p>\n<p>Du er ansvarlig for kostnadene og risikoen ved \u00e5 returnere varene til oss. Du skal sende varene til f\u00f8lgende adresse: <\/p>\n<p>Nurdugsvej 4, 2670 Greve, Danmark<\/p>\n<p>Vi kan ikke holdes ansvarlig for varer som er skadet eller tapt i returforsendelsen. Derfor anbefaler vi en forsikret og sporbar posttjeneste. Vi kan ikke utstede refusjon uten faktisk mottak av varene eller bevis p\u00e5 mottatt returlevering.  <\/p>\n<p>Gaver<\/p>\n<p>Hvis varene ble merket som en gave da de ble kj\u00f8pt og deretter sendt direkte til deg, vil du motta en gavekreditt for verdien av returen. N\u00e5r det returnerte produktet er mottatt, vil et gavekort bli sendt til deg. <\/p>\n<p>Hvis varene ikke var merket som en gave da de ble kj\u00f8pt, eller hvis gavegiveren fikk bestillingen sendt til seg selv for \u00e5 gi den til deg senere, vil vi sende refusjonen til gavegiveren.<\/p>\n<p>Kontakt oss<\/p>\n<p>Hvis du har sp\u00f8rsm\u00e5l om v\u00e5re retningslinjer for retur og refusjon, kan du kontakte oss:<\/p>\n<p>Via e-post: info@linbech.com<\/p>\n<p>Ved \u00e5 bes\u00f8ke denne siden p\u00e5 nettstedet v\u00e5rt: http:\/\/www.riceknfie.com\/contact<\/p>\n<p>Via telefonnummer: +4520464690<\/p>\n<p>Sist oppdatert: 23. januar 2023<\/p>\t\t\t\t\t\t\t\t<\/div>\n\t\t\t\t<\/div>\n\t\t\t\t\t<\/div>\n\t\t\t\t<\/div>\n\t\t\t\t<\/div>\n\t\t","protected":false},"excerpt":{"rendered":"<p>Retningslinjer for refusjon og retur Takk for at du handler p\u00e5 Riceknife. Takk for at du handler p\u00e5 Riceknife. Hvis du av en eller annen grunn ikke er helt forn\u00f8yd med et kj\u00f8p, inviterer vi deg til \u00e5 g\u00e5 gjennom v\u00e5re retningslinjer for refusjon og retur. F\u00f8lgende vilk\u00e5r gjelder for alle produkter som du har [&hellip;]<\/p>\n","protected":false},"author":1,"featured_media":0,"parent":0,"menu_order":0,"comment_status":"closed","ping_status":"closed","template":"","meta":{"site-sidebar-layout":"no-sidebar","site-content-layout":"page-builder","ast-site-content-layout":"full-width-container","site-content-style":"unboxed","site-sidebar-style":"unboxed","ast-global-header-display":"","ast-banner-title-visibility":"","ast-main-header-display":"","ast-hfb-above-header-display":"","ast-hfb-below-header-display":"","ast-hfb-mobile-header-display":"","site-post-title":"disabled","ast-breadcrumbs-content":"","ast-featured-img":"disabled","footer-sml-layout":"","ast-disable-related-posts":"","theme-transparent-header-meta":"","adv-header-id-meta":"","stick-header-meta":"","header-above-stick-meta":"","header-main-stick-meta":"","header-below-stick-meta":"","astra-migrate-meta-layouts":"default","ast-page-background-enabled":"default","ast-page-background-meta":{"desktop":{"background-color":"var(--ast-global-color-4)","background-image":"","background-repeat":"repeat","background-position":"center center","background-size":"auto","background-attachment":"scroll","background-type":"","background-media":"","overlay-type":"","overlay-color":"","overlay-opacity":"","overlay-gradient":""},"tablet":{"background-color":"","background-image":"","background-repeat":"repeat","background-position":"center center","background-size":"auto","background-attachment":"scroll","background-type":"","background-media":"","overlay-type":"","overlay-color":"","overlay-opacity":"","overlay-gradient":""},"mobile":{"background-color":"","background-image":"","background-repeat":"repeat","background-position":"center center","background-size":"auto","background-attachment":"scroll","background-type":"","background-media":"","overlay-type":"","overlay-color":"","overlay-opacity":"","overlay-gradient":""}},"ast-content-background-meta":{"desktop":{"background-color":"var(--ast-global-color-5)","background-image":"","background-repeat":"repeat","background-position":"center center","background-size":"auto","background-attachment":"scroll","background-type":"","background-media":"","overlay-type":"","overlay-color":"","overlay-opacity":"","overlay-gradient":""},"tablet":{"background-color":"var(--ast-global-color-5)","background-image":"","background-repeat":"repeat","background-position":"center center","background-size":"auto","background-attachment":"scroll","background-type":"","background-media":"","overlay-type":"","overlay-color":"","overlay-opacity":"","overlay-gradient":""},"mobile":{"background-color":"var(--ast-global-color-5)","background-image":"","background-repeat":"repeat","background-position":"center center","background-size":"auto","background-attachment":"scroll","background-type":"","background-media":"","overlay-type":"","overlay-color":"","overlay-opacity":"","overlay-gradient":""}},"footnotes":""},"class_list":["post-7675","page","type-page","status-publish","hentry"],"_links":{"self":[{"href":"https:\/\/www.riceknife.com\/no\/wp-json\/wp\/v2\/pages\/7675","targetHints":{"allow":["GET"]}}],"collection":[{"href":"https:\/\/www.riceknife.com\/no\/wp-json\/wp\/v2\/pages"}],"about":[{"href":"https:\/\/www.riceknife.com\/no\/wp-json\/wp\/v2\/types\/page"}],"author":[{"embeddable":true,"href":"https:\/\/www.riceknife.com\/no\/wp-json\/wp\/v2\/users\/1"}],"replies":[{"embeddable":true,"href":"https:\/\/www.riceknife.com\/no\/wp-json\/wp\/v2\/comments?post=7675"}],"version-history":[{"count":0,"href":"https:\/\/www.riceknife.com\/no\/wp-json\/wp\/v2\/pages\/7675\/revisions"}],"wp:attachment":[{"href":"https:\/\/www.riceknife.com\/no\/wp-json\/wp\/v2\/media?parent=7675"}],"curies":[{"name":"wp","href":"https:\/\/api.w.org\/{rel}","templated":true}]}}