{"id":7736,"date":"2023-10-23T12:07:29","date_gmt":"2023-10-23T12:07:29","guid":{"rendered":"https:\/\/www.riceknife.com\/knivpleie\/"},"modified":"2024-11-30T15:32:05","modified_gmt":"2024-11-30T15:32:05","slug":"knivpleie","status":"publish","type":"page","link":"https:\/\/www.riceknife.com\/no\/knivpleie\/","title":{"rendered":"Knivpleie"},"content":{"rendered":"\t\t<div data-elementor-type=\"wp-page\" data-elementor-id=\"7736\" class=\"elementor elementor-7736 elementor-3831\" data-elementor-post-type=\"page\">\n\t\t\t\t\t\t<section class=\"elementor-section elementor-top-section elementor-element elementor-element-o8htsov elementor-section-full_width elementor-section-height-default elementor-section-height-default\" data-id=\"o8htsov\" data-element_type=\"section\" data-e-type=\"section\" data-settings=\"{&quot;background_background&quot;:&quot;classic&quot;}\">\n\t\t\t\t\t\t<div class=\"elementor-container elementor-column-gap-no\">\n\t\t\t\t\t<div class=\"elementor-column elementor-col-100 elementor-top-column elementor-element elementor-element-5ffd739\" data-id=\"5ffd739\" data-element_type=\"column\" data-e-type=\"column\">\n\t\t\t<div class=\"elementor-widget-wrap elementor-element-populated\">\n\t\t\t\t\t\t<div class=\"elementor-element elementor-element-18ea619 elementor-widget elementor-widget-image\" data-id=\"18ea619\" data-element_type=\"widget\" data-e-type=\"widget\" data-widget_type=\"image.default\">\n\t\t\t\t<div class=\"elementor-widget-container\">\n\t\t\t\t\t\t\t\t\t\t\t\t\t\t\t<img decoding=\"async\" src=\"https:\/\/www.riceknife.com\/wp-content\/uploads\/elementor\/thumbs\/Riceknife-Knife-Care-qea9uo9juapnlgzscevuhrsps1mx9vx61frk5ormnk.png\" title=\"Riceknife Knife Care\" alt=\"Riceknife Knife Care\" loading=\"lazy\" \/>\t\t\t\t\t\t\t\t\t\t\t\t\t\t\t<\/div>\n\t\t\t\t<\/div>\n\t\t\t\t<section class=\"elementor-section elementor-inner-section elementor-element elementor-element-e07b74c elementor-section-boxed elementor-section-height-default elementor-section-height-default\" data-id=\"e07b74c\" data-element_type=\"section\" data-e-type=\"section\" data-settings=\"{&quot;background_background&quot;:&quot;classic&quot;}\">\n\t\t\t\t\t\t<div class=\"elementor-container elementor-column-gap-no\">\n\t\t\t\t\t<div class=\"elementor-column elementor-col-100 elementor-inner-column elementor-element elementor-element-2e93442\" data-id=\"2e93442\" data-element_type=\"column\" data-e-type=\"column\">\n\t\t\t<div class=\"elementor-widget-wrap elementor-element-populated\">\n\t\t\t\t\t\t<div class=\"elementor-element elementor-element-d5dc303 elementor-widget elementor-widget-heading\" data-id=\"d5dc303\" data-element_type=\"widget\" data-e-type=\"widget\" data-widget_type=\"heading.default\">\n\t\t\t\t<div class=\"elementor-widget-container\">\n\t\t\t\t\t<h1 class=\"elementor-heading-title elementor-size-default\">RICEKNIFE <br>KNIVPLEIE<\/h1>\t\t\t\t<\/div>\n\t\t\t\t<\/div>\n\t\t\t\t<div class=\"elementor-element elementor-element-244c0bb elementor-widget elementor-widget-text-editor\" data-id=\"244c0bb\" data-element_type=\"widget\" data-e-type=\"widget\" data-widget_type=\"text-editor.default\">\n\t\t\t\t<div class=\"elementor-widget-container\">\n\t\t\t\t\t\t\t\t\t<h2>Hva er de beste tipsene for knivpleie?<\/h2>\n<p>En kj\u00f8kkenkniv er et viktig verkt\u00f8y for tilberedning av mat, og det er avgj\u00f8rende for sikkerheten og brukervennligheten at den holdes skarp. Riktig knivpleie er et must for \u00e5 forhindre at knivene dine blir sl\u00f8ve. La oss se n\u00e6rmere p\u00e5 hvordan du effektivt kan ta vare p\u00e5 de skarpe knivene dine og holde dem i god stand.  <\/p>\n<p>Rustfritt st\u00e5l heter ikke flekkfritt st\u00e5l!<br \/>Legg ALDRI knivene dine i oppvaskmaskinen! Det er ikke bra for st\u00e5let eller h\u00e5ndtaket. Ikke la kniven ligge i vann.  <\/p>\n<p>Husk at kniven din bare er s\u00e5 skarp som personen som sliper den. Med et godt slipest\u00e5l og en slipestein med korn 600\/1000 kommer du langt. Men alle m\u00e5ter som fungerer for deg er bra!  <\/p>\n<p>Bruk den, hold den ren, og den vil tjene deg i mange \u00e5r fremover!<\/p>\n\t\t\t\t\t\t\t\t<\/div>\n\t\t\t\t<\/div>\n\t\t\t\t<div class=\"elementor-element elementor-element-085175f elementor-align-center elementor-widget elementor-widget-button\" data-id=\"085175f\" data-element_type=\"widget\" data-e-type=\"widget\" data-widget_type=\"button.default\">\n\t\t\t\t<div class=\"elementor-widget-container\">\n\t\t\t\t\t\t\t\t\t<div class=\"elementor-button-wrapper\">\n\t\t\t\t\t<a class=\"elementor-button elementor-button-link elementor-size-sm\" href=\"https:\/\/www.riceknife.com\/no\/shop\/\" target=\"_blank\">\n\t\t\t\t\t\t<span class=\"elementor-button-content-wrapper\">\n\t\t\t\t\t\t\t\t\t<span class=\"elementor-button-text\">Handle n\u00e5<\/span>\n\t\t\t\t\t<\/span>\n\t\t\t\t\t<\/a>\n\t\t\t\t<\/div>\n\t\t\t\t\t\t\t\t<\/div>\n\t\t\t\t<\/div>\n\t\t\t\t\t<\/div>\n\t\t<\/div>\n\t\t\t\t\t<\/div>\n\t\t<\/section>\n\t\t\t\t\t<\/div>\n\t\t<\/div>\n\t\t\t\t\t<\/div>\n\t\t<\/section>\n\t\t<div class=\"elementor-element elementor-element-b0bac2a e-flex e-con-boxed e-con e-parent\" data-id=\"b0bac2a\" data-element_type=\"container\" data-e-type=\"container\">\n\t\t\t\t\t<div class=\"e-con-inner\">\n\t\t\t\t<div class=\"elementor-element elementor-element-e762119 elementor-widget elementor-widget-image\" data-id=\"e762119\" data-element_type=\"widget\" data-e-type=\"widget\" data-widget_type=\"image.default\">\n\t\t\t\t<div class=\"elementor-widget-container\">\n\t\t\t\t\t\t\t\t\t\t\t\t\t\t\t<img fetchpriority=\"high\" decoding=\"async\" width=\"250\" height=\"250\" src=\"https:\/\/www.riceknife.com\/wp-content\/uploads\/2023\/07\/LOGO-RICEKNIFE-1.png\" class=\"attachment-full size-full wp-image-5549\" alt=\"\" srcset=\"https:\/\/www.riceknife.com\/wp-content\/uploads\/2023\/07\/LOGO-RICEKNIFE-1.png 250w, https:\/\/www.riceknife.com\/wp-content\/uploads\/2023\/07\/LOGO-RICEKNIFE-1-100x100.png 100w, https:\/\/www.riceknife.com\/wp-content\/uploads\/2023\/07\/LOGO-RICEKNIFE-1-64x64.png 64w, https:\/\/www.riceknife.com\/wp-content\/uploads\/2023\/07\/LOGO-RICEKNIFE-1-150x150.png 150w, https:\/\/www.riceknife.com\/wp-content\/uploads\/2023\/07\/LOGO-RICEKNIFE-1-60x60.png 60w, https:\/\/www.riceknife.com\/wp-content\/uploads\/2023\/07\/LOGO-RICEKNIFE-1-110x110.png 110w\" sizes=\"(max-width: 250px) 100vw, 250px\" \/>\t\t\t\t\t\t\t\t\t\t\t\t\t\t\t<\/div>\n\t\t\t\t<\/div>\n\t\t\t\t\t<\/div>\n\t\t\t\t<\/div>\n\t\t<div class=\"elementor-element elementor-element-e41ae49 e-flex e-con-boxed e-con e-parent\" data-id=\"e41ae49\" data-element_type=\"container\" data-e-type=\"container\">\n\t\t\t\t\t<div class=\"e-con-inner\">\n\t\t\t\t<div class=\"elementor-element elementor-element-146c1b6 elementor-widget elementor-widget-text-editor\" data-id=\"146c1b6\" data-element_type=\"widget\" data-e-type=\"widget\" data-widget_type=\"text-editor.default\">\n\t\t\t\t<div class=\"elementor-widget-container\">\n\t\t\t\t\t\t\t\t\t<h3 style=\"text-align: center;\">Her er noen viktige anbefalinger for Riceknife:<\/h3>\n<h5 style=\"text-align: left;\">#1.<br \/>\n <span style=\"font-size: 16px;\">Hold kniven ren etter hver gang du bruker den.<\/span><\/h5>\n<p style=\"text-align: left;\">S\u00f8rg for at kniven er ren etter hver gang du bruker den. Syrlige matvarer som sitroner, tomater og l\u00f8k kan f\u00f8re til gradvis korrosjon av knivbladet. Derfor er det lurt \u00e5 rengj\u00f8re kniven etter at du har sk\u00e5ret i noe surt, spesielt hvis du bruker en kniv i h\u00f8ykarbonst\u00e5l. <\/p>\n<p style=\"text-align: left;\">Selv om de fleste moderne kj\u00f8kkenkniver er laget av rustfritt st\u00e5l og er motstandsdyktige mot rust, kan manglende rengj\u00f8ring f\u00f8re til at det dannes sm\u00e5 rustflekker, s\u00e6rlig i n\u00e6rheten av skj\u00e6rekanten der det rustfrie st\u00e5let kan ha slitt seg.<\/p>\n<p style=\"text-align: left;\">I tillegg er det viktig \u00e5 holde kniven ren mens du arbeider ved \u00e5 t\u00f8rke av den med et kj\u00f8kkenh\u00e5ndkle for \u00e5 fjerne matrester etter hver gang du bruker den.<\/p>\n<h5 style=\"text-align: left;\">#2.<br \/>\n <span style=\"font-size: 16px;\">Rengj\u00f8r kniven med s\u00e5pevann.<\/span><\/h5>\n<p style=\"text-align: left;\">Vask kniven med mildt s\u00e5pevann Bruk mild s\u00e5pe og varmt vann til \u00e5 vaske og rengj\u00f8re kniven, helst umiddelbart etter bruk for \u00e5 forhindre korrosjon og sikre god hygiene. Unng\u00e5 \u00e5 legge kniven i bl\u00f8t, da dette kan mette h\u00e5ndtaket og f\u00f8re til bakterieopphopning. <\/p>\n<p style=\"text-align: left;\">For \u00e5 opprettholde knivenes levetid og sikre at de er rene, er h\u00e5ndvask den ideelle metoden.<\/p>\n<h5 style=\"text-align: left;\">#3.<br \/>\n <span style=\"font-size: 16px;\">T\u00f8rk kniven med en gang.<\/span><\/h5>\n<p style=\"text-align: left;\">T\u00f8rk kniven med en gang For \u00e5 unng\u00e5 at kniven ruster eller opphopning av bakterier, m\u00e5 du ikke la den luftt\u00f8rke. Bruk i stedet et h\u00e5ndkle til \u00e5 t\u00f8rke den grundig s\u00e5 snart du har vasket den. Du kan ogs\u00e5 bruke et papirh\u00e5ndkle til dette form\u00e5let. Selv om det kan virke som en liten detalj, kan disse rutinene bidra til \u00e5 holde kniven din i topp stand.   <\/p>\n<p style=\"text-align: left;\"><strong>Bonustips:<\/strong> Etter t\u00f8rking kan du bruke et tynt lag med n\u00f8ytral olje p\u00e5 kniven. S\u00f8rg for \u00e5 unng\u00e5 bladkanten, og bruk et papirh\u00e5ndkle til \u00e5 sm\u00f8re inn. Hvis du legger kniven p\u00e5 et flatt underlag mens du oljer den, kan du unng\u00e5 \u00e5 skj\u00e6re deg ved et uhell.  <\/p>\n<h5 style=\"text-align: left;\">#4.<br \/>\n <span style=\"font-size: 16px;\">Velg et passende skj\u00e6rebrett.<\/span><\/h5>\n<p style=\"text-align: left;\">Velg riktig skj\u00e6rebrett Det er viktig \u00e5 velge riktig skj\u00e6rebrett. Selv om du kanskje tror at skj\u00e6rebrett av glass eller marmor er egnet for kniven din, kan de faktisk v\u00e6re skadelige for bladet. <\/p>\n<p style=\"text-align: left;\">Velg skj\u00e6rebrett av tre eller plast, da de er mer sk\u00e5nsomme mot kniveggen. Ved \u00e5 velge riktig skj\u00e6rebrett holder du kniven skarp. <\/p>\n<p style=\"text-align: left;\"><strong>Bonustips:<\/strong> Vurder \u00e5 kj\u00f8pe skj\u00e6rebrett i hotell- og restaurantbutikker eller p\u00e5 nettet, da de ofte er av bransjestandard kvalitet og holdbarhet. De finnes i ulike farger, noe som gj\u00f8r det enkelt \u00e5 holde kj\u00f8tt- og gr\u00f8nnsakstilberedning adskilt ved \u00e5 bruke bestemte farger. <\/p>\n<h5 style=\"text-align: left;\">#5.<br \/>\n <span style=\"font-size: 16px;\">Finpuss og juster knivens egg.<\/span><\/h5>\n<p style=\"text-align: left;\">Slip kniven jevnlig Vurder profesjonell sliping en gang i \u00e5ret, eller oftere hvis kniven virker sl\u00f8v. Du kan bruke brynesteiner og l\u00e6rstropper til \u00e5 slipe bladet, og en slipestav kan ogs\u00e5 v\u00e6re nyttig for \u00e5 opprettholde knivens eggretning. <\/p>\n<p style=\"text-align: left;\">En sl\u00f8v kniv er farligere enn en skarp kniv, da den krever mer kraft under bruk, noe som \u00f8ker risikoen for ulykker eller skader. Du kan med fordel slipe kniven to ganger i \u00e5ret, og slipe den f\u00f8r hver gang du bruker den. <\/p>\n<p style=\"text-align: left;\">N\u00e5r du skal velge mellom sliping og sliping, m\u00e5 du huske p\u00e5 at japanske kniver med hardt st\u00e5l b\u00f8r slipes med brynestein, mens vestlige kniver, som er mykere, med fordel kan slipes med slipestenger.<\/p>\n<h5 style=\"text-align: left;\">#6.<br \/>\n <span style=\"font-size: 16px;\">Unng\u00e5 \u00e5 sette kniven i oppvaskmaskinen.<\/span><\/h5>\n<p style=\"text-align: left;\">Unng\u00e5 bruk av oppvaskmaskin Oppvaskmaskiner kan utsette kniven din for sterk varme, noe som ikke er egnet for rengj\u00f8ring. Hvis knivh\u00e5ndtaket ditt er laget av tre eller harpiks, er det best \u00e5 unng\u00e5 oppvaskmaskinen. <\/p>\n<p style=\"text-align: left;\">Dette er fordi oppvaskmaskiner utsetter kniven din for h\u00f8ye temperaturer over lengre tid, noe som kan skade den generelle helsen. I tillegg kan vannet fra oppvaskmaskinen overmette knivh\u00e5ndtaket, noe som kan f\u00f8re til opphopning av bakterier. <\/p>\n<h5 style=\"text-align: left;\">#7.<br \/>\n <span style=\"font-size: 16px;\">V\u00e6r oppmerksom p\u00e5 riktig oppbevaring av knivene dine.<\/span><\/h5>\n<p style=\"text-align: left;\">Oppbevar knivene dine p\u00e5 riktig m\u00e5te H\u00e5ndter knivene dine med forsiktighet under oppbevaring. Bruk knivbladdeksler for \u00e5 minimere kontakt med andre redskaper, da kontakt kan f\u00f8re til at bladet flises opp, brekker eller blir sl\u00f8vt. <\/p>\n<p style=\"text-align: left;\">Vurder \u00e5 bruke en knivblokk eller et magnetisk knivstativ til oppbevaring, og s\u00f8rg for at knivene er vendt oppover for \u00e5 unng\u00e5 utilsiktede skader n\u00e5r du kommer til knivene.<\/p>\n<p style=\"text-align: left;\">For \u00e5 sikre topp ytelse og lang levetid for favorittkniven din, b\u00f8r du prioritere vedlikehold. Vask kniven for h\u00e5nd med s\u00e5pevann, unng\u00e5 oppvaskmaskin, og bruk et h\u00e5ndkle til t\u00f8rking. V\u00e6r alltid forsiktig n\u00e5r du h\u00e5ndterer skarpe kniver. Hold knivene skarpe og godt justert, og velg riktig skj\u00e6rebrett. I tillegg b\u00f8r du oppbevare knivene p\u00e5 riktig m\u00e5te, spesielt n\u00e5r det er barn i huset.    <\/p>\n<h6><strong>Knife Care &#8211; Riceknife | Har du noen kommentarer? Vennligst kontakt oss p\u00e5 Info@riceknife.com <\/strong><\/h6>\n<p style=\"text-align: left;\"><a href=\"https:\/\/www.riceknife.dk\/\" target=\"_blank\" rel=\"noopener\"><strong>Bor du i Danmark?<\/strong>  Bes\u00f8k v\u00e5r danske nettside!<\/a><\/p>\n\t\t\t\t\t\t\t\t<\/div>\n\t\t\t\t<\/div>\n\t\t\t\t\t<\/div>\n\t\t\t\t<\/div>\n\t\t\t\t<\/div>\n\t\t","protected":false},"excerpt":{"rendered":"<p>RICEKNIFE KNIVPLEIE Hva er de beste tipsene for knivpleie? En kj\u00f8kkenkniv er et viktig verkt\u00f8y for tilberedning av mat, og det er avgj\u00f8rende for sikkerheten og brukervennligheten at den holdes skarp. Riktig knivpleie er et must for \u00e5 forhindre at knivene dine blir sl\u00f8ve. La oss se n\u00e6rmere p\u00e5 hvordan du effektivt kan ta vare [&hellip;]<\/p>\n","protected":false},"author":1,"featured_media":5810,"parent":0,"menu_order":0,"comment_status":"closed","ping_status":"closed","template":"","meta":{"site-sidebar-layout":"no-sidebar","site-content-layout":"page-builder","ast-site-content-layout":"full-width-container","site-content-style":"default","site-sidebar-style":"default","ast-global-header-display":"","ast-banner-title-visibility":"","ast-main-header-display":"","ast-hfb-above-header-display":"","ast-hfb-below-header-display":"","ast-hfb-mobile-header-display":"","site-post-title":"disabled","ast-breadcrumbs-content":"","ast-featured-img":"disabled","footer-sml-layout":"","ast-disable-related-posts":"","theme-transparent-header-meta":"","adv-header-id-meta":"","stick-header-meta":"","header-above-stick-meta":"","header-main-stick-meta":"","header-below-stick-meta":"","astra-migrate-meta-layouts":"default","ast-page-background-enabled":"default","ast-page-background-meta":{"desktop":{"background-color":"var(--ast-global-color-4)","background-image":"","background-repeat":"repeat","background-position":"center center","background-size":"auto","background-attachment":"scroll","background-type":"","background-media":"","overlay-type":"","overlay-color":"","overlay-opacity":"","overlay-gradient":""},"tablet":{"background-color":"","background-image":"","background-repeat":"repeat","background-position":"center center","background-size":"auto","background-attachment":"scroll","background-type":"","background-media":"","overlay-type":"","overlay-color":"","overlay-opacity":"","overlay-gradient":""},"mobile":{"background-color":"","background-image":"","background-repeat":"repeat","background-position":"center center","background-size":"auto","background-attachment":"scroll","background-type":"","background-media":"","overlay-type":"","overlay-color":"","overlay-opacity":"","overlay-gradient":""}},"ast-content-background-meta":{"desktop":{"background-color":"var(--ast-global-color-5)","background-image":"","background-repeat":"repeat","background-position":"center center","background-size":"auto","background-attachment":"scroll","background-type":"","background-media":"","overlay-type":"","overlay-color":"","overlay-opacity":"","overlay-gradient":""},"tablet":{"background-color":"var(--ast-global-color-5)","background-image":"","background-repeat":"repeat","background-position":"center center","background-size":"auto","background-attachment":"scroll","background-type":"","background-media":"","overlay-type":"","overlay-color":"","overlay-opacity":"","overlay-gradient":""},"mobile":{"background-color":"var(--ast-global-color-5)","background-image":"","background-repeat":"repeat","background-position":"center center","background-size":"auto","background-attachment":"scroll","background-type":"","background-media":"","overlay-type":"","overlay-color":"","overlay-opacity":"","overlay-gradient":""}},"footnotes":""},"class_list":["post-7736","page","type-page","status-publish","has-post-thumbnail","hentry"],"_links":{"self":[{"href":"https:\/\/www.riceknife.com\/no\/wp-json\/wp\/v2\/pages\/7736","targetHints":{"allow":["GET"]}}],"collection":[{"href":"https:\/\/www.riceknife.com\/no\/wp-json\/wp\/v2\/pages"}],"about":[{"href":"https:\/\/www.riceknife.com\/no\/wp-json\/wp\/v2\/types\/page"}],"author":[{"embeddable":true,"href":"https:\/\/www.riceknife.com\/no\/wp-json\/wp\/v2\/users\/1"}],"replies":[{"embeddable":true,"href":"https:\/\/www.riceknife.com\/no\/wp-json\/wp\/v2\/comments?post=7736"}],"version-history":[{"count":0,"href":"https:\/\/www.riceknife.com\/no\/wp-json\/wp\/v2\/pages\/7736\/revisions"}],"wp:featuredmedia":[{"embeddable":true,"href":"https:\/\/www.riceknife.com\/no\/wp-json\/wp\/v2\/media\/5810"}],"wp:attachment":[{"href":"https:\/\/www.riceknife.com\/no\/wp-json\/wp\/v2\/media?parent=7736"}],"curies":[{"name":"wp","href":"https:\/\/api.w.org\/{rel}","templated":true}]}}