{"id":8685,"date":"2025-02-15T12:18:46","date_gmt":"2025-02-15T12:18:46","guid":{"rendered":"https:\/\/www.riceknife.com\/product\/valkyrie-x-hornsleth-1-6\/"},"modified":"2025-11-27T23:45:44","modified_gmt":"2025-11-27T23:45:44","slug":"valkyrie-x-hornsleth-1-6","status":"publish","type":"product","link":"https:\/\/www.riceknife.com\/no\/produkt\/valkyrie-x-hornsleth-1-6\/","title":{"rendered":"Valkyrie x Hornsleth 1\/6"},"content":{"rendered":"<div class=\"ast-oembed-container \" style=\"height: 100%;\"><iframe title=\"Riceknife x Hornsleth Collaboration\" width=\"422\" height=\"750\" src=\"https:\/\/www.youtube.com\/embed\/0OeHwrKEu2U?feature=oembed\" frameborder=\"0\" allow=\"accelerometer; autoplay; clipboard-write; encrypted-media; gyroscope; picture-in-picture; web-share\" referrerpolicy=\"strict-origin-when-cross-origin\" allowfullscreen><\/iframe><\/div>\n<details id=\"e-n-accordion-item-2230\">\n<summary tabindex=\"0\" data-accordion-index=\"1\" aria-expanded=\"false\" aria-controls=\"e-n-accordion-item-2230\">Specifikationer<\/summary>\n<h3>Valkyrie II x Hornsleth<\/h3>\n<ul>\n<li style=\"list-style-type: none;\">\n<ul>\n<li>Samlet l\u00e6ngde: 358 mm<\/li>\n<li>Bladl\u00e6ngde: 218 mm<\/li>\n<li>H\u00e5ndtagsl\u00e6ngde: 140 mm<\/li>\n<li>Bladbredde: 48 mm<\/li>\n<li>Bladtykkelse: 2,5 mm<\/li>\n<li>Bladmateriale: 67 lags taktilt damaskus st\u00e5l med en kerne af <a href=\"https:\/\/www.riceknife.dk\/vg10-staal\/\" target=\"_blank\" rel=\"noopener\">VG10<\/a><\/li>\n<li>H\u00e5rdhed: 62+\/-2 HRC (<a href=\"https:\/\/www.riceknife.dk\/hvad-er-rockwell\/\" target=\"_blank\" rel=\"noopener\">Rockwell<\/a>)<\/li>\n<li>V\u00e6gt: 155g<\/li>\n<li>H\u00e5ndtagsmateriale: Japanese Octagonal Shape Zebra Wood + Blue\/White G10<\/li>\n<\/ul>\n<\/li>\n<\/ul>\n<hr style=\"border: 1px solid #ccc; margin: 20px 0;\" \/>\n<p><strong>Det taktile Damaskus-st\u00e5l er fundamentalt anderledes end det almindelige Damaskus-st\u00e5l.<\/strong> Taktil betyder at man tydeligvis kan m\u00e6rke m\u00f8nsteret I st\u00e5let.<\/p>\n<p>Produktionsprocessen af det taktile Damaskus-st\u00e5l sker ved gentagne gange at folde og smede st\u00e5l med to forskellige h\u00e5rdhedstyper, L442 og L316. Fordi L442 er et h\u00e5rdere Austenit rustfrit st\u00e5l, og L316 er et bl\u00f8dere Martensit rustfrit st\u00e5l, har Damaskus-st\u00e5let, der er lavet ved at folde de to materialer sammen, b\u00e5de st\u00f8rre plasticitet og h\u00e5rdere egenskaber af rustfrit st\u00e5l.<\/p>\n<p><strong><a href=\"https:\/\/www.riceknife.dk\/taktile-damaskus-staal\/\" target=\"_blank\" rel=\"noopener\">L\u00e6s videre: L\u00e6s mere om vores \u201cTaktile Damaskus St\u00e5l\u201d h\u00e9r!<\/a><\/strong><\/p>\n<\/details>\n<details id=\"e-n-accordion-item-2231\">\n<summary tabindex=\"-1\" data-accordion-index=\"2\" aria-expanded=\"false\" aria-controls=\"e-n-accordion-item-2231\">Om historier og knive<\/summary>\n<h3>Historien om Valkyrie kniven<\/h3>\n<p>Valkyrie-kniven har sit navn efter valkyrierne, de magtfulde kvindelige skikkelser fra den nordiske mytologi. Klingen er prydet med indviklede runer lasergraveret p\u00e5 det, der symboliserer vikingernes krigeriske \u00e5nd. Runerne p\u00e5 bladet overs\u00e6ttes til \u201cDet er bedre at d\u00f8 i kamp end at leve i skam\u201d.<\/p>\n<p>En f\u00f8lelse, der legemligg\u00f8r vikingernes h\u00e5rde og frygtl\u00f8se \u00e5nd. Kniven tjener ogs\u00e5 som en st\u00e6rk p\u00e5mindelse om at leve et modigt og h\u00e6derligt liv, som fortidens store vikingekrigere. Det unikke design med lasergraverede runer, den hamrede klinge og det unikke h\u00e5ndtag, g\u00f8r den til et sj\u00e6ldent samlerobjekt.<\/p>\n<hr \/>\n<h3>L\u00e6s mere om kniven herunder<\/h3>\n<p>Med en samlet l\u00e6ngde p\u00e5 358 mm og et pr\u00e6cist blad p\u00e5 218 mm er denne kokkekniv en sand mester til sk\u00e6rearbejde. Fremstillet af 67-lags taktilt damaskus st\u00e5l med en VG10 kerne, er dette blad skabt til at modst\u00e5 slid og bevare sin skarphed i lang tid.<\/p>\n<p>Bladets 2,5 mm tykkelse og 48 mm bredde sikrer pr\u00e6cis snit og sk\u00e6rearbejde, uanset om det er finhakning af gr\u00f8ntsager eller pr\u00e6cis udsk\u00e6ring af k\u00f8d. Med en imponerende h\u00e5rdhed p\u00e5 HRC 62+2 (Rockwell) forbliver dette blad skarpt og klar til enhver udfordring. Det japansk ottekantede h\u00e5ndtag i Zebra Wood + Blue\/White G10-materiale giver ikke kun et sikkert greb, men tilf\u00f8jer ogs\u00e5 en subtil elegance til knivens udseende.<\/p>\n<p>Med en v\u00e6gt p\u00e5 155g er denne kokkekniv let og behagelig at arbejde med i l\u00e6ngere perioder. Uanset om du er en professionel kok eller en passioneret madlavningsentusiast derhjemme, vil Riceknife Valkyrie II. 2023 \u2013 Damaskus Kokkekniv v\u00e6re din p\u00e5lidelige partner i k\u00f8kkenet, klar til at give dig pr\u00e6cis sk\u00e6ring og enest\u00e5ende ydeevne hver gang.<\/p>\n<p><a href=\"https:\/\/www.riceknife.dk\/opbevaring-koekkenknive\/\" target=\"_blank\" rel=\"noopener\"><strong>L\u00c6S OGS\u00c5:<\/strong> Opbevaring af k\u00f8kkenknive<\/a><\/p>\n<p><a href=\"https:\/\/www.riceknife.dk\/kan-man-putte-knive-i-opvaskemaskinen\/\" target=\"_blank\" rel=\"noopener\"><strong>L\u00c6S OGS\u00c5:<\/strong> Kan man putte knive i opvaskemaskinen?<\/a><\/p>\n<\/details>\n<details id=\"e-n-accordion-item-2232\">\n<summary tabindex=\"-1\" data-accordion-index=\"3\" aria-expanded=\"false\" aria-controls=\"e-n-accordion-item-2232\">Om Hornsleth<\/summary>\n<p data-start=\"0\" data-end=\"116\"><strong><a href=\"https:\/\/hornsleth.com\/\" target=\"_blank\" rel=\"noopener\">Kristian Von Hornsleth<\/a> er en kendt dansk kunstner, ber\u00f8mt for sin alternative kunststil og provokerende l\u00e6rredvalg.<\/strong><\/p>\n<p data-start=\"118\" data-end=\"354\">I 2024, efter indbruddet p\u00e5 Hornsleth-museet i K\u00f8benhavn V, blev Jacob Bech f\u00f8rst introduceret til Hornsleths historie og hans ud\u00f8delige ord:<br data-start=\"259\" data-end=\"262\" \/><strong data-start=\"262\" data-end=\"322\">\u201cKUNST SKAL V\u00c6RE FARLIGT, ELLERS ER DET BARE DEKORATION\u201d<\/strong><br data-start=\"322\" data-end=\"325\" \/>\u2013 <em data-start=\"327\" data-end=\"352\">Kristian Von Hornsleth<\/em><\/p>\n<p data-start=\"356\" data-end=\"500\">Disse ord br\u00e6ndte sig fast i Jacobs hoved som et r\u00f8dgl\u00f8dende stempel!<br data-start=\"425\" data-end=\"428\" \/>Der var ingen tvivl om, at det m\u00e5tte ske!<br data-start=\"469\" data-end=\"472\" \/><strong data-start=\"472\" data-end=\"498\">HAN SKAL MALE KNIVENE!<\/strong><\/p>\n<p data-start=\"502\" data-end=\"664\">Det tog seks m\u00e5neder at f\u00f8re id\u00e9en ud i livet.<br data-start=\"548\" data-end=\"551\" \/>Resultatet taler for sig selv!<br data-start=\"581\" data-end=\"584\" \/><strong data-start=\"584\" data-end=\"616\">Syv enest\u00e5ende mesterv\u00e6rker.<\/strong><br data-start=\"616\" data-end=\"619\" \/>\u00c9n af hver fra 2023-serien + \u00e9n Aogami Joker.<\/p>\n<p data-start=\"666\" data-end=\"792\">Hvis du vil k\u00f8be et ultra unikt stykke kunst \u2013 eller hvis du bare m\u00e5 eje den sejeste kniv i k\u00f8kkenet \u2013 kan du finde dem hos:<\/p>\n<ul data-start=\"793\" data-end=\"864\">\n<li data-start=\"793\" data-end=\"814\"><strong data-start=\"795\" data-end=\"812\">MENY Rotunden<\/strong><\/li>\n<li data-start=\"815\" data-end=\"836\"><strong data-start=\"817\" data-end=\"834\">MENY Dalgaard<\/strong><\/li>\n<li data-start=\"837\" data-end=\"864\"><strong data-start=\"839\" data-end=\"862\">L\u00f8gismose Toldboden<\/strong><\/li>\n<\/ul>\n<p data-start=\"866\" data-end=\"908\"><strong data-start=\"866\" data-end=\"908\">Disse knive vil ikke blive genudgivet!<\/strong><\/p>\n<p data-start=\"910\" data-end=\"1034\" data-is-last-node=\"\">Speciel tak til <strong data-start=\"926\" data-end=\"941\">Casper Berg<\/strong>, dronepilot og ven af Riceknife Danmark, som har hjulpet med at indgravere og filme knivene.<\/p>\n<\/details>\n<h3>Valkyrie II x Hornsleth<\/h3>\n<ul>\n<li style=\"list-style-type: none;\">\n<ul>\n<li>Samlet l\u00e6ngde: 358 mm<\/li>\n<li>Bladl\u00e6ngde: 218 mm<\/li>\n<li>H\u00e5ndtagsl\u00e6ngde: 140 mm<\/li>\n<li>Bladbredde: 48 mm<\/li>\n<li>Bladtykkelse: 2,5 mm<\/li>\n<li>Bladmateriale: 67 lags taktilt damaskus st\u00e5l med en kerne af <a href=\"https:\/\/www.riceknife.dk\/vg10-staal\/\" target=\"_blank\" rel=\"noopener\">VG10<\/a><\/li>\n<li>H\u00e5rdhed: 62+\/-2 HRC (<a href=\"https:\/\/www.riceknife.dk\/hvad-er-rockwell\/\" target=\"_blank\" rel=\"noopener\">Rockwell<\/a>)<\/li>\n<li>V\u00e6gt: 155g<\/li>\n<li>H\u00e5ndtagsmateriale: Japanese Octagonal Shape Zebra Wood + Blue\/White G10<\/li>\n<\/ul>\n<\/li>\n<\/ul>\n<hr style=\"border: 1px solid #ccc; margin: 20px 0;\" \/>\n<p><strong>Det taktile Damaskus-st\u00e5l er fundamentalt anderledes end det almindelige Damaskus-st\u00e5l.<\/strong> Taktil betyder at man tydeligvis kan m\u00e6rke m\u00f8nsteret I st\u00e5let.<\/p>\n<p>Produktionsprocessen af det taktile Damaskus-st\u00e5l sker ved gentagne gange at folde og smede st\u00e5l med to forskellige h\u00e5rdhedstyper, L442 og L316. Fordi L442 er et h\u00e5rdere Austenit rustfrit st\u00e5l, og L316 er et bl\u00f8dere Martensit rustfrit st\u00e5l, har Damaskus-st\u00e5let, der er lavet ved at folde de to materialer sammen, b\u00e5de st\u00f8rre plasticitet og h\u00e5rdere egenskaber af rustfrit st\u00e5l.<\/p>\n<p><strong><a href=\"https:\/\/www.riceknife.dk\/taktile-damaskus-staal\/\" target=\"_blank\" rel=\"noopener\">L\u00e6s videre: L\u00e6s mere om vores \u201cTaktile Damaskus St\u00e5l\u201d h\u00e9r!<\/a><\/strong><\/p>\n<h3>Historien om Valkyrie kniven<\/h3>\n<p>Valkyrie-kniven har sit navn efter valkyrierne, de magtfulde kvindelige skikkelser fra den nordiske mytologi. Klingen er prydet med indviklede runer lasergraveret p\u00e5 det, der symboliserer vikingernes krigeriske \u00e5nd. Runerne p\u00e5 bladet overs\u00e6ttes til \u201cDet er bedre at d\u00f8 i kamp end at leve i skam\u201d.<\/p>\n<p>En f\u00f8lelse, der legemligg\u00f8r vikingernes h\u00e5rde og frygtl\u00f8se \u00e5nd. Kniven tjener ogs\u00e5 som en st\u00e6rk p\u00e5mindelse om at leve et modigt og h\u00e6derligt liv, som fortidens store vikingekrigere. Det unikke design med lasergraverede runer, den hamrede klinge og det unikke h\u00e5ndtag, g\u00f8r den til et sj\u00e6ldent samlerobjekt.<\/p>\n<hr \/>\n<h3>L\u00e6s mere om kniven herunder<\/h3>\n<p>Med en samlet l\u00e6ngde p\u00e5 358 mm og et pr\u00e6cist blad p\u00e5 218 mm er denne kokkekniv en sand mester til sk\u00e6rearbejde. Fremstillet af 67-lags taktilt damaskus st\u00e5l med en VG10 kerne, er dette blad skabt til at modst\u00e5 slid og bevare sin skarphed i lang tid.<\/p>\n<p>Bladets 2,5 mm tykkelse og 48 mm bredde sikrer pr\u00e6cis snit og sk\u00e6rearbejde, uanset om det er finhakning af gr\u00f8ntsager eller pr\u00e6cis udsk\u00e6ring af k\u00f8d. Med en imponerende h\u00e5rdhed p\u00e5 HRC 62+2 (Rockwell) forbliver dette blad skarpt og klar til enhver udfordring. Det japansk ottekantede h\u00e5ndtag i Zebra Wood + Blue\/White G10-materiale giver ikke kun et sikkert greb, men tilf\u00f8jer ogs\u00e5 en subtil elegance til knivens udseende.<\/p>\n<p>Med en v\u00e6gt p\u00e5 155g er denne kokkekniv let og behagelig at arbejde med i l\u00e6ngere perioder. Uanset om du er en professionel kok eller en passioneret madlavningsentusiast derhjemme, vil Riceknife Valkyrie II. 2023 \u2013 Damaskus Kokkekniv v\u00e6re din p\u00e5lidelige partner i k\u00f8kkenet, klar til at give dig pr\u00e6cis sk\u00e6ring og enest\u00e5ende ydeevne hver gang.<\/p>\n<p><a href=\"https:\/\/www.riceknife.dk\/opbevaring-koekkenknive\/\" target=\"_blank\" rel=\"noopener\"><strong>L\u00c6S OGS\u00c5:<\/strong> Opbevaring af k\u00f8kkenknive<\/a><\/p>\n<p><a href=\"https:\/\/www.riceknife.dk\/kan-man-putte-knive-i-opvaskemaskinen\/\" target=\"_blank\" rel=\"noopener\"><strong>L\u00c6S OGS\u00c5:<\/strong> Kan man putte knive i opvaskemaskinen?<\/a><\/p>\n<p data-start=\"0\" data-end=\"116\"><strong><a href=\"https:\/\/hornsleth.com\/\" target=\"_blank\" rel=\"noopener\">Kristian Von Hornsleth<\/a> er en kendt dansk kunstner, ber\u00f8mt for sin alternative kunststil og provokerende l\u00e6rredvalg.<\/strong><\/p>\n<p data-start=\"118\" data-end=\"354\">I 2024, efter indbruddet p\u00e5 Hornsleth-museet i K\u00f8benhavn V, blev Jacob Bech f\u00f8rst introduceret til Hornsleths historie og hans ud\u00f8delige ord:<br data-start=\"259\" data-end=\"262\" \/><strong data-start=\"262\" data-end=\"322\">&laquo;KUNST SKAL V\u00c6RE FARLIGT, ELLERS ER DET BARE DEKORATION&raquo;<\/strong><br data-start=\"322\" data-end=\"325\" \/>\u2013 <em data-start=\"327\" data-end=\"352\">Kristian Von Hornsleth<\/em><\/p>\n<p data-start=\"356\" data-end=\"500\">Disse ord br\u00e6ndte sig fast i Jacobs hoved som et r\u00f8dgl\u00f8dende stempel!<br data-start=\"425\" data-end=\"428\" \/>Der var ingen tvivl om, at det m\u00e5tte ske!<br data-start=\"469\" data-end=\"472\" \/><strong data-start=\"472\" data-end=\"498\">HAN SKAL MALE KNIVENE!<\/strong><\/p>\n<p data-start=\"502\" data-end=\"664\">Det tog seks m\u00e5neder at f\u00f8re id\u00e9en ud i livet.<br data-start=\"548\" data-end=\"551\" \/>Resultatet taler for sig selv!<br data-start=\"581\" data-end=\"584\" \/><strong data-start=\"584\" data-end=\"616\">Syv enest\u00e5ende mesterv\u00e6rker.<\/strong><br data-start=\"616\" data-end=\"619\" \/>\u00c9n af hver fra 2023-serien + \u00e9n Aogami Joker.<\/p>\n<p data-start=\"666\" data-end=\"792\">Hvis du vil k\u00f8be et ultra unikt stykke kunst \u2013 eller hvis du bare m\u00e5 eje den sejeste kniv i k\u00f8kkenet \u2013 kan du finde dem hos:<\/p>\n<ul data-start=\"793\" data-end=\"864\">\n<li data-start=\"793\" data-end=\"814\"><strong data-start=\"795\" data-end=\"812\">MENY Rotunden<\/strong><\/li>\n<li data-start=\"815\" data-end=\"836\"><strong data-start=\"817\" data-end=\"834\">MENY Dalgaard<\/strong><\/li>\n<li data-start=\"837\" data-end=\"864\"><strong data-start=\"839\" data-end=\"862\">L\u00f8gismose Toldboden<\/strong><\/li>\n<\/ul>\n<p data-start=\"866\" data-end=\"908\"><strong data-start=\"866\" data-end=\"908\">Disse knive vil ikke blive genudgivet!<\/strong><\/p>\n<p data-start=\"910\" data-end=\"1034\" data-is-last-node=\"\">Speciel tak til <strong data-start=\"926\" data-end=\"941\">Casper Berg<\/strong>, dronepilot og ven af Riceknife Danmark, som har hjulpet med at indgravere og filme knivene.<\/p>\n<h2>Du vil m\u00e5ske ogs\u00e5 gerne vide:<\/h2>\n","protected":false},"excerpt":{"rendered":"<h5><strong>Begr\u00e6nset samlerobjekt \u2013 kontakt os for k\u00f8b!<\/strong><\/h5>\n<p>&nbsp;<\/p>\n<h5><\/h5>\n<h5><strong>S\u00e6lges i MENY Hellerup(Rotunden)\u00a0\u00a0\u00a0\u00a0 Limited Edition: 1 stk.<\/strong><\/h5>\n","protected":false},"featured_media":8687,"comment_status":"closed","ping_status":"open","template":"","meta":{"site-sidebar-layout":"default","site-content-layout":"","ast-site-content-layout":"default","site-content-style":"default","site-sidebar-style":"default","ast-global-header-display":"","ast-banner-title-visibility":"","ast-main-header-display":"","ast-hfb-above-header-display":"","ast-hfb-below-header-display":"","ast-hfb-mobile-header-display":"","site-post-title":"","ast-breadcrumbs-content":"","ast-featured-img":"","footer-sml-layout":"","ast-disable-related-posts":"","theme-transparent-header-meta":"","adv-header-id-meta":"","stick-header-meta":"","header-above-stick-meta":"","header-main-stick-meta":"","header-below-stick-meta":"","astra-migrate-meta-layouts":"default","ast-page-background-enabled":"default","ast-page-background-meta":{"desktop":{"background-color":"var(--ast-global-color-4)","background-image":"","background-repeat":"repeat","background-position":"center center","background-size":"auto","background-attachment":"scroll","background-type":"","background-media":"","overlay-type":"","overlay-color":"","overlay-opacity":"","overlay-gradient":""},"tablet":{"background-color":"","background-image":"","background-repeat":"repeat","background-position":"center center","background-size":"auto","background-attachment":"scroll","background-type":"","background-media":"","overlay-type":"","overlay-color":"","overlay-opacity":"","overlay-gradient":""},"mobile":{"background-color":"","background-image":"","background-repeat":"repeat","background-position":"center center","background-size":"auto","background-attachment":"scroll","background-type":"","background-media":"","overlay-type":"","overlay-color":"","overlay-opacity":"","overlay-gradient":""}},"ast-content-background-meta":{"desktop":{"background-color":"var(--ast-global-color-5)","background-image":"","background-repeat":"repeat","background-position":"center center","background-size":"auto","background-attachment":"scroll","background-type":"","background-media":"","overlay-type":"","overlay-color":"","overlay-opacity":"","overlay-gradient":""},"tablet":{"background-color":"var(--ast-global-color-5)","background-image":"","background-repeat":"repeat","background-position":"center center","background-size":"auto","background-attachment":"scroll","background-type":"","background-media":"","overlay-type":"","overlay-color":"","overlay-opacity":"","overlay-gradient":""},"mobile":{"background-color":"var(--ast-global-color-5)","background-image":"","background-repeat":"repeat","background-position":"center center","background-size":"auto","background-attachment":"scroll","background-type":"","background-media":"","overlay-type":"","overlay-color":"","overlay-opacity":"","overlay-gradient":""}}},"product_brand":[501],"product_cat":[503,502,491],"product_tag":[81,78,504],"class_list":{"0":"post-8685","1":"product","2":"type-product","3":"status-publish","4":"has-post-thumbnail","6":"product_brand-riceknife","7":"product_cat-damaskus-knive","8":"product_cat-hornsleth-samarbejde","9":"product_cat-kokkeknive","10":"product_tag-chef-knife","11":"product_tag-damascus-knife","12":"product_tag-limited-edition","13":"desktop-align-left","14":"tablet-align-left","15":"mobile-align-left","17":"first","18":"instock","19":"shipping-taxable","20":"product-type-external"},"_links":{"self":[{"href":"https:\/\/www.riceknife.com\/no\/wp-json\/wp\/v2\/product\/8685","targetHints":{"allow":["GET"]}}],"collection":[{"href":"https:\/\/www.riceknife.com\/no\/wp-json\/wp\/v2\/product"}],"about":[{"href":"https:\/\/www.riceknife.com\/no\/wp-json\/wp\/v2\/types\/product"}],"replies":[{"embeddable":true,"href":"https:\/\/www.riceknife.com\/no\/wp-json\/wp\/v2\/comments?post=8685"}],"version-history":[{"count":0,"href":"https:\/\/www.riceknife.com\/no\/wp-json\/wp\/v2\/product\/8685\/revisions"}],"wp:featuredmedia":[{"embeddable":true,"href":"https:\/\/www.riceknife.com\/no\/wp-json\/wp\/v2\/media\/8687"}],"wp:attachment":[{"href":"https:\/\/www.riceknife.com\/no\/wp-json\/wp\/v2\/media?parent=8685"}],"wp:term":[{"taxonomy":"product_brand","embeddable":true,"href":"https:\/\/www.riceknife.com\/no\/wp-json\/wp\/v2\/product_brand?post=8685"},{"taxonomy":"product_cat","embeddable":true,"href":"https:\/\/www.riceknife.com\/no\/wp-json\/wp\/v2\/product_cat?post=8685"},{"taxonomy":"product_tag","embeddable":true,"href":"https:\/\/www.riceknife.com\/no\/wp-json\/wp\/v2\/product_tag?post=8685"}],"curies":[{"name":"wp","href":"https:\/\/api.w.org\/{rel}","templated":true}]}}