{"id":7023,"date":"2021-08-18T05:35:45","date_gmt":"2021-08-18T05:35:45","guid":{"rendered":"https:\/\/www.riceknife.com\/om\/"},"modified":"2024-11-18T04:12:11","modified_gmt":"2024-11-18T04:12:11","slug":"om","status":"publish","type":"page","link":"https:\/\/www.riceknife.com\/sv\/om\/","title":{"rendered":"Om oss"},"content":{"rendered":"\t\t<div data-elementor-type=\"wp-page\" data-elementor-id=\"7023\" class=\"elementor elementor-7023 elementor-252\" data-elementor-post-type=\"page\">\n\t\t\t\t\t\t<section class=\"elementor-section elementor-top-section elementor-element elementor-element-b1d8702 elementor-section-full_width elementor-section-height-full elementor-section-height-default elementor-section-items-middle\" data-id=\"b1d8702\" data-element_type=\"section\" data-e-type=\"section\" data-settings=\"{&quot;background_background&quot;:&quot;classic&quot;}\">\n\t\t\t\t\t\t\t<div class=\"elementor-background-overlay\"><\/div>\n\t\t\t\t\t\t\t<div class=\"elementor-container elementor-column-gap-default\">\n\t\t\t\t\t<div class=\"elementor-column elementor-col-100 elementor-top-column elementor-element elementor-element-1fb0955\" data-id=\"1fb0955\" data-element_type=\"column\" data-e-type=\"column\">\n\t\t\t<div class=\"elementor-widget-wrap elementor-element-populated\">\n\t\t\t\t\t\t<section class=\"elementor-section elementor-inner-section elementor-element elementor-element-0f0484e elementor-section-boxed elementor-section-height-default elementor-section-height-default\" data-id=\"0f0484e\" data-element_type=\"section\" data-e-type=\"section\">\n\t\t\t\t\t\t<div class=\"elementor-container elementor-column-gap-default\">\n\t\t\t\t\t<div class=\"elementor-column elementor-col-100 elementor-inner-column elementor-element elementor-element-a4c3b39\" data-id=\"a4c3b39\" data-element_type=\"column\" data-e-type=\"column\">\n\t\t\t<div class=\"elementor-widget-wrap elementor-element-populated\">\n\t\t\t\t\t\t<div class=\"elementor-element elementor-element-056ad55 elementor-align-center elementor-widget elementor-widget-button\" data-id=\"056ad55\" data-element_type=\"widget\" data-e-type=\"widget\" data-widget_type=\"button.default\">\n\t\t\t\t<div class=\"elementor-widget-container\">\n\t\t\t\t\t\t\t\t\t<div class=\"elementor-button-wrapper\">\n\t\t\t\t\t<a class=\"elementor-button elementor-button-link elementor-size-sm elementor-animation-grow\" href=\"https:\/\/www.riceknife.com\/sv\/butik\/\" target=\"_blank\">\n\t\t\t\t\t\t<span class=\"elementor-button-content-wrapper\">\n\t\t\t\t\t\t\t\t\t<span class=\"elementor-button-text\">SE V\u00c5R KOLLEKTION<\/span>\n\t\t\t\t\t<\/span>\n\t\t\t\t\t<\/a>\n\t\t\t\t<\/div>\n\t\t\t\t\t\t\t\t<\/div>\n\t\t\t\t<\/div>\n\t\t\t\t\t<\/div>\n\t\t<\/div>\n\t\t\t\t\t<\/div>\n\t\t<\/section>\n\t\t\t\t\t<\/div>\n\t\t<\/div>\n\t\t\t\t\t<\/div>\n\t\t<\/section>\n\t\t\t\t<section class=\"elementor-section elementor-top-section elementor-element elementor-element-95eebdf elementor-section-full_width elementor-section-height-default elementor-section-height-default\" data-id=\"95eebdf\" data-element_type=\"section\" data-e-type=\"section\" data-settings=\"{&quot;background_background&quot;:&quot;classic&quot;}\">\n\t\t\t\t\t\t<div class=\"elementor-container elementor-column-gap-no\">\n\t\t\t\t\t<div class=\"elementor-column elementor-col-100 elementor-top-column elementor-element elementor-element-3700ce5\" data-id=\"3700ce5\" data-element_type=\"column\" data-e-type=\"column\">\n\t\t\t<div class=\"elementor-widget-wrap elementor-element-populated\">\n\t\t\t\t\t\t<section class=\"elementor-section elementor-inner-section elementor-element elementor-element-ebc51e3 elementor-section-boxed elementor-section-height-default elementor-section-height-default\" data-id=\"ebc51e3\" data-element_type=\"section\" data-e-type=\"section\">\n\t\t\t\t\t\t<div class=\"elementor-container elementor-column-gap-no\">\n\t\t\t\t\t<div class=\"elementor-column elementor-col-50 elementor-inner-column elementor-element elementor-element-caa43ea\" data-id=\"caa43ea\" data-element_type=\"column\" data-e-type=\"column\">\n\t\t\t<div class=\"elementor-widget-wrap elementor-element-populated\">\n\t\t\t\t\t\t<div class=\"elementor-element elementor-element-40c4682 elementor-hidden-tablet elementor-hidden-mobile elementor-widget elementor-widget-image\" data-id=\"40c4682\" data-element_type=\"widget\" data-e-type=\"widget\" data-widget_type=\"image.default\">\n\t\t\t\t<div class=\"elementor-widget-container\">\n\t\t\t\t\t\t\t\t\t\t\t\t\t\t\t<img fetchpriority=\"high\" decoding=\"async\" width=\"791\" height=\"1000\" src=\"https:\/\/www.riceknife.com\/wp-content\/uploads\/2024\/01\/RICEKNIFE-LOGO-791x1000.png\" class=\"attachment-large size-large wp-image-6001\" alt=\"\" srcset=\"https:\/\/www.riceknife.com\/wp-content\/uploads\/2024\/01\/RICEKNIFE-LOGO-791x1000.png 791w, https:\/\/www.riceknife.com\/wp-content\/uploads\/2024\/01\/RICEKNIFE-LOGO-237x300.png 237w, https:\/\/www.riceknife.com\/wp-content\/uploads\/2024\/01\/RICEKNIFE-LOGO-768x970.png 768w, https:\/\/www.riceknife.com\/wp-content\/uploads\/2024\/01\/RICEKNIFE-LOGO-1216x1536.png 1216w, https:\/\/www.riceknife.com\/wp-content\/uploads\/2024\/01\/RICEKNIFE-LOGO-60x76.png 60w, https:\/\/www.riceknife.com\/wp-content\/uploads\/2024\/01\/RICEKNIFE-LOGO-110x139.png 110w, https:\/\/www.riceknife.com\/wp-content\/uploads\/2024\/01\/RICEKNIFE-LOGO-1000x1264.png 1000w, https:\/\/www.riceknife.com\/wp-content\/uploads\/2024\/01\/RICEKNIFE-LOGO-64x81.png 64w, https:\/\/www.riceknife.com\/wp-content\/uploads\/2024\/01\/RICEKNIFE-LOGO.png 1495w\" sizes=\"(max-width: 791px) 100vw, 791px\" \/>\t\t\t\t\t\t\t\t\t\t\t\t\t\t\t<\/div>\n\t\t\t\t<\/div>\n\t\t\t\t\t<\/div>\n\t\t<\/div>\n\t\t\t\t<div class=\"elementor-column elementor-col-50 elementor-inner-column elementor-element elementor-element-fc22abd\" data-id=\"fc22abd\" data-element_type=\"column\" data-e-type=\"column\">\n\t\t\t<div class=\"elementor-widget-wrap elementor-element-populated\">\n\t\t\t\t\t\t<div class=\"elementor-element elementor-element-27984ef elementor-widget elementor-widget-heading\" data-id=\"27984ef\" data-element_type=\"widget\" data-e-type=\"widget\" data-widget_type=\"heading.default\">\n\t\t\t\t<div class=\"elementor-widget-container\">\n\t\t\t\t\t<h1 class=\"elementor-heading-title elementor-size-default\">Om Riceknife<\/h1>\t\t\t\t<\/div>\n\t\t\t\t<\/div>\n\t\t\t\t<div class=\"elementor-element elementor-element-8c5652a elementor-widget-divider--view-line elementor-widget elementor-widget-divider\" data-id=\"8c5652a\" data-element_type=\"widget\" data-e-type=\"widget\" data-widget_type=\"divider.default\">\n\t\t\t\t<div class=\"elementor-widget-container\">\n\t\t\t\t\t\t\t<div class=\"elementor-divider\">\n\t\t\t<span class=\"elementor-divider-separator\">\n\t\t\t\t\t\t<\/span>\n\t\t<\/div>\n\t\t\t\t\t\t<\/div>\n\t\t\t\t<\/div>\n\t\t\t\t<div class=\"elementor-element elementor-element-1035339 elementor-headline--style-rotate elementor-widget__width-initial elementor-widget elementor-widget-animated-headline\" data-id=\"1035339\" data-element_type=\"widget\" data-e-type=\"widget\" data-settings=\"{&quot;headline_style&quot;:&quot;rotate&quot;,&quot;rotating_text&quot;:&quot;de mest intressanta knivarna&quot;,&quot;animation_type&quot;:&quot;typing&quot;,&quot;loop&quot;:&quot;yes&quot;,&quot;rotate_iteration_delay&quot;:2500}\" data-widget_type=\"animated-headline.default\">\n\t\t\t\t<div class=\"elementor-widget-container\">\n\t\t\t\t\t\t\t<h3 class=\"elementor-headline elementor-headline-animation-type-typing elementor-headline-letters\">\n\t\t\t\t\t<span class=\"elementor-headline-plain-text elementor-headline-text-wrapper\">\"Vi str\u00e4var efter att g\u00f6ra<\/span>\n\t\t\t\t<span class=\"elementor-headline-dynamic-wrapper elementor-headline-text-wrapper\">\n\t\t\t\t\t<span class=\"elementor-headline-dynamic-text elementor-headline-text-active\">\n\t\t\t\tde&nbsp;mest&nbsp;intressanta&nbsp;knivarna\t\t\t<\/span>\n\t\t\t\t\t\t<\/span>\n\t\t\t\t\t<span class=\"elementor-headline-plain-text elementor-headline-text-wrapper\">  i v\u00e4rlden\"<\/span>\n\t\t\t\t\t<\/h3>\n\t\t\t\t\t\t<\/div>\n\t\t\t\t<\/div>\n\t\t\t\t<div class=\"elementor-element elementor-element-09cd540 elementor-widget elementor-widget-text-editor\" data-id=\"09cd540\" data-element_type=\"widget\" data-e-type=\"widget\" data-widget_type=\"text-editor.default\">\n\t\t\t\t<div class=\"elementor-widget-container\">\n\t\t\t\t\t\t\t\t\t<p>Riceknife\u00ae Denmark \u00e4r ett distinkt knivvarum\u00e4rke som kombinerar konstn\u00e4rlig design med enast\u00e5ende k\u00e4nsla f\u00f6r detaljer. Riceknife Denmark \u00ae:s mission statement \u00e4r: <strong>&#8221;Vi str\u00e4var efter att g\u00f6ra v\u00e4rldens mest intressanta knivar.&#8221;<\/strong> &nbsp;<\/p><p><span style=\"font-style: inherit; font-weight: inherit;\">Varum\u00e4rkets designfilosofi \u00e4r inriktad p\u00e5 att inspirera till en djupare kontakt med det mest v\u00e4sentliga matlagningsverktyget. Denna koppling \u00e5terspeglas i knivarnas namn och de invecklade graveringarna p\u00e5 knivbladen, som g\u00e5r ut\u00f6ver funktionalitet f\u00f6r att v\u00e4va ber\u00e4ttelser som v\u00e4cker sp\u00e4nning, nyfikenhet och en anda av v\u00e5gat utforskande. <\/span><\/p>\n<p><strong>Anti-dogma \/ Kasta ut regelboken. G\u00f6r den bara utm\u00e4rkt! <\/strong>&nbsp;<\/p><p>Detta tillv\u00e4gag\u00e5ngss\u00e4tt g\u00f6r det m\u00f6jligt f\u00f6r Riceknife att bryta sig loss fr\u00e5n konventioner och skapa knivar som v\u00e4cker samtal och inspirerar till kreativitet i k\u00f6ket.<\/p><p>Riceknifes ultimata m\u00e5l \u00e4r att engagera och inspirera fler m\u00e4nniskor att laga sin egen mat, och d\u00e4rigenom fr\u00e4mja l\u00e4ngre, h\u00e4lsosammare och lyckligare liv.<\/p>\n<p>Varum\u00e4rket har hittills tv\u00e5 viktiga serier som \u00e5terspeglar dess engagemang f\u00f6r h\u00f6gkvalitativ knivtillverkning. <strong>Ex-animo-serien<\/strong>&nbsp;har taktilt Damaskus-st\u00e5l med intrikata lasergravyrer p\u00e5 knivarna, med fokus p\u00e5 historierna bakom varje kniv. <strong>Ultra high-end-serien<\/strong>&nbsp;g\u00e5r \u00e4nnu l\u00e4ngre och anv\u00e4nder de finaste st\u00e5len fr\u00e5n hela v\u00e4rlden, t.ex. ZDP189 och Aogami fr\u00e5n Japan och f\u00f6rstklassiga st\u00e5l fr\u00e5n Sverige. Dessa knivar kombineras med tr\u00e4slag som b\u00e4r p\u00e5 historia, bland annat tr\u00e4handtag fr\u00e5n Danmark som \u00e4r \u00f6ver 7 000 \u00e5r gamla, vilket ger djup och karakt\u00e4r \u00e5t varje kniv.   <\/p><p>&nbsp;M\u00e5nga av Riceknife:s skapelser \u00e4r <strong>samlarobjekt och tillverkas i begr\u00e4nsad upplaga<\/strong>, vilket ger exklusivitet och konstn\u00e4rligt v\u00e4rde. Riceknife:s knivar \u00e4r utformade som funktionella konstverk och utm\u00e4rker sig genom sin unika estetik och sitt raffinerade utf\u00f6rande. <\/p>\t\t\t\t\t\t\t\t<\/div>\n\t\t\t\t<\/div>\n\t\t\t\t<div class=\"elementor-element elementor-element-19a55e7 elementor-widget-divider--view-line elementor-widget elementor-widget-divider\" data-id=\"19a55e7\" data-element_type=\"widget\" data-e-type=\"widget\" data-widget_type=\"divider.default\">\n\t\t\t\t<div class=\"elementor-widget-container\">\n\t\t\t\t\t\t\t<div class=\"elementor-divider\">\n\t\t\t<span class=\"elementor-divider-separator\">\n\t\t\t\t\t\t<\/span>\n\t\t<\/div>\n\t\t\t\t\t\t<\/div>\n\t\t\t\t<\/div>\n\t\t\t\t<div class=\"elementor-element elementor-element-b71e6ad elementor-widget elementor-widget-heading\" data-id=\"b71e6ad\" data-element_type=\"widget\" data-e-type=\"widget\" data-widget_type=\"heading.default\">\n\t\t\t\t<div class=\"elementor-widget-container\">\n\t\t\t\t\t<h2 class=\"elementor-heading-title elementor-size-default\">Historien bakom Riceknife: Jacob Bech, en framst\u00e5ende dansk kock som tillverkar v\u00e4rldens mest intressanta knivar<\/h2>\t\t\t\t<\/div>\n\t\t\t\t<\/div>\n\t\t\t\t<div class=\"elementor-element elementor-element-1ed681b elementor-widget elementor-widget-text-editor\" data-id=\"1ed681b\" data-element_type=\"widget\" data-e-type=\"widget\" data-widget_type=\"text-editor.default\">\n\t\t\t\t<div class=\"elementor-widget-container\">\n\t\t\t\t\t\t\t\t\t<p>Riceknifegrundare och designer, den framst\u00e5ende <strong>danske kocken<\/strong> Jacob Bech, har byggt upp en karri\u00e4r som s\u00f6ml\u00f6st f\u00f6renar skandinavisk precision med Asiens rika och livfulla influenser. Hans resa b\u00f6rjade med en djup koppling till naturen och en passion f\u00f6r att skapa sk\u00f6nhet av r\u00e5a, naturliga material &#8211; en instinkt som slog rot redan i barndomen, d\u00e4r han fann gl\u00e4dje i att tillverka saker som gjorde andra glada. <\/p>\n<p>Trots hans bristande entusiasm f\u00f6r skolan kom ett avg\u00f6rande \u00f6gonblick vid 13 \u00e5rs \u00e5lder n\u00e4r hans l\u00e4rare ordnade en m\u00e5nadsl\u00e5ng praktikplats p\u00e5 NOMA, som vid den tiden allm\u00e4nt ans\u00e5gs vara en av v\u00e4rldens b\u00e4sta restauranger. Det som b\u00f6rjade som en otroligt tuff utmaning f\u00f6r den unge Jacob blev en omv\u00e4lvande upplevelse som satte tonen f\u00f6r hela hans karri\u00e4r. <\/p>\n<p>Jacobs l\u00e4rlingstid p\u00e5 Bistro Boh\u00e9me i K\u00f6penhamn formade hans v\u00e4g ytterligare och gav honom en grund i fransk kulinarisk konst. Under ledning av Per och Alexander, tv\u00e5 viktiga influenser, anammade han etoset att alltid str\u00e4va efter att f\u00f6rb\u00e4ttra sig, b\u00e5de i skicklighet och snabbhet. Vid 18 \u00e5rs \u00e5lder, efter att ha f\u00e5tt titeln &#8221;Danish Chef&#8221; och beh\u00e4rskat en blandning av franska och nynordiska tekniker, gav sig Jacob iv\u00e4g till Asien. D\u00e4r m\u00f6tte han en ny v\u00e4rld av ingredienser och tillagningsmetoder som wokar, curryr\u00e4tter och soppor, och hans perspektiv p\u00e5 mat och design utvidgades dramatiskt.   <\/p>\n<p>Jacob arbetade p\u00e5 restauranger med Michelinstj\u00e4rnor och spelade en nyckelroll i \u00f6ppnandet av mer \u00e4n 10 restauranger i Danmark och Asien. Hans erfarenheter fr\u00e5n Asien, med dess olika kulinariska traditioner, f\u00f6r\u00e4ndrade hans syn p\u00e5 b\u00e5de mat och knivdesign, d\u00e4r han integrerade element fr\u00e5n b\u00e5de \u00f6sterl\u00e4ndska och v\u00e4sterl\u00e4ndska traditioner. <\/p>\n<p>Sedan 2020 har Jacob helt och h\u00e5llet \u00e4gnat sig \u00e5t ett dj\u00e4rvt m\u00e5l: <strong>att skapa v\u00e4rldens mest intressanta knivar<\/strong>. Denna vision ligger till grund f\u00f6r Riceknife:s kontinuerliga utveckling, d\u00e4r varje kniv \u00e4r ett unikt m\u00e4sterverk som tillverkas i ett begr\u00e4nsat antal. Varje uppdatering av designen \u00e4r ett \u00e5tagande om evig exklusivitet, och varje kniv \u00e5tf\u00f6ljs av ett numrerat certifikat.  <\/p>\n<p>Jacob \u00f6vervakar personligen varje detalj &#8211; fr\u00e5n design till ink\u00f6p av s\u00e4llsynta tr\u00e4slag och premiumst\u00e5l, till produktion och f\u00f6rpackning. Hans obevekliga jakt p\u00e5 de mest s\u00e4llsynta materialen och det finaste hantverket s\u00e4kerst\u00e4ller att varje Riceknife ber\u00e4ttar en historia om konstn\u00e4rskap och funktion. Med \u00f6ver 16 \u00e5rs erfarenhet av b\u00e5de \u00f6sterl\u00e4ndska och v\u00e4sterl\u00e4ndska kulinariska traditioner f\u00f6rst\u00e5r Jacob den k\u00e4nsliga balansen mellan form och funktion i k\u00f6ksredskap. Hans expert\u00f6ga s\u00e4kerst\u00e4ller att varje produkt fr\u00e5n Riceknife f\u00f6rkroppsligar standarderna f\u00f6r en professionell kock och erbjuder en raffinerad upplevelse f\u00f6r kulinariska entusiaster \u00f6ver hela v\u00e4rlden.   <\/p>\n\t\t\t\t\t\t\t\t<\/div>\n\t\t\t\t<\/div>\n\t\t\t\t\t<\/div>\n\t\t<\/div>\n\t\t\t\t\t<\/div>\n\t\t<\/section>\n\t\t\t\t\t<\/div>\n\t\t<\/div>\n\t\t\t\t\t<\/div>\n\t\t<\/section>\n\t\t<div class=\"elementor-element elementor-element-ae64c4a e-flex e-con-boxed e-con e-parent\" data-id=\"ae64c4a\" data-element_type=\"container\" data-e-type=\"container\" data-settings=\"{&quot;background_background&quot;:&quot;classic&quot;}\">\n\t\t\t\t\t<div class=\"e-con-inner\">\n\t\t\t\t<div class=\"elementor-element elementor-element-50b2fdf elementor-widget elementor-widget-video\" data-id=\"50b2fdf\" data-element_type=\"widget\" data-e-type=\"widget\" data-settings=\"{&quot;video_type&quot;:&quot;hosted&quot;,&quot;autoplay&quot;:&quot;yes&quot;,&quot;play_on_mobile&quot;:&quot;yes&quot;,&quot;mute&quot;:&quot;yes&quot;,&quot;loop&quot;:&quot;yes&quot;}\" data-widget_type=\"video.default\">\n\t\t\t\t<div class=\"elementor-widget-container\">\n\t\t\t\t\t\t\t<div class=\"e-hosted-video elementor-wrapper elementor-open-inline\">\n\t\t\t\t\t<video class=\"elementor-video\" src=\"https:\/\/www.riceknife.com\/wp-content\/uploads\/2024\/01\/slow-mo.mp4\" autoplay=\"\" loop=\"\" muted=\"muted\" playsinline=\"\" controlsList=\"nodownload\"><\/video>\n\t\t\t\t<\/div>\n\t\t\t\t\t\t<\/div>\n\t\t\t\t<\/div>\n\t\t\t\t\t<\/div>\n\t\t\t\t<\/div>\n\t\t<div class=\"elementor-element elementor-element-75539f2 e-flex e-con-boxed e-con e-parent\" data-id=\"75539f2\" data-element_type=\"container\" data-e-type=\"container\">\n\t\t\t\t\t<div class=\"e-con-inner\">\n\t\t\t\t\t<\/div>\n\t\t\t\t<\/div>\n\t\t\t\t<\/div>\n\t\t","protected":false},"excerpt":{"rendered":"<p>SE V\u00c5R KOLLEKTION Om Riceknife &#8221;Vi str\u00e4var efter att g\u00f6ra de&nbsp;mest&nbsp;intressanta&nbsp;knivarna i v\u00e4rlden&#8221; Riceknife\u00ae Denmark \u00e4r ett distinkt knivvarum\u00e4rke som kombinerar konstn\u00e4rlig design med enast\u00e5ende k\u00e4nsla f\u00f6r detaljer. Riceknife Denmark \u00ae:s mission statement \u00e4r: &#8221;Vi str\u00e4var efter att g\u00f6ra v\u00e4rldens mest intressanta knivar.&#8221; &nbsp; Varum\u00e4rkets designfilosofi \u00e4r inriktad p\u00e5 att inspirera till en djupare kontakt [&hellip;]<\/p>\n","protected":false},"author":1,"featured_media":0,"parent":0,"menu_order":0,"comment_status":"closed","ping_status":"closed","template":"","meta":{"site-sidebar-layout":"no-sidebar","site-content-layout":"page-builder","ast-site-content-layout":"default","site-content-style":"default","site-sidebar-style":"default","ast-global-header-display":"","ast-banner-title-visibility":"","ast-main-header-display":"","ast-hfb-above-header-display":"","ast-hfb-below-header-display":"","ast-hfb-mobile-header-display":"","site-post-title":"disabled","ast-breadcrumbs-content":"disabled","ast-featured-img":"disabled","footer-sml-layout":"","ast-disable-related-posts":"","theme-transparent-header-meta":"default","adv-header-id-meta":"","stick-header-meta":"","header-above-stick-meta":"","header-main-stick-meta":"","header-below-stick-meta":"","astra-migrate-meta-layouts":"default","ast-page-background-enabled":"default","ast-page-background-meta":{"desktop":{"background-color":"var(--ast-global-color-4)","background-image":"","background-repeat":"repeat","background-position":"center center","background-size":"auto","background-attachment":"scroll","background-type":"","background-media":"","overlay-type":"","overlay-color":"","overlay-opacity":"","overlay-gradient":""},"tablet":{"background-color":"","background-image":"","background-repeat":"repeat","background-position":"center center","background-size":"auto","background-attachment":"scroll","background-type":"","background-media":"","overlay-type":"","overlay-color":"","overlay-opacity":"","overlay-gradient":""},"mobile":{"background-color":"","background-image":"","background-repeat":"repeat","background-position":"center center","background-size":"auto","background-attachment":"scroll","background-type":"","background-media":"","overlay-type":"","overlay-color":"","overlay-opacity":"","overlay-gradient":""}},"ast-content-background-meta":{"desktop":{"background-color":"var(--ast-global-color-5)","background-image":"","background-repeat":"repeat","background-position":"center center","background-size":"auto","background-attachment":"scroll","background-type":"","background-media":"","overlay-type":"","overlay-color":"","overlay-opacity":"","overlay-gradient":""},"tablet":{"background-color":"var(--ast-global-color-5)","background-image":"","background-repeat":"repeat","background-position":"center center","background-size":"auto","background-attachment":"scroll","background-type":"","background-media":"","overlay-type":"","overlay-color":"","overlay-opacity":"","overlay-gradient":""},"mobile":{"background-color":"var(--ast-global-color-5)","background-image":"","background-repeat":"repeat","background-position":"center center","background-size":"auto","background-attachment":"scroll","background-type":"","background-media":"","overlay-type":"","overlay-color":"","overlay-opacity":"","overlay-gradient":""}},"footnotes":""},"class_list":["post-7023","page","type-page","status-publish","hentry"],"_links":{"self":[{"href":"https:\/\/www.riceknife.com\/sv\/wp-json\/wp\/v2\/pages\/7023","targetHints":{"allow":["GET"]}}],"collection":[{"href":"https:\/\/www.riceknife.com\/sv\/wp-json\/wp\/v2\/pages"}],"about":[{"href":"https:\/\/www.riceknife.com\/sv\/wp-json\/wp\/v2\/types\/page"}],"author":[{"embeddable":true,"href":"https:\/\/www.riceknife.com\/sv\/wp-json\/wp\/v2\/users\/1"}],"replies":[{"embeddable":true,"href":"https:\/\/www.riceknife.com\/sv\/wp-json\/wp\/v2\/comments?post=7023"}],"version-history":[{"count":0,"href":"https:\/\/www.riceknife.com\/sv\/wp-json\/wp\/v2\/pages\/7023\/revisions"}],"wp:attachment":[{"href":"https:\/\/www.riceknife.com\/sv\/wp-json\/wp\/v2\/media?parent=7023"}],"curies":[{"name":"wp","href":"https:\/\/api.w.org\/{rel}","templated":true}]}}