{"id":7026,"date":"2023-01-19T18:17:41","date_gmt":"2023-01-19T18:17:41","guid":{"rendered":"https:\/\/www.riceknife.com\/blogg\/"},"modified":"2023-01-19T18:17:41","modified_gmt":"2023-01-19T18:17:41","slug":"blogg","status":"publish","type":"page","link":"https:\/\/www.riceknife.com\/sv\/blogg\/","title":{"rendered":"Blogg"},"content":{"rendered":"\t\t<div data-elementor-type=\"wp-page\" data-elementor-id=\"7026\" class=\"elementor elementor-7026 elementor-1556\" data-elementor-post-type=\"page\">\n\t\t\t\t<div class=\"elementor-element elementor-element-25b54ad e-flex e-con-boxed e-con e-parent\" data-id=\"25b54ad\" data-element_type=\"container\" data-e-type=\"container\" data-settings=\"{&quot;background_background&quot;:&quot;classic&quot;}\">\n\t\t\t\t\t<div class=\"e-con-inner\">\n\t\t\t\t<div class=\"elementor-element elementor-element-ffa8ae4 elementor-widget elementor-widget-text-editor\" data-id=\"ffa8ae4\" data-element_type=\"widget\" data-e-type=\"widget\" data-widget_type=\"text-editor.default\">\n\t\t\t\t<div class=\"elementor-widget-container\">\n\t\t\t\t\t\t\t\t\t<p>Welcome to our exciting blog, dedicated to one of the kitchen&#8217;s most valuable tools: the chef&#8217;s knife! Whether you&#8217;re an enthusiastic food lover, a hopeful home cook, or a seasoned culinary pro, you probably know that a reliable chef&#8217;s knife is essential for any culinary adventure.<\/p><p>Here with us, it&#8217;s not just about slicing through ingredients, but also about cutting through myths and uncertainties. We understand that choosing the right chef&#8217;s knife can feel like a confusing journey through various styles, materials, and sizes. That&#8217;s why we&#8217;ve created this blog to illuminate every aspect of the chef&#8217;s knife world and provide you with the necessary tools to make informed decisions.<\/p>\t\t\t\t\t\t\t\t<\/div>\n\t\t\t\t<\/div>\n\t\t\t\t\t<\/div>\n\t\t\t\t<\/div>\n\t\t<div class=\"elementor-element elementor-element-3a12f02 e-flex e-con-boxed e-con e-parent\" data-id=\"3a12f02\" data-element_type=\"container\" data-e-type=\"container\" data-settings=\"{&quot;background_background&quot;:&quot;classic&quot;}\">\n\t\t\t\t\t<div class=\"e-con-inner\">\n\t\t\t\t<div class=\"elementor-element elementor-element-c1a5c91 elementor-grid-3 elementor-grid-tablet-2 elementor-grid-mobile-1 elementor-posts--thumbnail-top elementor-card-shadow-yes elementor-posts__hover-gradient elementor-widget elementor-widget-posts\" data-id=\"c1a5c91\" data-element_type=\"widget\" data-e-type=\"widget\" data-settings=\"{&quot;cards_masonry&quot;:&quot;yes&quot;,&quot;pagination_type&quot;:&quot;prev_next&quot;,&quot;cards_columns&quot;:&quot;3&quot;,&quot;cards_columns_tablet&quot;:&quot;2&quot;,&quot;cards_columns_mobile&quot;:&quot;1&quot;,&quot;cards_row_gap&quot;:{&quot;unit&quot;:&quot;px&quot;,&quot;size&quot;:35,&quot;sizes&quot;:[]},&quot;cards_row_gap_tablet&quot;:{&quot;unit&quot;:&quot;px&quot;,&quot;size&quot;:&quot;&quot;,&quot;sizes&quot;:[]},&quot;cards_row_gap_mobile&quot;:{&quot;unit&quot;:&quot;px&quot;,&quot;size&quot;:&quot;&quot;,&quot;sizes&quot;:[]}}\" data-widget_type=\"posts.cards\">\n\t\t\t\t<div class=\"elementor-widget-container\">\n\t\t\t\t\t\t\t<div class=\"elementor-posts-container elementor-posts elementor-posts--skin-cards elementor-grid\" role=\"list\">\n\t\t\t\t<article class=\"elementor-post elementor-grid-item post-7423 post type-post status-publish format-standard has-post-thumbnail hentry category-damaskusknivar tag-damaskusknivar tag-damaskusstal tag-hallbara-knivar tag-investera-i-knivar tag-knivinnehav tag-knivvard tag-kockknivar tag-koksknivar tag-kvalitetsknivar tag-skarpa-koksredskap\" role=\"listitem\">\n\t\t\t<div class=\"elementor-post__card\">\n\t\t\t\t<a class=\"elementor-post__thumbnail__link\" href=\"https:\/\/www.riceknife.com\/sv\/damaskusknivar-for-dagligt-bruk\/\" tabindex=\"-1\"><div class=\"elementor-post__thumbnail\"><img fetchpriority=\"high\" decoding=\"async\" width=\"300\" height=\"300\" src=\"https:\/\/www.riceknife.com\/wp-content\/uploads\/2024\/01\/Tigritude-II.-2023-Damascus-Chefs-Knife-205-mm-300x300.jpeg\" class=\"attachment-medium size-medium wp-image-6515\" alt=\"Tigritude II. 2023 - Damaskus Kockkniv 205 mm.\" srcset=\"https:\/\/www.riceknife.com\/wp-content\/uploads\/2024\/01\/Tigritude-II.-2023-Damascus-Chefs-Knife-205-mm-300x300.jpeg 300w, https:\/\/www.riceknife.com\/wp-content\/uploads\/2024\/01\/Tigritude-II.-2023-Damascus-Chefs-Knife-205-mm-1000x1000.jpeg 1000w, https:\/\/www.riceknife.com\/wp-content\/uploads\/2024\/01\/Tigritude-II.-2023-Damascus-Chefs-Knife-205-mm-150x150.jpeg 150w, https:\/\/www.riceknife.com\/wp-content\/uploads\/2024\/01\/Tigritude-II.-2023-Damascus-Chefs-Knife-205-mm-768x768.jpeg 768w, https:\/\/www.riceknife.com\/wp-content\/uploads\/2024\/01\/Tigritude-II.-2023-Damascus-Chefs-Knife-205-mm-60x60.jpeg 60w, https:\/\/www.riceknife.com\/wp-content\/uploads\/2024\/01\/Tigritude-II.-2023-Damascus-Chefs-Knife-205-mm-110x110.jpeg 110w, https:\/\/www.riceknife.com\/wp-content\/uploads\/2024\/01\/Tigritude-II.-2023-Damascus-Chefs-Knife-205-mm-100x100.jpeg 100w, https:\/\/www.riceknife.com\/wp-content\/uploads\/2024\/01\/Tigritude-II.-2023-Damascus-Chefs-Knife-205-mm-64x64.jpeg 64w, https:\/\/www.riceknife.com\/wp-content\/uploads\/2024\/01\/Tigritude-II.-2023-Damascus-Chefs-Knife-205-mm.jpeg 1250w\" sizes=\"(max-width: 300px) 100vw, 300px\" \/><\/div><\/a>\n\t\t\t\t<div class=\"elementor-post__badge\">Damaskusknivar<\/div>\n\t\t\t\t<div class=\"elementor-post__text\">\n\t\t\t\t<h3 class=\"elementor-post__title\">\n\t\t\t<a href=\"https:\/\/www.riceknife.com\/sv\/damaskusknivar-for-dagligt-bruk\/\">\n\t\t\t\tDamaskusknivar f\u00f6r Dagligt Bruk: En Komplett Guide till Investering och Kvalitet\t\t\t<\/a>\n\t\t<\/h3>\n\t\t\t\t<div class=\"elementor-post__excerpt\">\n\t\t\t<p>Damaskusknivar f\u00f6r Dagligt Bruk: En Komplett Guide till Investering och Kvalitet Damaskusknivar \u00e4r ett perfekt val f\u00f6r b\u00e5de dagligt bruk och som en l\u00e5ngsiktig investering.<\/p>\n\t\t<\/div>\n\t\t\n\t\t<a class=\"elementor-post__read-more\" href=\"https:\/\/www.riceknife.com\/sv\/damaskusknivar-for-dagligt-bruk\/\" aria-label=\"L\u00e4s mer om Damaskusknivar f\u00f6r Dagligt Bruk: En Komplett Guide till Investering och Kvalitet\" tabindex=\"-1\">\n\t\t\tRead More \u00bb\t\t<\/a>\n\n\t\t\t\t<\/div>\n\t\t\t\t<div class=\"elementor-post__meta-data\">\n\t\t\t\t\t<span class=\"elementor-post-date\">\n\t\t\t22 oktober 2024\t\t<\/span>\n\t\t\t\t<span class=\"elementor-post-avatar\">\n\t\t\tInga kommentarer\t\t<\/span>\n\t\t\t\t<\/div>\n\t\t\t\t\t<\/div>\n\t\t<\/article>\n\t\t\t\t<article class=\"elementor-post elementor-grid-item post-7074 post type-post status-publish format-standard hentry category-okategoriserade\" role=\"listitem\">\n\t\t\t<div class=\"elementor-post__card\">\n\t\t\t\t<div class=\"elementor-post__text\">\n\t\t\t\t<h3 class=\"elementor-post__title\">\n\t\t\t<a href=\"https:\/\/www.riceknife.com\/sv\/den-ultimata-guiden-till-aogami-stalknivar-forsta-de-tre-typerna\/\">\n\t\t\t\tDen ultimata guiden till Aogami Steel Knivar: F\u00f6rst\u00e5 de olika typerna\t\t\t<\/a>\n\t\t<\/h3>\n\t\t\t\t<div class=\"elementor-post__excerpt\">\n\t\t\t<p>Den ultimata guiden till Aogami Steel Knivar: F\u00f6rst\u00e5 de tre typerna Knivar av Aogami-st\u00e5l, \u00e4ven k\u00e4nda som &#8221;bl\u00e5 pappersst\u00e5lsknivar&#8221;, \u00e4r mycket uppskattade i den kulinariska<\/p>\n\t\t<\/div>\n\t\t\n\t\t<a class=\"elementor-post__read-more\" href=\"https:\/\/www.riceknife.com\/sv\/den-ultimata-guiden-till-aogami-stalknivar-forsta-de-tre-typerna\/\" aria-label=\"L\u00e4s mer om Den ultimata guiden till Aogami Steel Knivar: F\u00f6rst\u00e5 de olika typerna\" tabindex=\"-1\">\n\t\t\tRead More \u00bb\t\t<\/a>\n\n\t\t\t\t<\/div>\n\t\t\t\t<div class=\"elementor-post__meta-data\">\n\t\t\t\t\t<span class=\"elementor-post-date\">\n\t\t\t5 september 2024\t\t<\/span>\n\t\t\t\t<span class=\"elementor-post-avatar\">\n\t\t\tInga kommentarer\t\t<\/span>\n\t\t\t\t<\/div>\n\t\t\t\t\t<\/div>\n\t\t<\/article>\n\t\t\t\t<article class=\"elementor-post elementor-grid-item post-7650 post type-post status-publish format-standard has-post-thumbnail hentry category-okategoriserade category-videor-om-knivar tag-knivshorts tag-yolo-sv\" role=\"listitem\">\n\t\t\t<div class=\"elementor-post__card\">\n\t\t\t\t<a class=\"elementor-post__thumbnail__link\" href=\"https:\/\/www.riceknife.com\/sv\/riceknife-denmark-yolo-ii-en-av-de-basta-unika-och-lyxiga-damaskus-kiritsuke-knivarna-i-begransad-upplaga-med-trahandtag-for-samlare-och-kockar\/\" tabindex=\"-1\"><div class=\"elementor-post__thumbnail\"><img decoding=\"async\" width=\"300\" height=\"300\" src=\"https:\/\/www.riceknife.com\/wp-content\/uploads\/2024\/01\/1200x1200-YOLO-II-on-black-background-300x300.png\" class=\"attachment-medium size-medium wp-image-6731\" alt=\"Riceknife Danmark Yolo II. 2023 - Kockkniv i taktilt damaskusst\u00e5l, begr\u00e4nsad upplaga\" srcset=\"https:\/\/www.riceknife.com\/wp-content\/uploads\/2024\/01\/1200x1200-YOLO-II-on-black-background-300x300.png 300w, https:\/\/www.riceknife.com\/wp-content\/uploads\/2024\/01\/1200x1200-YOLO-II-on-black-background-1000x1000.png 1000w, https:\/\/www.riceknife.com\/wp-content\/uploads\/2024\/01\/1200x1200-YOLO-II-on-black-background-150x150.png 150w, https:\/\/www.riceknife.com\/wp-content\/uploads\/2024\/01\/1200x1200-YOLO-II-on-black-background-768x768.png 768w, https:\/\/www.riceknife.com\/wp-content\/uploads\/2024\/01\/1200x1200-YOLO-II-on-black-background-60x60.png 60w, https:\/\/www.riceknife.com\/wp-content\/uploads\/2024\/01\/1200x1200-YOLO-II-on-black-background-110x110.png 110w, https:\/\/www.riceknife.com\/wp-content\/uploads\/2024\/01\/1200x1200-YOLO-II-on-black-background-100x100.png 100w, https:\/\/www.riceknife.com\/wp-content\/uploads\/2024\/01\/1200x1200-YOLO-II-on-black-background-64x64.png 64w, https:\/\/www.riceknife.com\/wp-content\/uploads\/2024\/01\/1200x1200-YOLO-II-on-black-background.png 1200w\" sizes=\"(max-width: 300px) 100vw, 300px\" \/><\/div><\/a>\n\t\t\t\t<div class=\"elementor-post__badge\">Okategoriserade<\/div>\n\t\t\t\t<div class=\"elementor-post__text\">\n\t\t\t\t<h3 class=\"elementor-post__title\">\n\t\t\t<a href=\"https:\/\/www.riceknife.com\/sv\/riceknife-denmark-yolo-ii-en-av-de-basta-unika-och-lyxiga-damaskus-kiritsuke-knivarna-i-begransad-upplaga-med-trahandtag-for-samlare-och-kockar\/\">\n\t\t\t\tRiceKnife Denmark YOLO II &#8211; En av de b\u00e4sta unika och lyxiga Damaskus Kiritsuke-knivarna i begr\u00e4nsad upplaga med tr\u00e4handtag f\u00f6r samlare och kockar\t\t\t<\/a>\n\t\t<\/h3>\n\t\t\t\t<div class=\"elementor-post__excerpt\">\n\t\t\t<p>Vi presenterar RiceKnife Denmark YOLO II: Ett m\u00e4sterverk i begr\u00e4nsad upplaga RiceKnife Denmark YOLO II 2023 Limited Edition k\u00f6kskniv \u00e4r mer \u00e4n bara ett sk\u00e4rverktyg<\/p>\n\t\t<\/div>\n\t\t\n\t\t<a class=\"elementor-post__read-more\" href=\"https:\/\/www.riceknife.com\/sv\/riceknife-denmark-yolo-ii-en-av-de-basta-unika-och-lyxiga-damaskus-kiritsuke-knivarna-i-begransad-upplaga-med-trahandtag-for-samlare-och-kockar\/\" aria-label=\"L\u00e4s mer om RiceKnife Denmark YOLO II &#8211; En av de b\u00e4sta unika och lyxiga Damaskus Kiritsuke-knivarna i begr\u00e4nsad upplaga med tr\u00e4handtag f\u00f6r samlare och kockar\" tabindex=\"-1\">\n\t\t\tRead More \u00bb\t\t<\/a>\n\n\t\t\t\t<\/div>\n\t\t\t\t<div class=\"elementor-post__meta-data\">\n\t\t\t\t\t<span class=\"elementor-post-date\">\n\t\t\t1 september 2024\t\t<\/span>\n\t\t\t\t<span class=\"elementor-post-avatar\">\n\t\t\tInga kommentarer\t\t<\/span>\n\t\t\t\t<\/div>\n\t\t\t\t\t<\/div>\n\t\t<\/article>\n\t\t\t\t<article class=\"elementor-post elementor-grid-item post-7705 post type-post status-publish format-standard has-post-thumbnail hentry category-guide-sv\" role=\"listitem\">\n\t\t\t<div class=\"elementor-post__card\">\n\t\t\t\t<a class=\"elementor-post__thumbnail__link\" href=\"https:\/\/www.riceknife.com\/sv\/damaskus-kniv-guide-allt-du-behover-veta\/\" tabindex=\"-1\"><div class=\"elementor-post__thumbnail\"><img decoding=\"async\" width=\"300\" height=\"300\" src=\"https:\/\/www.riceknife.com\/wp-content\/uploads\/2023\/01\/Damascus-Knife-Guide-All-You-Need-to-Know-300x300.png\" class=\"attachment-medium size-medium wp-image-4966\" alt=\"\" srcset=\"https:\/\/www.riceknife.com\/wp-content\/uploads\/2023\/01\/Damascus-Knife-Guide-All-You-Need-to-Know-300x300.png 300w, https:\/\/www.riceknife.com\/wp-content\/uploads\/2023\/01\/Damascus-Knife-Guide-All-You-Need-to-Know-100x100.png 100w, https:\/\/www.riceknife.com\/wp-content\/uploads\/2023\/01\/Damascus-Knife-Guide-All-You-Need-to-Know-1000x1000.png 1000w, https:\/\/www.riceknife.com\/wp-content\/uploads\/2023\/01\/Damascus-Knife-Guide-All-You-Need-to-Know-64x64.png 64w, https:\/\/www.riceknife.com\/wp-content\/uploads\/2023\/01\/Damascus-Knife-Guide-All-You-Need-to-Know-1024x1024.png 1024w, https:\/\/www.riceknife.com\/wp-content\/uploads\/2023\/01\/Damascus-Knife-Guide-All-You-Need-to-Know-150x150.png 150w, https:\/\/www.riceknife.com\/wp-content\/uploads\/2023\/01\/Damascus-Knife-Guide-All-You-Need-to-Know-768x768.png 768w, https:\/\/www.riceknife.com\/wp-content\/uploads\/2023\/01\/Damascus-Knife-Guide-All-You-Need-to-Know.png 1080w\" sizes=\"(max-width: 300px) 100vw, 300px\" \/><\/div><\/a>\n\t\t\t\t<div class=\"elementor-post__badge\">Guide<\/div>\n\t\t\t\t<div class=\"elementor-post__text\">\n\t\t\t\t<h3 class=\"elementor-post__title\">\n\t\t\t<a href=\"https:\/\/www.riceknife.com\/sv\/damaskus-kniv-guide-allt-du-behover-veta\/\">\n\t\t\t\tDamaskus Kniv Guide: Allt du beh\u00f6ver veta\t\t\t<\/a>\n\t\t<\/h3>\n\t\t\t\t<div class=\"elementor-post__excerpt\">\n\t\t\t<p>V\u00e4lkommen till Riceknife. L\u00e4s v\u00e5r guide om Damaskusknivar och utforska v\u00e5rt eget urval. Damaskusknivar har en l\u00e5ng och rik historia som g\u00e5r tillbaka till antiken.<\/p>\n\t\t<\/div>\n\t\t\n\t\t<a class=\"elementor-post__read-more\" href=\"https:\/\/www.riceknife.com\/sv\/damaskus-kniv-guide-allt-du-behover-veta\/\" aria-label=\"L\u00e4s mer om Damaskus Kniv Guide: Allt du beh\u00f6ver veta\" tabindex=\"-1\">\n\t\t\tRead More \u00bb\t\t<\/a>\n\n\t\t\t\t<\/div>\n\t\t\t\t<div class=\"elementor-post__meta-data\">\n\t\t\t\t\t<span class=\"elementor-post-date\">\n\t\t\t20 januari 2023\t\t<\/span>\n\t\t\t\t<span class=\"elementor-post-avatar\">\n\t\t\tInga kommentarer\t\t<\/span>\n\t\t\t\t<\/div>\n\t\t\t\t\t<\/div>\n\t\t<\/article>\n\t\t\t\t<\/div>\n\t\t\n\t\t\t\t\t\t<\/div>\n\t\t\t\t<\/div>\n\t\t\t\t\t<\/div>\n\t\t\t\t<\/div>\n\t\t\t\t<\/div>\n\t\t","protected":false},"excerpt":{"rendered":"<p>V\u00e4lkommen till v\u00e5r sp\u00e4nnande blogg som handlar om ett av k\u00f6kets mest v\u00e4rdefulla verktyg: kockkniven! Oavsett om du \u00e4r en entusiastisk mat\u00e4lskare, en hoppfull hemmakock eller ett erfaret kulinariskt proffs, vet du f\u00f6rmodligen att en p\u00e5litlig kockkniv \u00e4r avg\u00f6rande f\u00f6r alla kulinariska \u00e4ventyr. H\u00e4r hos oss handlar det inte bara om att sk\u00e4ra genom ingredienser, [&hellip;]<\/p>\n","protected":false},"author":1,"featured_media":0,"parent":0,"menu_order":0,"comment_status":"closed","ping_status":"closed","template":"","meta":{"site-sidebar-layout":"no-sidebar","site-content-layout":"page-builder","ast-site-content-layout":"default","site-content-style":"default","site-sidebar-style":"default","ast-global-header-display":"","ast-banner-title-visibility":"","ast-main-header-display":"","ast-hfb-above-header-display":"","ast-hfb-below-header-display":"","ast-hfb-mobile-header-display":"","site-post-title":"disabled","ast-breadcrumbs-content":"","ast-featured-img":"disabled","footer-sml-layout":"","ast-disable-related-posts":"","theme-transparent-header-meta":"","adv-header-id-meta":"","stick-header-meta":"","header-above-stick-meta":"","header-main-stick-meta":"","header-below-stick-meta":"","astra-migrate-meta-layouts":"default","ast-page-background-enabled":"default","ast-page-background-meta":{"desktop":{"background-color":"var(--ast-global-color-4)","background-image":"","background-repeat":"repeat","background-position":"center center","background-size":"auto","background-attachment":"scroll","background-type":"","background-media":"","overlay-type":"","overlay-color":"","overlay-opacity":"","overlay-gradient":""},"tablet":{"background-color":"","background-image":"","background-repeat":"repeat","background-position":"center center","background-size":"auto","background-attachment":"scroll","background-type":"","background-media":"","overlay-type":"","overlay-color":"","overlay-opacity":"","overlay-gradient":""},"mobile":{"background-color":"","background-image":"","background-repeat":"repeat","background-position":"center center","background-size":"auto","background-attachment":"scroll","background-type":"","background-media":"","overlay-type":"","overlay-color":"","overlay-opacity":"","overlay-gradient":""}},"ast-content-background-meta":{"desktop":{"background-color":"var(--ast-global-color-5)","background-image":"","background-repeat":"repeat","background-position":"center center","background-size":"auto","background-attachment":"scroll","background-type":"","background-media":"","overlay-type":"","overlay-color":"","overlay-opacity":"","overlay-gradient":""},"tablet":{"background-color":"var(--ast-global-color-5)","background-image":"","background-repeat":"repeat","background-position":"center center","background-size":"auto","background-attachment":"scroll","background-type":"","background-media":"","overlay-type":"","overlay-color":"","overlay-opacity":"","overlay-gradient":""},"mobile":{"background-color":"var(--ast-global-color-5)","background-image":"","background-repeat":"repeat","background-position":"center center","background-size":"auto","background-attachment":"scroll","background-type":"","background-media":"","overlay-type":"","overlay-color":"","overlay-opacity":"","overlay-gradient":""}},"footnotes":""},"class_list":["post-7026","page","type-page","status-publish","hentry"],"_links":{"self":[{"href":"https:\/\/www.riceknife.com\/sv\/wp-json\/wp\/v2\/pages\/7026","targetHints":{"allow":["GET"]}}],"collection":[{"href":"https:\/\/www.riceknife.com\/sv\/wp-json\/wp\/v2\/pages"}],"about":[{"href":"https:\/\/www.riceknife.com\/sv\/wp-json\/wp\/v2\/types\/page"}],"author":[{"embeddable":true,"href":"https:\/\/www.riceknife.com\/sv\/wp-json\/wp\/v2\/users\/1"}],"replies":[{"embeddable":true,"href":"https:\/\/www.riceknife.com\/sv\/wp-json\/wp\/v2\/comments?post=7026"}],"version-history":[{"count":0,"href":"https:\/\/www.riceknife.com\/sv\/wp-json\/wp\/v2\/pages\/7026\/revisions"}],"wp:attachment":[{"href":"https:\/\/www.riceknife.com\/sv\/wp-json\/wp\/v2\/media?parent=7026"}],"curies":[{"name":"wp","href":"https:\/\/api.w.org\/{rel}","templated":true}]}}