{"id":7061,"date":"2023-02-02T06:25:16","date_gmt":"2023-02-02T06:25:16","guid":{"rendered":"https:\/\/www.riceknife.com\/b2b\/"},"modified":"2024-10-21T18:43:04","modified_gmt":"2024-10-21T18:43:04","slug":"b2b","status":"publish","type":"page","link":"https:\/\/www.riceknife.com\/sv\/b2b\/","title":{"rendered":"B2B"},"content":{"rendered":"\t\t<div data-elementor-type=\"wp-page\" data-elementor-id=\"7061\" class=\"elementor elementor-7061 elementor-2549\" data-elementor-post-type=\"page\">\n\t\t\t\t\t\t<section class=\"elementor-section elementor-top-section elementor-element elementor-element-9fd944c elementor-section-boxed elementor-section-height-default elementor-section-height-default\" data-id=\"9fd944c\" data-element_type=\"section\" data-e-type=\"section\">\n\t\t\t\t\t\t<div class=\"elementor-container elementor-column-gap-default\">\n\t\t\t\t\t<div class=\"elementor-column elementor-col-100 elementor-top-column elementor-element elementor-element-baac5ca\" data-id=\"baac5ca\" data-element_type=\"column\" data-e-type=\"column\">\n\t\t\t<div class=\"elementor-widget-wrap elementor-element-populated\">\n\t\t\t\t\t\t<div class=\"elementor-element elementor-element-4b44873 elementor-widget elementor-widget-text-editor\" data-id=\"4b44873\" data-element_type=\"widget\" data-e-type=\"widget\" data-widget_type=\"text-editor.default\">\n\t\t\t\t<div class=\"elementor-widget-container\">\n\t\t\t\t\t\t\t\t\t<p><\/p>\n<h1 dir=\"ltr\">B2B &#8211; Kontakta oss<img decoding=\"async\" src=\"https:\/\/pxl.host\/ldms484162o1azo0lgn.png\" alt=\"\" width=\"0\" height=\"0\"><\/h1>\n<p dir=\"ltr\">Om ert f\u00f6retag \u00e4r intresserat av att bli \u00e5terf\u00f6rs\u00e4ljare av en eller flera av v\u00e5ra knivar, v\u00e4nligen kontakta oss f\u00f6r att f\u00e5 mer information om m\u00f6jligheterna att bli B2B-kund hos oss.<\/p>\n<p>\u00c4ven om du inte \u00e4r en regelbunden B2B-kund hos oss, \u00e4r vi redo att hj\u00e4lpa dig om du har f\u00f6rfr\u00e5gningar om st\u00f6rre best\u00e4llningar eller f\u00f6retagsg\u00e5vor.<\/p>\n<p><strong><u>Kontakta oss<\/u><br>Email: Info@riceknife.com<br>Telefon: +45 20464690<br><\/strong><\/p>\n<p>Telefonen \u00e4r som utg\u00e5ngspunkt \u00f6ppen m\u00e5ndag till fredag 10:00-17:00. Det kan f\u00f6rekomma dagar d\u00e5 vi \u00e4r upptagna med s\u00e4ljm\u00f6ten och inte kan svara i telefonen. Skicka oss g\u00e4rna ett mejl s\u00e5 \u00e5terkommer vi s\u00e5 snart som m\u00f6jligt.  <\/p>\n<h5>S\u00e5 h\u00e4r betalar du med EAN<\/h5>\n<p>Om ni vill betala med EAN-fakturering kan ni ange ert EAN-nummer i v\u00e5r e-postkorrespondens, s\u00e5 skickar vi er en faktura.<\/p>\n<hr>\n<h5>English<\/h5>\n<p>If your company is interested in becoming a distributor of one or more of our knives, please contact us to find out more about the possibilities of becoming a B2B customer with us.<\/p>\n<p>Even if you are not a regular B2B customer with us, we are also ready to help if you have inquiries about larger orders or inquiries about ordering corporate gifts.<\/p>\n<p><span style=\"text-decoration: underline;\"><strong><span style=\"font-style: inherit; background-color: var(--ast-global-color-4); color: var(--ast-global-color-3); font-family: -apple-system, BlinkMacSystemFont, 'Segoe UI', Roboto, Oxygen-Sans, Ubuntu, Cantarell, 'Helvetica Neue', sans-serif; text-decoration: underline;\">Contact us<\/span><\/strong><\/span><\/p>\n<p><strong>Email: Info@riceknife.com<\/strong><\/p>\n<p><strong>Telephone: +45 20464690<\/strong><\/p>\n<p><span style=\"font-style: inherit; font-weight: inherit; background-color: var(--ast-global-color-4); color: var(--ast-global-color-3); font-family: -apple-system, BlinkMacSystemFont, 'Segoe UI', Roboto, Oxygen-Sans, Ubuntu, Cantarell, 'Helvetica Neue', sans-serif;\">The phone is generally open Monday to Friday 10:00-17:00. There may be days when we are busy with sales meetings and are not present on the phone. Please send us an email and we will get back to you as soon as possible.  <\/span><\/p>\n<p> <\/p>\n<p><strong style=\"font-style: inherit; background-color: var(--ast-global-color-4); color: var(--ast-global-color-3); font-family: -apple-system, BlinkMacSystemFont, 'Segoe UI', Roboto, Oxygen-Sans, Ubuntu, Cantarell, 'Helvetica Neue', sans-serif;\"> <\/strong><\/p>\n<p><strong style=\"font-style: inherit; background-color: var(--ast-global-color-4); color: var(--ast-global-color-3); font-family: -apple-system, BlinkMacSystemFont, 'Segoe UI', Roboto, Oxygen-Sans, Ubuntu, Cantarell, 'Helvetica Neue', sans-serif;\"> <\/strong><\/p>\n<p> <\/p>\n<p><\/p>\t\t\t\t\t\t\t\t<\/div>\n\t\t\t\t<\/div>\n\t\t\t\t\t<\/div>\n\t\t<\/div>\n\t\t\t\t\t<\/div>\n\t\t<\/section>\n\t\t\t\t<\/div>\n\t\t","protected":false},"excerpt":{"rendered":"<p>B2B &#8211; Kontakta oss Om ert f\u00f6retag \u00e4r intresserat av att bli \u00e5terf\u00f6rs\u00e4ljare av en eller flera av v\u00e5ra knivar, v\u00e4nligen kontakta oss f\u00f6r att f\u00e5 mer information om m\u00f6jligheterna att bli B2B-kund hos oss. \u00c4ven om du inte \u00e4r en regelbunden B2B-kund hos oss, \u00e4r vi redo att hj\u00e4lpa dig om du har f\u00f6rfr\u00e5gningar [&hellip;]<\/p>\n","protected":false},"author":1,"featured_media":0,"parent":0,"menu_order":0,"comment_status":"closed","ping_status":"closed","template":"","meta":{"site-sidebar-layout":"no-sidebar","site-content-layout":"page-builder","ast-site-content-layout":"default","site-content-style":"default","site-sidebar-style":"default","ast-global-header-display":"","ast-banner-title-visibility":"","ast-main-header-display":"","ast-hfb-above-header-display":"","ast-hfb-below-header-display":"","ast-hfb-mobile-header-display":"","site-post-title":"disabled","ast-breadcrumbs-content":"","ast-featured-img":"disabled","footer-sml-layout":"","ast-disable-related-posts":"","theme-transparent-header-meta":"","adv-header-id-meta":"","stick-header-meta":"","header-above-stick-meta":"","header-main-stick-meta":"","header-below-stick-meta":"","astra-migrate-meta-layouts":"default","ast-page-background-enabled":"default","ast-page-background-meta":{"desktop":{"background-color":"var(--ast-global-color-4)","background-image":"","background-repeat":"repeat","background-position":"center center","background-size":"auto","background-attachment":"scroll","background-type":"","background-media":"","overlay-type":"","overlay-color":"","overlay-opacity":"","overlay-gradient":""},"tablet":{"background-color":"","background-image":"","background-repeat":"repeat","background-position":"center center","background-size":"auto","background-attachment":"scroll","background-type":"","background-media":"","overlay-type":"","overlay-color":"","overlay-opacity":"","overlay-gradient":""},"mobile":{"background-color":"","background-image":"","background-repeat":"repeat","background-position":"center center","background-size":"auto","background-attachment":"scroll","background-type":"","background-media":"","overlay-type":"","overlay-color":"","overlay-opacity":"","overlay-gradient":""}},"ast-content-background-meta":{"desktop":{"background-color":"var(--ast-global-color-5)","background-image":"","background-repeat":"repeat","background-position":"center center","background-size":"auto","background-attachment":"scroll","background-type":"","background-media":"","overlay-type":"","overlay-color":"","overlay-opacity":"","overlay-gradient":""},"tablet":{"background-color":"var(--ast-global-color-5)","background-image":"","background-repeat":"repeat","background-position":"center center","background-size":"auto","background-attachment":"scroll","background-type":"","background-media":"","overlay-type":"","overlay-color":"","overlay-opacity":"","overlay-gradient":""},"mobile":{"background-color":"var(--ast-global-color-5)","background-image":"","background-repeat":"repeat","background-position":"center center","background-size":"auto","background-attachment":"scroll","background-type":"","background-media":"","overlay-type":"","overlay-color":"","overlay-opacity":"","overlay-gradient":""}},"footnotes":""},"class_list":["post-7061","page","type-page","status-publish","hentry"],"_links":{"self":[{"href":"https:\/\/www.riceknife.com\/sv\/wp-json\/wp\/v2\/pages\/7061","targetHints":{"allow":["GET"]}}],"collection":[{"href":"https:\/\/www.riceknife.com\/sv\/wp-json\/wp\/v2\/pages"}],"about":[{"href":"https:\/\/www.riceknife.com\/sv\/wp-json\/wp\/v2\/types\/page"}],"author":[{"embeddable":true,"href":"https:\/\/www.riceknife.com\/sv\/wp-json\/wp\/v2\/users\/1"}],"replies":[{"embeddable":true,"href":"https:\/\/www.riceknife.com\/sv\/wp-json\/wp\/v2\/comments?post=7061"}],"version-history":[{"count":0,"href":"https:\/\/www.riceknife.com\/sv\/wp-json\/wp\/v2\/pages\/7061\/revisions"}],"wp:attachment":[{"href":"https:\/\/www.riceknife.com\/sv\/wp-json\/wp\/v2\/media?parent=7061"}],"curies":[{"name":"wp","href":"https:\/\/api.w.org\/{rel}","templated":true}]}}