{"id":7655,"date":"2023-11-14T11:59:28","date_gmt":"2023-11-14T11:59:28","guid":{"rendered":"https:\/\/www.riceknife.com\/policy-for-cookies\/"},"modified":"2024-11-30T15:07:21","modified_gmt":"2024-11-30T15:07:21","slug":"policy-for-cookies","status":"publish","type":"page","link":"https:\/\/www.riceknife.com\/sv\/policy-for-cookies\/","title":{"rendered":"Policy f\u00f6r cookies"},"content":{"rendered":"\t\t<div data-elementor-type=\"wp-page\" data-elementor-id=\"7655\" class=\"elementor elementor-7655 elementor-4148\" data-elementor-post-type=\"page\">\n\t\t\t\t<div class=\"elementor-element elementor-element-2ec05ee e-flex e-con-boxed e-con e-parent\" data-id=\"2ec05ee\" data-element_type=\"container\" data-e-type=\"container\">\n\t\t\t\t\t<div class=\"e-con-inner\">\n\t\t\t\t<div class=\"elementor-element elementor-element-07f064e elementor-widget elementor-widget-text-editor\" data-id=\"07f064e\" data-element_type=\"widget\" data-e-type=\"widget\" data-widget_type=\"text-editor.default\">\n\t\t\t\t<div class=\"elementor-widget-container\">\n\t\t\t\t\t\t\t\t\t<h1>Policy f\u00f6r cookies<\/h1>\n<p><span style=\"font-weight: 400;\">Detta \u00e4r cookiepolicyn f\u00f6r Riceknife, som n\u00e5s fr\u00e5n www.riceknife.com<\/span><\/p>\n<h3><b>Vad \u00e4r cookies?<\/b><\/h3>\n<p><span style=\"font-weight: 400;\">I likhet med n\u00e4stan alla professionella webbplatser anv\u00e4nder den h\u00e4r webbplatsen cookies, som \u00e4r sm\u00e5 filer som laddas ner till din dator f\u00f6r att f\u00f6rb\u00e4ttra din upplevelse. P\u00e5 den h\u00e4r sidan beskrivs vilken information de samlar in, hur vi anv\u00e4nder den och varf\u00f6r vi ibland beh\u00f6ver lagra dessa cookies. Vi ber\u00e4ttar ocks\u00e5 hur du kan f\u00f6rhindra att dessa cookies lagras, men det kan inneb\u00e4ra att vissa delar av webbplatsens funktioner f\u00f6rs\u00e4mras eller &#8221;bryts&#8221;.  <\/span><\/p>\n<p><b>Hur vi anv\u00e4nder cookies<\/b><\/p>\n<p><span style=\"font-weight: 400;\">Vi anv\u00e4nder cookies av flera olika sk\u00e4l som beskrivs nedan. Tyv\u00e4rr finns det i de flesta fall inga branschstandardalternativ f\u00f6r att inaktivera cookies utan att helt inaktivera den funktionalitet och de funktioner som de l\u00e4gger till p\u00e5 denna webbplats. Vi rekommenderar att du l\u00e5ter alla cookies vara kvar om du inte \u00e4r s\u00e4ker p\u00e5 om du beh\u00f6ver dem eller inte, ifall de anv\u00e4nds f\u00f6r att tillhandah\u00e5lla en tj\u00e4nst som du anv\u00e4nder.  <\/span><\/p>\n<p><b>Inaktivera cookies<\/b><\/p>\n<p><span style=\"font-weight: 400;\">Du kan f\u00f6rhindra att cookies sparas genom att justera inst\u00e4llningarna i din webbl\u00e4sare (se webbl\u00e4sarens hj\u00e4lp f\u00f6r hur du g\u00f6r detta). T\u00e4nk p\u00e5 att inaktivering av cookies kommer att p\u00e5verka funktionaliteten p\u00e5 denna och m\u00e5nga andra webbplatser som du bes\u00f6ker. Inaktivering av cookies leder vanligtvis till att vissa funktioner och egenskaper p\u00e5 denna webbplats ocks\u00e5 inaktiveras. D\u00e4rf\u00f6r rekommenderar vi att du inte inaktiverar cookies.     <\/span><\/p>\n<h5><b>De cookies vi st\u00e4ller in<\/b><\/h5>\n<p><strong>Kontorelaterade cookies<\/strong><\/p>\n<p><span style=\"font-weight: 400;\">Om du skapar ett konto hos oss kommer vi att anv\u00e4nda cookies f\u00f6r att hantera registreringsprocessen och allm\u00e4n administration. Dessa cookies raderas vanligtvis n\u00e4r du loggar ut, men i vissa fall kan de finnas kvar efter\u00e5t f\u00f6r att komma ih\u00e5g dina inst\u00e4llningar p\u00e5 webbplatsen n\u00e4r du \u00e4r utloggad. <\/span><\/p>\n<p><strong>Inloggningsrelaterade cookies<\/strong><\/p>\n<p><span style=\"font-weight: 400;\">Vi anv\u00e4nder cookies n\u00e4r du \u00e4r inloggad s\u00e5 att vi kan komma ih\u00e5g detta. Detta g\u00f6r att du inte beh\u00f6ver logga in varje g\u00e5ng du bes\u00f6ker en ny sida. Dessa cookies tas vanligtvis bort eller rensas n\u00e4r du loggar ut f\u00f6r att s\u00e4kerst\u00e4lla att du endast kan komma \u00e5t begr\u00e4nsade funktioner och omr\u00e5den n\u00e4r du \u00e4r inloggad.  <\/span><\/p>\n<p><strong>Cookies relaterade till e-postnyhetsbrev<\/strong><\/p>\n<p><span style=\"font-weight: 400;\">Denna webbplats erbjuder nyhetsbrev eller e-postprenumerationstj\u00e4nster och cookies kan anv\u00e4ndas f\u00f6r att komma ih\u00e5g om du redan \u00e4r registrerad och om du vill visa vissa meddelanden som kanske bara \u00e4r giltiga f\u00f6r prenumererade\/icke prenumererade anv\u00e4ndare.<\/span><\/p>\n<p><strong>Cookies relaterade till orderhantering<\/strong><\/p>\n<p><span style=\"font-weight: 400;\">Denna webbplats erbjuder e-handel eller betalningsm\u00f6jligheter och vissa cookies \u00e4r n\u00f6dv\u00e4ndiga f\u00f6r att s\u00e4kerst\u00e4lla att din best\u00e4llning kommer ih\u00e5g mellan sidorna s\u00e5 att vi kan behandla den p\u00e5 r\u00e4tt s\u00e4tt.<\/span><\/p>\n<p><strong>Cookies relaterade till enk\u00e4ter<\/strong><\/p>\n<p><span style=\"font-weight: 400;\">D\u00e5 och d\u00e5 erbjuder vi anv\u00e4ndarunders\u00f6kningar och fr\u00e5geformul\u00e4r f\u00f6r att ge dig intressanta insikter, anv\u00e4ndbara verktyg eller f\u00f6r att f\u00f6rst\u00e5 v\u00e5r anv\u00e4ndarbas mer exakt. Dessa unders\u00f6kningar kan anv\u00e4nda cookies f\u00f6r att komma ih\u00e5g vem som redan har deltagit i en unders\u00f6kning eller f\u00f6r att ge dig korrekta resultat efter att du har bytt sida. <\/span><\/p>\n<p><strong>Formul\u00e4rrelaterade cookies<\/strong><\/p>\n<p><span style=\"font-weight: 400;\">N\u00e4r du l\u00e4mnar uppgifter via ett formul\u00e4r, t.ex. p\u00e5 kontaktsidor eller kommentarsformul\u00e4r, kan cookies st\u00e4llas in f\u00f6r att komma ih\u00e5g dina anv\u00e4ndaruppgifter f\u00f6r framtida korrespondens.<\/span><\/p>\n<p><strong><span style=\"font-size: 16px;\">Cookies f\u00f6r webbplatsinst\u00e4llningar<\/span><\/strong><\/p>\n<p><span style=\"font-size: 16px; font-weight: 400;\">F\u00f6r att ge dig en bra upplevelse p\u00e5 den h\u00e4r webbplatsen tillhandah\u00e5ller vi funktionaliteten f\u00f6r att st\u00e4lla in dina preferenser f\u00f6r hur den h\u00e4r webbplatsen k\u00f6rs n\u00e4r du anv\u00e4nder den. F\u00f6r att komma ih\u00e5g dina preferenser m\u00e5ste vi st\u00e4lla in cookies s\u00e5 att denna information kan h\u00e4mtas n\u00e4r du interagerar med en sida som p\u00e5verkas av dina preferenser. <\/span><\/p>\n<p><b>Cookies fr\u00e5n tredje part<\/b><\/p>\n<p><span style=\"font-weight: 400;\">I vissa s\u00e4rskilda fall anv\u00e4nder vi \u00e4ven cookies som tillhandah\u00e5lls av betrodda tredje parter. I f\u00f6ljande avsnitt beskrivs vilka tredjepartscookies du kan st\u00f6ta p\u00e5 via den h\u00e4r webbplatsen. <\/span><\/p>\n<p><span style=\"font-weight: 400;\">Den h\u00e4r webbplatsen anv\u00e4nder Google Analytics som \u00e4r en av de mest utbredda och betrodda analysl\u00f6sningarna p\u00e5 webben f\u00f6r att hj\u00e4lpa oss att f\u00f6rst\u00e5 hur du anv\u00e4nder webbplatsen och hur vi kan f\u00f6rb\u00e4ttra din upplevelse. Dessa cookies kan sp\u00e5ra saker som hur l\u00e5ng tid du tillbringar p\u00e5 webbplatsen och de sidor du bes\u00f6ker s\u00e5 att vi kan forts\u00e4tta att producera engagerande inneh\u00e5ll. <\/span><\/p>\n<p><span style=\"font-weight: 400;\">Mer information om Google Analytics-cookies finns p\u00e5 den officiella Google Analytics-sidan.<\/span><\/p>\n<p><span style=\"font-weight: 400;\">Tredjepartsanalys anv\u00e4nds f\u00f6r att sp\u00e5ra och m\u00e4ta anv\u00e4ndningen av den h\u00e4r webbplatsen s\u00e5 att vi kan forts\u00e4tta att producera engagerande inneh\u00e5ll. Dessa cookies kan sp\u00e5ra saker som hur l\u00e5ng tid du tillbringar p\u00e5 webbplatsen eller sidor du bes\u00f6ker, vilket hj\u00e4lper oss att f\u00f6rst\u00e5 hur vi kan f\u00f6rb\u00e4ttra webbplatsen f\u00f6r dig. <\/span><\/p>\n<p><span style=\"font-weight: 400;\">D\u00e5 och d\u00e5 testar vi nya funktioner och g\u00f6r sm\u00e5 \u00e4ndringar i hur webbplatsen levereras. N\u00e4r vi fortfarande testar nya funktioner kan dessa cookies anv\u00e4ndas f\u00f6r att s\u00e4kerst\u00e4lla att du f\u00e5r en konsekvent upplevelse p\u00e5 webbplatsen samtidigt som vi f\u00f6rst\u00e5r vilka optimeringar som v\u00e5ra anv\u00e4ndare uppskattar mest. <\/span><\/p>\n<p><span style=\"font-weight: 400;\">Eftersom vi s\u00e4ljer produkter \u00e4r det viktigt f\u00f6r oss att f\u00e5 statistik \u00f6ver hur m\u00e5nga av bes\u00f6karna p\u00e5 v\u00e5r webbplats som faktiskt genomf\u00f6r ett k\u00f6p, och det \u00e4r den typen av data som dessa cookies kommer att sp\u00e5ra. Detta \u00e4r viktigt f\u00f6r dig eftersom det inneb\u00e4r att vi kan g\u00f6ra korrekta aff\u00e4rsprognoser som g\u00f6r det m\u00f6jligt f\u00f6r oss att \u00f6vervaka v\u00e5ra reklam- och produktkostnader f\u00f6r att s\u00e4kerst\u00e4lla b\u00e4sta m\u00f6jliga pris. <\/span><\/p>\n<p><span style=\"font-weight: 400;\">Google AdSense-tj\u00e4nsten som vi anv\u00e4nder f\u00f6r att visa annonser anv\u00e4nder en DoubleClick-cookie f\u00f6r att visa mer relevanta annonser p\u00e5 webben och begr\u00e4nsa antalet g\u00e5nger som en viss annons visas f\u00f6r dig.<\/span><\/p>\n<p><span style=\"font-weight: 400;\">Mer information om Google AdSense finns i Google AdSense officiella FAQ om sekretess.<\/span><\/p>\n<p><span style=\"font-weight: 400;\">Vi anv\u00e4nder annonser f\u00f6r att kompensera f\u00f6r kostnaderna f\u00f6r att driva denna webbplats och tillhandah\u00e5lla finansiering f\u00f6r vidareutveckling. De cookies f\u00f6r beteendebaserad annonsering som anv\u00e4nds av denna webbplats \u00e4r utformade f\u00f6r att s\u00e4kerst\u00e4lla att vi ger dig de mest relevanta annonserna d\u00e4r det \u00e4r m\u00f6jligt genom att anonymt sp\u00e5ra dina intressen och presentera liknande saker som kan vara av intresse. <\/span><\/p>\n<p><span style=\"font-weight: 400;\">Flera partners annonserar f\u00f6r v\u00e5r r\u00e4kning och affiliate tracking cookies g\u00f6r det helt enkelt m\u00f6jligt f\u00f6r oss att se om v\u00e5ra kunder har kommit till webbplatsen via en av v\u00e5ra partners webbplatser s\u00e5 att vi kan kreditera dem p\u00e5 l\u00e4mpligt s\u00e4tt och i f\u00f6rekommande fall till\u00e5ta v\u00e5ra affiliatepartners att tillhandah\u00e5lla n\u00e5gon bonus som de kan ge dig f\u00f6r att g\u00f6ra ett k\u00f6p.<\/span><\/p>\n<p><span style=\"font-weight: 400;\">Vi anv\u00e4nder ocks\u00e5 knappar f\u00f6r sociala medier och\/eller plugins p\u00e5 denna webbplats som g\u00f6r att du kan ansluta till ditt sociala n\u00e4tverk p\u00e5 olika s\u00e4tt. F\u00f6r att dessa ska fungera kommer f\u00f6ljande webbplatser f\u00f6r sociala medier, inklusive {Lista de sociala n\u00e4tverk vars funktioner du har integrerat med din webbplats?:12}, att st\u00e4lla in cookies via v\u00e5r webbplats som kan anv\u00e4ndas f\u00f6r att f\u00f6rb\u00e4ttra din profil p\u00e5 deras webbplats eller bidra till de uppgifter de har f\u00f6r olika \u00e4ndam\u00e5l som beskrivs i deras respektive sekretesspolicy.<\/span><\/p>\n<p><b style=\"font-style: inherit;\">Mer information<\/b><\/p>\n<p><span style=\"font-weight: 400;\">F\u00f6rhoppningsvis har detta klargjort saker f\u00f6r dig och som tidigare n\u00e4mnts, om det finns n\u00e5got som du inte \u00e4r s\u00e4ker p\u00e5 om du beh\u00f6ver eller inte, \u00e4r det vanligtvis s\u00e4krare att l\u00e5ta cookies vara aktiverade om det interagerar med n\u00e5gon av de funktioner du anv\u00e4nder p\u00e5 v\u00e5r webbplats.<\/span><\/p>\n<p><span style=\"font-weight: 400;\">F\u00f6r mer allm\u00e4n information om cookies, v\u00e4nligen l\u00e4s <\/span><a href=\"https:\/\/www.cookiepolicygenerator.com\/sample-cookies-policy\/\" target=\"_blank\" rel=\"noopener\"><span style=\"font-weight: 400;\">artikeln Cookies Policy<\/span><\/a><span style=\"font-weight: 400;\">.<\/span><\/p>\n<p><span style=\"font-weight: 400;\">Men om du fortfarande vill ha mer information kan du kontakta oss via n\u00e5got av v\u00e5ra kontakts\u00e4tt:<\/span><\/p>\n<p><span style=\"font-weight: 400;\"><strong>E-post:<\/strong> info@linbech.com<\/span><\/p>\n<p><strong>Senast uppdaterad:<\/strong> 23 januari 2023<\/p>\n\t\t\t\t\t\t\t\t<\/div>\n\t\t\t\t<\/div>\n\t\t\t\t\t<\/div>\n\t\t\t\t<\/div>\n\t\t\t\t<\/div>\n\t\t","protected":false},"excerpt":{"rendered":"<p>Policy f\u00f6r cookies Detta \u00e4r cookiepolicyn f\u00f6r Riceknife, som n\u00e5s fr\u00e5n www.riceknife.com Vad \u00e4r cookies? I likhet med n\u00e4stan alla professionella webbplatser anv\u00e4nder den h\u00e4r webbplatsen cookies, som \u00e4r sm\u00e5 filer som laddas ner till din dator f\u00f6r att f\u00f6rb\u00e4ttra din upplevelse. P\u00e5 den h\u00e4r sidan beskrivs vilken information de samlar in, hur vi anv\u00e4nder [&hellip;]<\/p>\n","protected":false},"author":1,"featured_media":0,"parent":0,"menu_order":0,"comment_status":"closed","ping_status":"closed","template":"","meta":{"site-sidebar-layout":"no-sidebar","site-content-layout":"page-builder","ast-site-content-layout":"full-width-container","site-content-style":"unboxed","site-sidebar-style":"unboxed","ast-global-header-display":"","ast-banner-title-visibility":"","ast-main-header-display":"","ast-hfb-above-header-display":"","ast-hfb-below-header-display":"","ast-hfb-mobile-header-display":"","site-post-title":"disabled","ast-breadcrumbs-content":"","ast-featured-img":"disabled","footer-sml-layout":"","ast-disable-related-posts":"","theme-transparent-header-meta":"","adv-header-id-meta":"","stick-header-meta":"","header-above-stick-meta":"","header-main-stick-meta":"","header-below-stick-meta":"","astra-migrate-meta-layouts":"default","ast-page-background-enabled":"default","ast-page-background-meta":{"desktop":{"background-color":"var(--ast-global-color-4)","background-image":"","background-repeat":"repeat","background-position":"center center","background-size":"auto","background-attachment":"scroll","background-type":"","background-media":"","overlay-type":"","overlay-color":"","overlay-opacity":"","overlay-gradient":""},"tablet":{"background-color":"","background-image":"","background-repeat":"repeat","background-position":"center center","background-size":"auto","background-attachment":"scroll","background-type":"","background-media":"","overlay-type":"","overlay-color":"","overlay-opacity":"","overlay-gradient":""},"mobile":{"background-color":"","background-image":"","background-repeat":"repeat","background-position":"center center","background-size":"auto","background-attachment":"scroll","background-type":"","background-media":"","overlay-type":"","overlay-color":"","overlay-opacity":"","overlay-gradient":""}},"ast-content-background-meta":{"desktop":{"background-color":"var(--ast-global-color-5)","background-image":"","background-repeat":"repeat","background-position":"center center","background-size":"auto","background-attachment":"scroll","background-type":"","background-media":"","overlay-type":"","overlay-color":"","overlay-opacity":"","overlay-gradient":""},"tablet":{"background-color":"var(--ast-global-color-5)","background-image":"","background-repeat":"repeat","background-position":"center center","background-size":"auto","background-attachment":"scroll","background-type":"","background-media":"","overlay-type":"","overlay-color":"","overlay-opacity":"","overlay-gradient":""},"mobile":{"background-color":"var(--ast-global-color-5)","background-image":"","background-repeat":"repeat","background-position":"center center","background-size":"auto","background-attachment":"scroll","background-type":"","background-media":"","overlay-type":"","overlay-color":"","overlay-opacity":"","overlay-gradient":""}},"footnotes":""},"class_list":["post-7655","page","type-page","status-publish","hentry"],"_links":{"self":[{"href":"https:\/\/www.riceknife.com\/sv\/wp-json\/wp\/v2\/pages\/7655","targetHints":{"allow":["GET"]}}],"collection":[{"href":"https:\/\/www.riceknife.com\/sv\/wp-json\/wp\/v2\/pages"}],"about":[{"href":"https:\/\/www.riceknife.com\/sv\/wp-json\/wp\/v2\/types\/page"}],"author":[{"embeddable":true,"href":"https:\/\/www.riceknife.com\/sv\/wp-json\/wp\/v2\/users\/1"}],"replies":[{"embeddable":true,"href":"https:\/\/www.riceknife.com\/sv\/wp-json\/wp\/v2\/comments?post=7655"}],"version-history":[{"count":0,"href":"https:\/\/www.riceknife.com\/sv\/wp-json\/wp\/v2\/pages\/7655\/revisions"}],"wp:attachment":[{"href":"https:\/\/www.riceknife.com\/sv\/wp-json\/wp\/v2\/media?parent=7655"}],"curies":[{"name":"wp","href":"https:\/\/api.w.org\/{rel}","templated":true}]}}