{"id":7665,"date":"2023-11-14T11:38:07","date_gmt":"2023-11-14T11:38:07","guid":{"rendered":"https:\/\/www.riceknife.com\/policy-for-aterbetalning-och-returer\/"},"modified":"2024-11-30T15:07:28","modified_gmt":"2024-11-30T15:07:28","slug":"policy-for-aterbetalning-och-returer","status":"publish","type":"page","link":"https:\/\/www.riceknife.com\/sv\/policy-for-aterbetalning-och-returer\/","title":{"rendered":"Policy f\u00f6r \u00e5terbetalning och returer"},"content":{"rendered":"\t\t<div data-elementor-type=\"wp-page\" data-elementor-id=\"7665\" class=\"elementor elementor-7665 elementor-4134\" data-elementor-post-type=\"page\">\n\t\t\t\t<div class=\"elementor-element elementor-element-2ec05ee e-flex e-con-boxed e-con e-parent\" data-id=\"2ec05ee\" data-element_type=\"container\" data-e-type=\"container\">\n\t\t\t\t\t<div class=\"e-con-inner\">\n\t\t\t\t<div class=\"elementor-element elementor-element-07f064e elementor-widget elementor-widget-text-editor\" data-id=\"07f064e\" data-element_type=\"widget\" data-e-type=\"widget\" data-widget_type=\"text-editor.default\">\n\t\t\t\t<div class=\"elementor-widget-container\">\n\t\t\t\t\t\t\t\t\t<h1>Policy f\u00f6r \u00e5terbetalning och returer<\/h1>\n<h3><strong>Tack f\u00f6r att du handlar p\u00e5 Riceknife.<\/strong><\/h3>\n<p>Tack f\u00f6r att du handlar p\u00e5 Riceknife.<\/p>\n<p>Om du av n\u00e5gon anledning inte \u00e4r helt n\u00f6jd med ett k\u00f6p uppmanar vi dig att l\u00e4sa igenom v\u00e5r policy f\u00f6r \u00e5terbetalningar och returer.  <\/p>\n<p>F\u00f6ljande villkor g\u00e4ller f\u00f6r alla produkter som du har k\u00f6pt av oss.<\/p>\n<p>Tolkning<\/p>\n<p>De ord i vilka begynnelsebokstaven \u00e4r versal har betydelser som definieras enligt f\u00f6ljande villkor. F\u00f6ljande definitioner skall ha samma inneb\u00f6rd oavsett om de f\u00f6rekommer i singular eller plural. <\/p>\n<p>Definitioner<\/p>\n<p>Vid till\u00e4mpning av denna retur- och \u00e5terbetalningspolicy:<\/p>\n<p>Bolaget (i detta avtal ben\u00e4mnt antingen &#8221;Bolaget&#8221;, &#8221;Vi&#8221;, &#8221;Oss&#8221; eller &#8221;V\u00e5r&#8221;) avser Linbech ApS, 4 Nurdugsvej, Greve, Danmark.<\/p>\n<p>Med varor avses de f\u00f6rem\u00e5l som erbjuds till f\u00f6rs\u00e4ljning p\u00e5 Tj\u00e4nsten.<\/p>\n<p>Best\u00e4llningar inneb\u00e4r en beg\u00e4ran fr\u00e5n dig att k\u00f6pa varor fr\u00e5n oss.<\/p>\n<p>Med tj\u00e4nst avses webbplatsen.<\/p>\n<p>Webbplatsen h\u00e4nvisar till Riceknife, tillg\u00e4nglig fr\u00e5n www.riceknife.com<\/p>\n<p>Med &#8221;du&#8221; avses den person som anv\u00e4nder Tj\u00e4nsten eller det f\u00f6retag eller annan juridisk person f\u00f6r vars r\u00e4kning en s\u00e5dan person anv\u00e4nder Tj\u00e4nsten, beroende p\u00e5 vad som \u00e4r till\u00e4mpligt.<\/p>\n<p>Din r\u00e4tt till avbest\u00e4llning<\/p>\n<p>Du har r\u00e4tt att annullera din best\u00e4llning inom 30 dagar utan att ange n\u00e5got sk\u00e4l f\u00f6r detta.<\/p>\n<p>Tidsfristen f\u00f6r att annullera en best\u00e4llning \u00e4r 30 dagar fr\u00e5n det datum d\u00e5 du tog emot varorna eller d\u00e5 en tredje part som du har utsett, som inte \u00e4r transport\u00f6ren, tar den levererade produkten i besittning.<\/p>\n<p>F\u00f6r att kunna ut\u00f6va din \u00e5ngerr\u00e4tt m\u00e5ste du informera oss om ditt beslut genom ett tydligt meddelande. Du kan informera oss om ditt beslut genom att: <\/p>\n<p>Via e-post: info@linbech.com<\/p>\n<p>Genom att bes\u00f6ka denna sida p\u00e5 v\u00e5r webbplats: http:\/\/www.riceknfie.com\/contact<\/p>\n<p>Via telefonnummer: +4520464690<\/p>\n<p>Vi kommer att ers\u00e4tta Er senast 14 dagar fr\u00e5n den dag d\u00e5 Vi mottar de returnerade Varorna. Vi kommer att anv\u00e4nda samma betalningsmedel som Du anv\u00e4nde f\u00f6r Ordern och Du kommer inte att \u00e5dra dig n\u00e5gra avgifter f\u00f6r s\u00e5dan \u00e5terbetalning. <\/p>\n<p>Villkor f\u00f6r \u00e5terl\u00e4mnande<\/p>\n<p>F\u00f6r att Varorna ska vara ber\u00e4ttigade till en retur, se till att:<\/p>\n<p>Varorna k\u00f6ptes under de senaste 30 dagarna<\/p>\n<p>Varorna \u00e4r i originalf\u00f6rpackningen<\/p>\n<p>F\u00f6ljande varor kan inte \u00e5terl\u00e4mnas:<\/p>\n<p>Leverans av varor som tillverkats enligt dina specifikationer eller som \u00e4r tydligt personliga.<\/p>\n<p>Leverans av varor som enligt sin natur inte \u00e4r l\u00e4mpliga att returneras, f\u00f6rs\u00e4mras snabbt eller d\u00e4r utg\u00e5ngsdatumet har passerats.<\/p>\n<p>Leverans av varor som inte \u00e4r l\u00e4mpliga att returnera p\u00e5 grund av h\u00e4lsoskydd eller hygieniska sk\u00e4l och som var of\u00f6rseglade efter leverans.<\/p>\n<p>Leverans av Varor som efter leverans, beroende p\u00e5 deras beskaffenhet, \u00e4r oskiljaktigt blandade med andra f\u00f6rem\u00e5l.<\/p>\n<p>Vi f\u00f6rbeh\u00e5ller oss r\u00e4tten att efter eget gottfinnande neka retur av varor som inte uppfyller ovanst\u00e5ende returvillkor.<\/p>\n<p>Endast varor till ordinarie pris kan \u00e5terbetalas. Tyv\u00e4rr kan varor p\u00e5 rea inte \u00e5terbetalas. Detta undantag kanske inte g\u00e4ller f\u00f6r dig om det inte \u00e4r till\u00e5tet enligt till\u00e4mplig lag.  <\/p>\n<p>\u00c5terl\u00e4mnande av varor<\/p>\n<p>Du \u00e4r ansvarig f\u00f6r kostnaden och risken f\u00f6r att returnera varorna till oss. Du ska skicka varorna till f\u00f6ljande adress: <\/p>\n<p>Nurdugsvej 4, 2670 Greve, Danmark<\/p>\n<p>Vi kan inte h\u00e5llas ansvariga f\u00f6r varor som skadas eller f\u00f6rsvinner i returf\u00f6rs\u00e4ndelsen. D\u00e4rf\u00f6r rekommenderar vi en f\u00f6rs\u00e4krad och sp\u00e5rbar posttj\u00e4nst. Vi kan inte utf\u00e4rda en \u00e5terbetalning utan faktiskt mottagande av varorna eller bevis p\u00e5 mottagen returleverans.  <\/p>\n<p>G\u00e5vor<\/p>\n<p>Om varorna markerades som en g\u00e5va n\u00e4r de k\u00f6ptes och sedan skickades direkt till dig, f\u00e5r du en presentkredit f\u00f6r v\u00e4rdet av din retur. N\u00e4r den returnerade produkten har tagits emot kommer ett presentkort att skickas till dig. <\/p>\n<p>Om Varorna inte var m\u00e4rkta som en g\u00e5va n\u00e4r de k\u00f6ptes, eller om g\u00e5vogivaren fick Best\u00e4llningen skickad till sig sj\u00e4lv f\u00f6r att ge den till dig senare, kommer vi att skicka \u00e5terbetalningen till g\u00e5vogivaren.<\/p>\n<p>Kontakta oss<\/p>\n<p>Om du har n\u00e5gra fr\u00e5gor om v\u00e5r policy f\u00f6r returer och \u00e5terbetalningar, v\u00e4nligen kontakta oss:<\/p>\n<p>Via e-post: info@linbech.com<\/p>\n<p>Genom att bes\u00f6ka denna sida p\u00e5 v\u00e5r webbplats: http:\/\/www.riceknfie.com\/contact<\/p>\n<p>Via telefonnummer: +4520464690<\/p>\n<p>Senast uppdaterad: 23 januari 2023<\/p>\t\t\t\t\t\t\t\t<\/div>\n\t\t\t\t<\/div>\n\t\t\t\t\t<\/div>\n\t\t\t\t<\/div>\n\t\t\t\t<\/div>\n\t\t","protected":false},"excerpt":{"rendered":"<p>Policy f\u00f6r \u00e5terbetalning och returer Tack f\u00f6r att du handlar p\u00e5 Riceknife. Tack f\u00f6r att du handlar p\u00e5 Riceknife. Om du av n\u00e5gon anledning inte \u00e4r helt n\u00f6jd med ett k\u00f6p uppmanar vi dig att l\u00e4sa igenom v\u00e5r policy f\u00f6r \u00e5terbetalningar och returer. F\u00f6ljande villkor g\u00e4ller f\u00f6r alla produkter som du har k\u00f6pt av oss. [&hellip;]<\/p>\n","protected":false},"author":1,"featured_media":0,"parent":0,"menu_order":0,"comment_status":"closed","ping_status":"closed","template":"","meta":{"site-sidebar-layout":"no-sidebar","site-content-layout":"page-builder","ast-site-content-layout":"full-width-container","site-content-style":"unboxed","site-sidebar-style":"unboxed","ast-global-header-display":"","ast-banner-title-visibility":"","ast-main-header-display":"","ast-hfb-above-header-display":"","ast-hfb-below-header-display":"","ast-hfb-mobile-header-display":"","site-post-title":"disabled","ast-breadcrumbs-content":"","ast-featured-img":"disabled","footer-sml-layout":"","ast-disable-related-posts":"","theme-transparent-header-meta":"","adv-header-id-meta":"","stick-header-meta":"","header-above-stick-meta":"","header-main-stick-meta":"","header-below-stick-meta":"","astra-migrate-meta-layouts":"default","ast-page-background-enabled":"default","ast-page-background-meta":{"desktop":{"background-color":"var(--ast-global-color-4)","background-image":"","background-repeat":"repeat","background-position":"center center","background-size":"auto","background-attachment":"scroll","background-type":"","background-media":"","overlay-type":"","overlay-color":"","overlay-opacity":"","overlay-gradient":""},"tablet":{"background-color":"","background-image":"","background-repeat":"repeat","background-position":"center center","background-size":"auto","background-attachment":"scroll","background-type":"","background-media":"","overlay-type":"","overlay-color":"","overlay-opacity":"","overlay-gradient":""},"mobile":{"background-color":"","background-image":"","background-repeat":"repeat","background-position":"center center","background-size":"auto","background-attachment":"scroll","background-type":"","background-media":"","overlay-type":"","overlay-color":"","overlay-opacity":"","overlay-gradient":""}},"ast-content-background-meta":{"desktop":{"background-color":"var(--ast-global-color-5)","background-image":"","background-repeat":"repeat","background-position":"center center","background-size":"auto","background-attachment":"scroll","background-type":"","background-media":"","overlay-type":"","overlay-color":"","overlay-opacity":"","overlay-gradient":""},"tablet":{"background-color":"var(--ast-global-color-5)","background-image":"","background-repeat":"repeat","background-position":"center center","background-size":"auto","background-attachment":"scroll","background-type":"","background-media":"","overlay-type":"","overlay-color":"","overlay-opacity":"","overlay-gradient":""},"mobile":{"background-color":"var(--ast-global-color-5)","background-image":"","background-repeat":"repeat","background-position":"center center","background-size":"auto","background-attachment":"scroll","background-type":"","background-media":"","overlay-type":"","overlay-color":"","overlay-opacity":"","overlay-gradient":""}},"footnotes":""},"class_list":["post-7665","page","type-page","status-publish","hentry"],"_links":{"self":[{"href":"https:\/\/www.riceknife.com\/sv\/wp-json\/wp\/v2\/pages\/7665","targetHints":{"allow":["GET"]}}],"collection":[{"href":"https:\/\/www.riceknife.com\/sv\/wp-json\/wp\/v2\/pages"}],"about":[{"href":"https:\/\/www.riceknife.com\/sv\/wp-json\/wp\/v2\/types\/page"}],"author":[{"embeddable":true,"href":"https:\/\/www.riceknife.com\/sv\/wp-json\/wp\/v2\/users\/1"}],"replies":[{"embeddable":true,"href":"https:\/\/www.riceknife.com\/sv\/wp-json\/wp\/v2\/comments?post=7665"}],"version-history":[{"count":0,"href":"https:\/\/www.riceknife.com\/sv\/wp-json\/wp\/v2\/pages\/7665\/revisions"}],"wp:attachment":[{"href":"https:\/\/www.riceknife.com\/sv\/wp-json\/wp\/v2\/media?parent=7665"}],"curies":[{"name":"wp","href":"https:\/\/api.w.org\/{rel}","templated":true}]}}