{"id":8693,"date":"2025-02-15T12:59:08","date_gmt":"2025-02-15T12:59:08","guid":{"rendered":"https:\/\/www.riceknife.com\/product\/dreki-i-hornsleth-3-6\/"},"modified":"2025-11-27T23:46:48","modified_gmt":"2025-11-27T23:46:48","slug":"dreki-i-hornsleth-3-6","status":"publish","type":"product","link":"https:\/\/www.riceknife.com\/zh-hans\/product\/dreki-i-hornsleth-3-6\/","title":{"rendered":"Dreki I x Hornsleth 3\/6"},"content":{"rendered":"<div class=\"ast-oembed-container \" style=\"height: 100%;\"><iframe title=\"Riceknife x Hornsleth Collaboration\" width=\"422\" height=\"750\" src=\"https:\/\/www.youtube.com\/embed\/0OeHwrKEu2U?feature=oembed\" frameborder=\"0\" allow=\"accelerometer; autoplay; clipboard-write; encrypted-media; gyroscope; picture-in-picture; web-share\" referrerpolicy=\"strict-origin-when-cross-origin\" allowfullscreen><\/iframe><\/div>\n<details id=\"e-n-accordion-item-1980\">\n<summary tabindex=\"0\" data-accordion-index=\"1\" aria-expanded=\"false\" aria-controls=\"e-n-accordion-item-1980\">Specifikationer<\/summary>\n<ul>\n<li>Samlet l\u00e6ngde: 393 mm<\/li>\n<li>Bladl\u00e6ngde: 270 mm<\/li>\n<li>H\u00e5ndtagsl\u00e6ngde: 123 mm<\/li>\n<li>Bladbredde: 33 mm<\/li>\n<li>Bladtykkelse: 2,5 mm<\/li>\n<li>Bladmateriale: 67 lags taktilt damaskus st\u00e5l med en kerne af <a href=\"https:\/\/www.riceknife.dk\/vg10-staal\/\" target=\"_blank\" rel=\"noopener\">VG10<\/a><\/li>\n<li>H\u00e5rdhed: 62+\/-2 HRC (<a href=\"https:\/\/www.riceknife.dk\/hvad-er-rockwell\/\" target=\"_blank\" rel=\"noopener\">Rockwell<\/a>)<\/li>\n<li>V\u00e6gt: 190g<\/li>\n<li>H\u00e5ndtagsmateriale: Yellow + Blue Stable Wood Mixed<\/li>\n<\/ul>\n<hr style=\"border: 1px solid #ccc; margin: 20px 0;\" \/>\n<p><strong>Det taktile Damaskus-st\u00e5l er fundamentalt anderledes end det almindelige Damaskus-st\u00e5l.<\/strong> Taktil betyder at man tydeligvis kan m\u00e6rke m\u00f8nsteret I st\u00e5let.<\/p>\n<p>Produktionsprocessen af det taktile Damaskus-st\u00e5l sker ved gentagne gange at folde og smede st\u00e5l med to forskellige h\u00e5rdhedstyper, L442 og L316. Fordi L442 er et h\u00e5rdere Austenit rustfrit st\u00e5l, og L316 er et bl\u00f8dere Martensit rustfrit st\u00e5l, har Damaskus-st\u00e5let, der er lavet ved at folde de to materialer sammen, b\u00e5de st\u00f8rre plasticitet og h\u00e5rdere egenskaber af rustfrit st\u00e5l.<\/p>\n<p><strong><a href=\"https:\/\/www.riceknife.dk\/taktile-damaskus-staal\/\" target=\"_blank\" rel=\"noopener\">L\u00e6s videre: L\u00e6s mere om vores \u201cTaktile Damaskus St\u00e5l\u201d h\u00e9r!<\/a><\/strong><\/p>\n<\/details>\n<details id=\"e-n-accordion-item-1981\">\n<summary tabindex=\"-1\" data-accordion-index=\"2\" aria-expanded=\"false\" aria-controls=\"e-n-accordion-item-1981\">Om historier og knive<\/summary>\n<h2>Historien om Dreki kniven<\/h2>\n<p>Skabelsen af vores damaskus br\u00f8dkniv, Dreki, udspringer af manglen p\u00e5 f\u00e6ngslende muligheder p\u00e5 markedet. Homogeniteten og ensformigheden af tilg\u00e6ngelige br\u00f8dknive opfordrede os til at begive os ud p\u00e5 en rejse for at skabe noget unikt. S\u00e5ledes blev Dreki f\u00f8dt. Et udtryk af Oldnordisk oprindelse, sproget som vikingerne talte.<\/p>\n<p>I sammenh\u00e6ngen med navngivningen af vores damaskus br\u00f8dkniv, samler Dreki den rige kulturelle og mytiske arv fra vikingerne og giver\u00a0 klingen en f\u00f8lelse af styrke, magt og et strejf af det eksotiske. Udsmykket med en orientalsk drage lasergravering, inkarnerer Dreki fusionen af asiatisk damaskus st\u00e5l h\u00e5ndv\u00e6rk med essensen af en vestlig br\u00f8dkniv. Vores m\u00e5l er enkelt \u2013 at give sp\u00e6nding i din hverdag.<\/p>\n<p>Lad Dreki v\u00e6re en p\u00e5mindelse om, at selv i hverdagen er der plads til fascination, ligesom charmen ved en unik br\u00f8dkniv. Den f\u00f8rste produktionsserie af Dreki I. kniven er begr\u00e6nset til kun 200 eksemplarer p\u00e5 verdensplan.<\/p>\n<hr \/>\n<h3>L\u00e6s mere om br\u00f8dkniven herunder<\/h3>\n<p>Med en imponerende samlet l\u00e6ngde p\u00e5 393 mm og et skarpt blad p\u00e5 270 mm er denne br\u00f8dkniv designet til at sk\u00e6re gennem br\u00f8d med lethed. Fremstillet af 67-lags taktilt damaskus st\u00e5l med en VG10 kerne, kombinerer dette blad styrke og holdbarhed p\u00e5 en enest\u00e5ende m\u00e5de.<\/p>\n<p>Bladets design med en bredde p\u00e5 33 mm og en tykkelse p\u00e5 2,5 mm sikrer optimal pr\u00e6cision ved sk\u00e6ring, uanset om du sk\u00e6rer igennem skorper eller bl\u00f8dere br\u00f8dtyper. Med en imponerende h\u00e5rdhed p\u00e5 HRC 62+2 (Rockwell) bevarer dette blad sin skarphed gennem mange brug. Det ergonomisk designede h\u00e5ndtag lavet af Yellow + Blue Stable Wood Mixed giver ikke kun et solidt greb, men tilf\u00f8jer ogs\u00e5 en smuk \u00e6stetik til kniven.<\/p>\n<p>Med en v\u00e6gt p\u00e5 190g f\u00f8les kniven let i h\u00e5nden og giver en behagelig sk\u00e6reoplevelse. Uanset om du er en entusiastisk hjemmekok eller en professionel i k\u00f8kkenet, vil Riceknife Dreki I. 2023 \u2013 Damaskus Br\u00f8dkniven blive din p\u00e5lidelige ledsager og l\u00f8fte standarden for dit k\u00f8kkenudstyr med dens enest\u00e5ende ydeevne og smukke design.<\/p>\n<p><a href=\"https:\/\/www.riceknife.dk\/opbevaring-koekkenknive\/\" target=\"_blank\" rel=\"noopener\"><strong>L\u00c6S OGS\u00c5:<\/strong> Opbevaring af k\u00f8kkenknive<\/a><\/p>\n<p><a href=\"https:\/\/www.riceknife.dk\/kan-man-putte-knive-i-opvaskemaskinen\/\" target=\"_blank\" rel=\"noopener\"><strong>L\u00c6S OGS\u00c5:<\/strong> Kan man putte knive i opvaskemaskinen?<\/a><\/p>\n<\/details>\n<details id=\"e-n-accordion-item-1982\">\n<summary tabindex=\"-1\" data-accordion-index=\"3\" aria-expanded=\"false\" aria-controls=\"e-n-accordion-item-1982\">Om Hornsleth<\/summary>\n<p data-start=\"0\" data-end=\"116\"><strong><a href=\"https:\/\/www.hornsleth.com\/\" target=\"_blank\" rel=\"noopener\">Kristian Von Hornsleth<\/a> er en kendt dansk kunstner, ber\u00f8mt for sin alternative kunststil og provokerende l\u00e6rredvalg.<\/strong><\/p>\n<p data-start=\"118\" data-end=\"354\">I 2024, efter indbruddet p\u00e5 Hornsleth-museet i K\u00f8benhavn V, blev Jacob Bech f\u00f8rst introduceret til Hornsleths historie og hans ud\u00f8delige ord:<br data-start=\"259\" data-end=\"262\" \/><strong data-start=\"262\" data-end=\"322\">\u201cKUNST SKAL V\u00c6RE FARLIGT, ELLERS ER DET BARE DEKORATION\u201d<\/strong><br data-start=\"322\" data-end=\"325\" \/>\u2013 <em data-start=\"327\" data-end=\"352\">Kristian Von Hornsleth<\/em><\/p>\n<p data-start=\"356\" data-end=\"500\">Disse ord br\u00e6ndte sig fast i Jacobs hoved som et r\u00f8dgl\u00f8dende stempel!<br data-start=\"425\" data-end=\"428\" \/>Der var ingen tvivl om, at det m\u00e5tte ske!<br data-start=\"469\" data-end=\"472\" \/><strong data-start=\"472\" data-end=\"498\">HAN SKAL MALE KNIVENE!<\/strong><\/p>\n<p data-start=\"502\" data-end=\"664\">Det tog seks m\u00e5neder at f\u00f8re id\u00e9en ud i livet.<br data-start=\"548\" data-end=\"551\" \/>Resultatet taler for sig selv!<br data-start=\"581\" data-end=\"584\" \/><strong data-start=\"584\" data-end=\"616\">Syv enest\u00e5ende mesterv\u00e6rker.<\/strong><br data-start=\"616\" data-end=\"619\" \/>\u00c9n af hver fra 2023-serien + \u00e9n Aogami Joker.<\/p>\n<p data-start=\"666\" data-end=\"792\">Hvis du vil k\u00f8be et ultra unikt stykke kunst \u2013 eller hvis du bare m\u00e5 eje den sejeste kniv i k\u00f8kkenet \u2013 kan du finde dem hos:<\/p>\n<ul data-start=\"793\" data-end=\"864\">\n<li data-start=\"793\" data-end=\"814\"><strong data-start=\"795\" data-end=\"812\">MENY Rotunden<\/strong><\/li>\n<li data-start=\"815\" data-end=\"836\"><strong data-start=\"817\" data-end=\"834\">MENY Dalgaard<\/strong><\/li>\n<li data-start=\"837\" data-end=\"864\"><strong data-start=\"839\" data-end=\"862\">L\u00f8gismose Toldboden<\/strong><\/li>\n<\/ul>\n<p data-start=\"866\" data-end=\"908\"><strong data-start=\"866\" data-end=\"908\">Disse knive vil ikke blive genudgivet!<\/strong><\/p>\n<p data-start=\"910\" data-end=\"1034\" data-is-last-node=\"\">Speciel tak til <strong data-start=\"926\" data-end=\"941\">Casper Berg<\/strong>, dronepilot og ven af Riceknife Danmark, som har hjulpet med at indgravere og filme knivene.<\/p>\n<\/details>\n<ul>\n<li>Samlet l\u00e6ngde: 393 mm<\/li>\n<li>Bladl\u00e6ngde: 270 mm<\/li>\n<li>H\u00e5ndtagsl\u00e6ngde: 123 mm<\/li>\n<li>Bladbredde: 33 mm<\/li>\n<li>Bladtykkelse: 2,5 mm<\/li>\n<li>Bladmateriale: 67 lags taktilt damaskus st\u00e5l med en kerne af <a href=\"https:\/\/www.riceknife.dk\/vg10-staal\/\" target=\"_blank\" rel=\"noopener\">VG10<\/a><\/li>\n<li>H\u00e5rdhed: 62+\/-2 HRC (<a href=\"https:\/\/www.riceknife.dk\/hvad-er-rockwell\/\" target=\"_blank\" rel=\"noopener\">Rockwell<\/a>)<\/li>\n<li>V\u00e6gt: 190g<\/li>\n<li>H\u00e5ndtagsmateriale: Yellow + Blue Stable Wood Mixed<\/li>\n<\/ul>\n<hr style=\"border: 1px solid #ccc; margin: 20px 0;\" \/>\n<p><strong>Det taktile Damaskus-st\u00e5l er fundamentalt anderledes end det almindelige Damaskus-st\u00e5l.<\/strong> Taktil betyder at man tydeligvis kan m\u00e6rke m\u00f8nsteret I st\u00e5let.<\/p>\n<p>Produktionsprocessen af det taktile Damaskus-st\u00e5l sker ved gentagne gange at folde og smede st\u00e5l med to forskellige h\u00e5rdhedstyper, L442 og L316. Fordi L442 er et h\u00e5rdere Austenit rustfrit st\u00e5l, og L316 er et bl\u00f8dere Martensit rustfrit st\u00e5l, har Damaskus-st\u00e5let, der er lavet ved at folde de to materialer sammen, b\u00e5de st\u00f8rre plasticitet og h\u00e5rdere egenskaber af rustfrit st\u00e5l.<\/p>\n<p><strong><a href=\"https:\/\/www.riceknife.dk\/taktile-damaskus-staal\/\" target=\"_blank\" rel=\"noopener\">L\u00e6s videre: L\u00e6s mere om vores \u201cTaktile Damaskus St\u00e5l\u201d h\u00e9r!<\/a><\/strong><\/p>\n<h2>Historien om Dreki kniven<\/h2>\n<p>Skabelsen af vores damaskus br\u00f8dkniv, Dreki, udspringer af manglen p\u00e5 f\u00e6ngslende muligheder p\u00e5 markedet. Homogeniteten og ensformigheden af tilg\u00e6ngelige br\u00f8dknive opfordrede os til at begive os ud p\u00e5 en rejse for at skabe noget unikt. S\u00e5ledes blev Dreki f\u00f8dt. Et udtryk af Oldnordisk oprindelse, sproget som vikingerne talte.<\/p>\n<p>I sammenh\u00e6ngen med navngivningen af vores damaskus br\u00f8dkniv, samler Dreki den rige kulturelle og mytiske arv fra vikingerne og giver\u00a0 klingen en f\u00f8lelse af styrke, magt og et strejf af det eksotiske. Udsmykket med en orientalsk drage lasergravering, inkarnerer Dreki fusionen af asiatisk damaskus st\u00e5l h\u00e5ndv\u00e6rk med essensen af en vestlig br\u00f8dkniv. Vores m\u00e5l er enkelt \u2013 at give sp\u00e6nding i din hverdag.<\/p>\n<p>Lad Dreki v\u00e6re en p\u00e5mindelse om, at selv i hverdagen er der plads til fascination, ligesom charmen ved en unik br\u00f8dkniv. Den f\u00f8rste produktionsserie af Dreki I. kniven er begr\u00e6nset til kun 200 eksemplarer p\u00e5 verdensplan.<\/p>\n<hr \/>\n<h3>L\u00e6s mere om br\u00f8dkniven herunder<\/h3>\n<p>Med en imponerende samlet l\u00e6ngde p\u00e5 393 mm og et skarpt blad p\u00e5 270 mm er denne br\u00f8dkniv designet til at sk\u00e6re gennem br\u00f8d med lethed. Fremstillet af 67-lags taktilt damaskus st\u00e5l med en VG10 kerne, kombinerer dette blad styrke og holdbarhed p\u00e5 en enest\u00e5ende m\u00e5de.<\/p>\n<p>Bladets design med en bredde p\u00e5 33 mm og en tykkelse p\u00e5 2,5 mm sikrer optimal pr\u00e6cision ved sk\u00e6ring, uanset om du sk\u00e6rer igennem skorper eller bl\u00f8dere br\u00f8dtyper. Med en imponerende h\u00e5rdhed p\u00e5 HRC 62+2 (Rockwell) bevarer dette blad sin skarphed gennem mange brug. Det ergonomisk designede h\u00e5ndtag lavet af Yellow + Blue Stable Wood Mixed giver ikke kun et solidt greb, men tilf\u00f8jer ogs\u00e5 en smuk \u00e6stetik til kniven.<\/p>\n<p>Med en v\u00e6gt p\u00e5 190g f\u00f8les kniven let i h\u00e5nden og giver en behagelig sk\u00e6reoplevelse. Uanset om du er en entusiastisk hjemmekok eller en professionel i k\u00f8kkenet, vil Riceknife Dreki I. 2023 \u2013 Damaskus Br\u00f8dkniven blive din p\u00e5lidelige ledsager og l\u00f8fte standarden for dit k\u00f8kkenudstyr med dens enest\u00e5ende ydeevne og smukke design.<\/p>\n<p><a href=\"https:\/\/www.riceknife.dk\/opbevaring-koekkenknive\/\" target=\"_blank\" rel=\"noopener\"><strong>L\u00c6S OGS\u00c5:<\/strong> Opbevaring af k\u00f8kkenknive<\/a><\/p>\n<p><a href=\"https:\/\/www.riceknife.dk\/kan-man-putte-knive-i-opvaskemaskinen\/\" target=\"_blank\" rel=\"noopener\"><strong>L\u00c6S OGS\u00c5:<\/strong> Kan man putte knive i opvaskemaskinen?<\/a><\/p>\n<p data-start=\"0\" data-end=\"116\"><strong><a href=\"https:\/\/www.hornsleth.com\/\" target=\"_blank\" rel=\"noopener\">Kristian Von Hornsleth<\/a> er en kendt dansk kunstner, ber\u00f8mt for sin alternative kunststil og provokerende l\u00e6rredvalg.<\/strong><\/p>\n<p data-start=\"118\" data-end=\"354\">I 2024, efter indbruddet p\u00e5 Hornsleth-museet i K\u00f8benhavn V, blev Jacob Bech f\u00f8rst introduceret til Hornsleths historie og hans ud\u00f8delige ord:<br data-start=\"259\" data-end=\"262\" \/><strong data-start=\"262\" data-end=\"322\">&#8220;KUNST SKAL V\u00c6RE FARLIGT, ELLERS ER DET BARE DEKORATION&#8221;<\/strong><br data-start=\"322\" data-end=\"325\" \/>\u2013 <em data-start=\"327\" data-end=\"352\">Kristian Von Hornsleth<\/em><\/p>\n<p data-start=\"356\" data-end=\"500\">Disse ord br\u00e6ndte sig fast i Jacobs hoved som et r\u00f8dgl\u00f8dende stempel!<br data-start=\"425\" data-end=\"428\" \/>Der var ingen tvivl om, at det m\u00e5tte ske!<br data-start=\"469\" data-end=\"472\" \/><strong data-start=\"472\" data-end=\"498\">HAN SKAL MALE KNIVENE!<\/strong><\/p>\n<p data-start=\"502\" data-end=\"664\">Det tog seks m\u00e5neder at f\u00f8re id\u00e9en ud i livet.<br data-start=\"548\" data-end=\"551\" \/>Resultatet taler for sig selv!<br data-start=\"581\" data-end=\"584\" \/><strong data-start=\"584\" data-end=\"616\">Syv enest\u00e5ende mesterv\u00e6rker.<\/strong><br data-start=\"616\" data-end=\"619\" \/>\u00c9n af hver fra 2023-serien + \u00e9n Aogami Joker.<\/p>\n<p data-start=\"666\" data-end=\"792\">Hvis du vil k\u00f8be et ultra unikt stykke kunst \u2013 eller hvis du bare m\u00e5 eje den sejeste kniv i k\u00f8kkenet \u2013 kan du finde dem hos:<\/p>\n<ul data-start=\"793\" data-end=\"864\">\n<li data-start=\"793\" data-end=\"814\"><strong data-start=\"795\" data-end=\"812\">MENY Rotunden<\/strong><\/li>\n<li data-start=\"815\" data-end=\"836\"><strong data-start=\"817\" data-end=\"834\">MENY Dalgaard<\/strong><\/li>\n<li data-start=\"837\" data-end=\"864\"><strong data-start=\"839\" data-end=\"862\">L\u00f8gismose Toldboden<\/strong><\/li>\n<\/ul>\n<p data-start=\"866\" data-end=\"908\"><strong data-start=\"866\" data-end=\"908\">Disse knive vil ikke blive genudgivet!<\/strong><\/p>\n<p data-start=\"910\" data-end=\"1034\" data-is-last-node=\"\">Speciel tak til <strong data-start=\"926\" data-end=\"941\">Casper Berg<\/strong>, dronepilot og ven af Riceknife Danmark, som har hjulpet med at indgravere og filme knivene.<\/p>\n<h2>Du vil m\u00e5ske ogs\u00e5 gerne vide:<\/h2>\n","protected":false},"excerpt":{"rendered":"<h5><strong>Begr\u00e6nset samlerobjekt \u2013 kontakt os for k\u00f8b!<\/strong><\/h5>\n<p>&nbsp;<\/p>\n<h5><\/h5>\n<h5><strong>S\u00e6lges i MENY Hellerup(Rotunden)\u00a0\u00a0\u00a0\u00a0 <\/strong><strong>Limited Edition: 1 stk.<\/strong><\/h5>\n","protected":false},"featured_media":8695,"comment_status":"closed","ping_status":"open","template":"","meta":{"site-sidebar-layout":"default","site-content-layout":"","ast-site-content-layout":"default","site-content-style":"default","site-sidebar-style":"default","ast-global-header-display":"","ast-banner-title-visibility":"","ast-main-header-display":"","ast-hfb-above-header-display":"","ast-hfb-below-header-display":"","ast-hfb-mobile-header-display":"","site-post-title":"","ast-breadcrumbs-content":"","ast-featured-img":"","footer-sml-layout":"","ast-disable-related-posts":"","theme-transparent-header-meta":"","adv-header-id-meta":"","stick-header-meta":"","header-above-stick-meta":"","header-main-stick-meta":"","header-below-stick-meta":"","astra-migrate-meta-layouts":"default","ast-page-background-enabled":"default","ast-page-background-meta":{"desktop":{"background-color":"var(--ast-global-color-4)","background-image":"","background-repeat":"repeat","background-position":"center center","background-size":"auto","background-attachment":"scroll","background-type":"","background-media":"","overlay-type":"","overlay-color":"","overlay-opacity":"","overlay-gradient":""},"tablet":{"background-color":"","background-image":"","background-repeat":"repeat","background-position":"center center","background-size":"auto","background-attachment":"scroll","background-type":"","background-media":"","overlay-type":"","overlay-color":"","overlay-opacity":"","overlay-gradient":""},"mobile":{"background-color":"","background-image":"","background-repeat":"repeat","background-position":"center center","background-size":"auto","background-attachment":"scroll","background-type":"","background-media":"","overlay-type":"","overlay-color":"","overlay-opacity":"","overlay-gradient":""}},"ast-content-background-meta":{"desktop":{"background-color":"var(--ast-global-color-5)","background-image":"","background-repeat":"repeat","background-position":"center center","background-size":"auto","background-attachment":"scroll","background-type":"","background-media":"","overlay-type":"","overlay-color":"","overlay-opacity":"","overlay-gradient":""},"tablet":{"background-color":"var(--ast-global-color-5)","background-image":"","background-repeat":"repeat","background-position":"center center","background-size":"auto","background-attachment":"scroll","background-type":"","background-media":"","overlay-type":"","overlay-color":"","overlay-opacity":"","overlay-gradient":""},"mobile":{"background-color":"var(--ast-global-color-5)","background-image":"","background-repeat":"repeat","background-position":"center center","background-size":"auto","background-attachment":"scroll","background-type":"","background-media":"","overlay-type":"","overlay-color":"","overlay-opacity":"","overlay-gradient":""}}},"product_brand":[],"product_cat":[491],"product_tag":[507,508],"class_list":{"0":"post-8693","1":"product","2":"type-product","3":"status-publish","4":"has-post-thumbnail","6":"product_cat-kokkeknive","7":"product_tag-brodknive","8":"product_tag-damaskus-knive","9":"desktop-align-left","10":"tablet-align-left","11":"mobile-align-left","13":"first","14":"instock","15":"shipping-taxable","16":"product-type-external"},"_links":{"self":[{"href":"https:\/\/www.riceknife.com\/zh-hans\/wp-json\/wp\/v2\/product\/8693","targetHints":{"allow":["GET"]}}],"collection":[{"href":"https:\/\/www.riceknife.com\/zh-hans\/wp-json\/wp\/v2\/product"}],"about":[{"href":"https:\/\/www.riceknife.com\/zh-hans\/wp-json\/wp\/v2\/types\/product"}],"replies":[{"embeddable":true,"href":"https:\/\/www.riceknife.com\/zh-hans\/wp-json\/wp\/v2\/comments?post=8693"}],"version-history":[{"count":0,"href":"https:\/\/www.riceknife.com\/zh-hans\/wp-json\/wp\/v2\/product\/8693\/revisions"}],"wp:featuredmedia":[{"embeddable":true,"href":"https:\/\/www.riceknife.com\/zh-hans\/wp-json\/wp\/v2\/media\/8695"}],"wp:attachment":[{"href":"https:\/\/www.riceknife.com\/zh-hans\/wp-json\/wp\/v2\/media?parent=8693"}],"wp:term":[{"taxonomy":"product_brand","embeddable":true,"href":"https:\/\/www.riceknife.com\/zh-hans\/wp-json\/wp\/v2\/product_brand?post=8693"},{"taxonomy":"product_cat","embeddable":true,"href":"https:\/\/www.riceknife.com\/zh-hans\/wp-json\/wp\/v2\/product_cat?post=8693"},{"taxonomy":"product_tag","embeddable":true,"href":"https:\/\/www.riceknife.com\/zh-hans\/wp-json\/wp\/v2\/product_tag?post=8693"}],"curies":[{"name":"wp","href":"https:\/\/api.w.org\/{rel}","templated":true}]}}